{"id":85280,"date":"2022-06-28T21:37:36","date_gmt":"2022-06-29T02:37:36","guid":{"rendered":"https:\/\/defabrica.com.mx\/defabrica\/?post_type=product&#038;p=85280"},"modified":"2023-01-17T12:33:17","modified_gmt":"2023-01-17T18:33:17","slug":"belkin-miniauriculares-supraaurales-inalambricos-sound-form-para-ninos-rosa","status":"publish","type":"product","link":"https:\/\/defabrica.com.mx\/defabrica\/producto\/belkin-miniauriculares-supraaurales-inalambricos-sound-form-para-ninos-rosa\/","title":{"rendered":"Belkin &#8211; Miniauriculares supraaurales inal\u00e1mbricos Sound Form para ni\u00f1os &#8211; Rosa"},"content":{"rendered":"<div class=\"embedded-component-container lv product-description\">\n<div>\n<div id=\"shop-product-description-91273048\" class=\"_none\" data-version=\"1.3.45\">\n<div class=\"shop-product-description\">\n<section class=\"align-heading-left\" data-reactroot=\"\">\n<div class=\"long-description-container body-copy \">\n<div class=\"html-fragment\">Mantenga los o\u00eddos de sus hijos c\u00f3modos y protegidos con aud\u00edfonos supraaurales inal\u00e1mbricos premium dise\u00f1ados solo para ellos.\u00a0Ya sea que est\u00e9n haciendo tareas escolares en l\u00ednea o viendo videos en el asiento trasero, el emparejamiento f\u00e1cil y los controles intuitivos son perfectos incluso para ni\u00f1os peque\u00f1os, mientras que un l\u00edmite de volumen de 85dB* los mantiene seguros durante sesiones de escucha m\u00e1s largas.\u00a0Una duraci\u00f3n de la bater\u00eda de hasta 30 horas significa que los ni\u00f1os pueden pasar m\u00e1s tiempo sin interrupciones con sus sonidos favoritos, y las pruebas de durabilidad de hasta 2 a\u00f1os los mantienen a salvo de derrames y accidentes.\u00a0Dise\u00f1ado para funcionar con dispositivos y aplicaciones populares de aprendizaje a distancia, e incluye una conexi\u00f3n por cable opcional.<\/div>\n<\/div>\n<\/section>\n<\/div>\n<\/div>\n<\/div>\n<\/div>\n<div class=\"embedded-component-container lv product-features\">\n<h3><\/h3>\n<h3 class=\"heading-5 v-fw-regular feature-heading\"><strong>Caracter\u00edsticas<\/strong><\/h3>\n<ul>\n<li><strong>30 horas de duraci\u00f3n de la bater\u00eda<\/strong><br \/>\nLa bater\u00eda de larga duraci\u00f3n mantiene los auriculares cargados durante 28 a 30 horas mientras escuchas.<\/li>\n<li><strong>Replicar<\/strong><br \/>\nUn micr\u00f3fono integrado permite a los ni\u00f1os hablar con profesores y amigos en su dispositivo.<\/li>\n<li><strong>Volumen de escucha seguro<\/strong><br \/>\nUn l\u00edmite de volumen de 85* decibelios protege los o\u00eddos de los ni\u00f1os mientras escuchan, aprenden y juegan.<\/li>\n<li><strong>Una conexi\u00f3n confiable<\/strong><br \/>\nBluetooth 5.0 con un alcance de 10 m\/30 pies mantiene a los ni\u00f1os conectados a sus dispositivos incluso si se mueven mientras escuchan.<\/li>\n<li><strong>Aprendizaje a distancia aprobado<\/strong><br \/>\nProbado para su uso con dispositivos de aprendizaje populares como iPads y tabletas Amazon Fire, y con programas como Zoom, Schoology y Seesaw.<\/li>\n<li><strong>Tama\u00f1o infantil para mayor comodidad.<\/strong><br \/>\nDise\u00f1ado con una diadema suave y ajustable y copas acolchadas m\u00e1s peque\u00f1as para un mejor ajuste que los auriculares normales.<\/li>\n<li><strong>Materiales de prueba \u00abUps\u00bb<\/strong><br \/>\nDurabilidad probada para resistir derrames, accidentes y cualquier otra cosa que sus hijos les arrojen hasta por 2 a\u00f1os.<\/li>\n<li><strong>Controles sencillos e intuitivos<\/strong><br \/>\nLos ni\u00f1os no necesitar\u00e1n ayuda para configurar o usar sus auriculares gracias a los sencillos controles t\u00e1ctiles para reproducci\u00f3n\/pausa, control de volumen y emparejamiento Bluetooth.<\/li>\n<li><strong>Opci\u00f3n de cablear<\/strong><br \/>\nUn puerto auxiliar de 3,5 mm de 4 pies y el cable incluido le brindan la opci\u00f3n de conectarse directamente a los dispositivos si lo prefiere.<\/li>\n<\/ul>\n<\/div>\n","protected":false},"excerpt":{"rendered":"<p>Mantenga los o\u00eddos de sus hijos c\u00f3modos y protegidos con aud\u00edfonos supraaurales inal\u00e1mbricos premium dise\u00f1ados solo para ellos.\u00a0Ya sea que est\u00e9n haciendo tareas escolares en l\u00ednea o viendo videos en<\/p>\n","protected":false},"featured_media":85282,"comment_status":"open","ping_status":"closed","template":"","meta":{"_acf_changed":false,"_joinchat":[]},"product_brand":[],"product_cat":[294,300,304],"product_tag":[],"class_list":{"0":"post-85280","1":"product","2":"type-product","3":"status-publish","4":"has-post-thumbnail","6":"product_cat-audio","7":"product_cat-audifonos","8":"product_cat-inalambricos","10":"first","11":"instock","12":"sale","13":"shipping-taxable","14":"purchasable","15":"product-type-simple"},"acf":[],"_links":{"self":[{"href":"https:\/\/defabrica.com.mx\/defabrica\/wp-json\/wp\/v2\/product\/85280","targetHints":{"allow":["GET"]}}],"collection":[{"href":"https:\/\/defabrica.com.mx\/defabrica\/wp-json\/wp\/v2\/product"}],"about":[{"href":"https:\/\/defabrica.com.mx\/defabrica\/wp-json\/wp\/v2\/types\/product"}],"replies":[{"embeddable":true,"href":"https:\/\/defabrica.com.mx\/defabrica\/wp-json\/wp\/v2\/comments?post=85280"}],"wp:featuredmedia":[{"embeddable":true,"href":"https:\/\/defabrica.com.mx\/defabrica\/wp-json\/wp\/v2\/media\/85282"}],"wp:attachment":[{"href":"https:\/\/defabrica.com.mx\/defabrica\/wp-json\/wp\/v2\/media?parent=85280"}],"wp:term":[{"taxonomy":"product_brand","embeddable":true,"href":"https:\/\/defabrica.com.mx\/defabrica\/wp-json\/wp\/v2\/product_brand?post=85280"},{"taxonomy":"product_cat","embeddable":true,"href":"https:\/\/defabrica.com.mx\/defabrica\/wp-json\/wp\/v2\/product_cat?post=85280"},{"taxonomy":"product_tag","embeddable":true,"href":"https:\/\/defabrica.com.mx\/defabrica\/wp-json\/wp\/v2\/product_tag?post=85280"}],"curies":[{"name":"wp","href":"https:\/\/api.w.org\/{rel}","templated":true}]}}