{"id":85266,"date":"2022-06-28T21:30:16","date_gmt":"2022-06-29T02:30:16","guid":{"rendered":"https:\/\/defabrica.com.mx\/defabrica\/?post_type=product&#038;p=85266"},"modified":"2023-01-17T12:32:35","modified_gmt":"2023-01-17T18:32:35","slug":"belkin-auriculares-inalambricos-soundform-mover-mas-verdadero-negro","status":"publish","type":"product","link":"https:\/\/defabrica.com.mx\/defabrica\/producto\/belkin-auriculares-inalambricos-soundform-mover-mas-verdadero-negro\/","title":{"rendered":"\u00abBelkin &#8211; Auriculares inal\u00e1mbricos SOUNDFORM Mover M\u00e1s Verdadero  &#8211; Negro\u00bb"},"content":{"rendered":"<div class=\"embedded-component-container lv product-description\">\n<div>\n<div id=\"shop-product-description-19497723\" class=\"_none\" data-version=\"1.3.45\">\n<div class=\"shop-product-description\">\n<section class=\"align-heading-left\" data-reactroot=\"\">\n<div class=\"long-description-container body-copy \">\n<div class=\"html-fragment\">Disfrute de un sonido de alta calidad para su m\u00fasica, podcasts y llamadas telef\u00f3nicas con los auriculares inal\u00e1mbricos SOUNDFORM Move, dise\u00f1ados para la vida en movimiento.\u00a0Un sello completo y 3 tama\u00f1os de almohadillas de silicona mantienen los auriculares seguros en sus o\u00eddos mientras brindan un sonido de calidad, y los controles t\u00e1ctiles simples, adem\u00e1s de un micr\u00f3fono en cada auricular, agilizan las llamadas telef\u00f3nicas y escuchan sobre la marcha.\u00a0Con hasta 5 horas de tiempo de reproducci\u00f3n por carga, m\u00e1s otras 19 horas en el estuche, estos auriculares con clasificaci\u00f3n IPX5 son sus nuevos auriculares.<\/div>\n<\/div>\n<\/section>\n<\/div>\n<\/div>\n<\/div>\n<\/div>\n<div class=\"embedded-component-container lv product-features\">\n<h3><\/h3>\n<h3 class=\"heading-5 v-fw-regular feature-heading\"><strong>Caracter\u00edsticas<\/strong><\/h3>\n<ul>\n<li><strong>Rendimiento de sonido de calidad<\/strong><br \/>\nUn sello completo y un ajuste personalizado en el o\u00eddo brindan un sonido de calidad y una diferencia que escuchar\u00e1 y sentir\u00e1.<\/li>\n<li><strong>Emparejamiento Bluetooth confiable y sin inconvenientes<\/strong><br \/>\nEmpareje f\u00e1cilmente con dispositivos iOS y Android con Bluetooth 5.0 y disfrute de un alcance de hasta 10 m\/30 pies.<\/li>\n<li><strong>Tomar llamadas con cualquiera de los auriculares<\/strong><br \/>\nAmbos auriculares incluyen un micr\u00f3fono incorporado para hacer y recibir llamadas telef\u00f3nicas mientras dejas el otro o\u00eddo libre.<\/li>\n<li><strong>Estuche de carga port\u00e1til<\/strong><br \/>\nEl estuche de carga incluido cabe f\u00e1cilmente en un bolsillo o cartera, e incluye un indicador de luz LED para medir la duraci\u00f3n restante de la bater\u00eda.<\/li>\n<li><strong>Recarga sobre la marcha<\/strong><br \/>\nCon hasta 5 horas de tiempo de reproducci\u00f3n por carga, m\u00e1s otras 19 horas en el estuche, nunca te quedar\u00e1s sin energ\u00eda durante todo el d\u00eda para tus amigos.<\/li>\n<\/ul>\n<\/div>\n","protected":false},"excerpt":{"rendered":"<p>Disfrute de un sonido de alta calidad para su m\u00fasica, podcasts y llamadas telef\u00f3nicas con los auriculares inal\u00e1mbricos SOUNDFORM Move, dise\u00f1ados para la vida en movimiento.\u00a0Un sello completo y 3<\/p>\n","protected":false},"featured_media":85268,"comment_status":"open","ping_status":"closed","template":"","meta":{"_acf_changed":false,"_joinchat":[]},"product_brand":[],"product_cat":[1517,294,300,304],"product_tag":[],"class_list":{"0":"post-85266","1":"product","2":"type-product","3":"status-publish","4":"has-post-thumbnail","6":"product_cat-ofertas-audio","7":"product_cat-audio","8":"product_cat-audifonos","9":"product_cat-inalambricos","11":"first","12":"instock","13":"sale","14":"shipping-taxable","15":"purchasable","16":"product-type-simple"},"acf":[],"_links":{"self":[{"href":"https:\/\/defabrica.com.mx\/defabrica\/wp-json\/wp\/v2\/product\/85266","targetHints":{"allow":["GET"]}}],"collection":[{"href":"https:\/\/defabrica.com.mx\/defabrica\/wp-json\/wp\/v2\/product"}],"about":[{"href":"https:\/\/defabrica.com.mx\/defabrica\/wp-json\/wp\/v2\/types\/product"}],"replies":[{"embeddable":true,"href":"https:\/\/defabrica.com.mx\/defabrica\/wp-json\/wp\/v2\/comments?post=85266"}],"wp:featuredmedia":[{"embeddable":true,"href":"https:\/\/defabrica.com.mx\/defabrica\/wp-json\/wp\/v2\/media\/85268"}],"wp:attachment":[{"href":"https:\/\/defabrica.com.mx\/defabrica\/wp-json\/wp\/v2\/media?parent=85266"}],"wp:term":[{"taxonomy":"product_brand","embeddable":true,"href":"https:\/\/defabrica.com.mx\/defabrica\/wp-json\/wp\/v2\/product_brand?post=85266"},{"taxonomy":"product_cat","embeddable":true,"href":"https:\/\/defabrica.com.mx\/defabrica\/wp-json\/wp\/v2\/product_cat?post=85266"},{"taxonomy":"product_tag","embeddable":true,"href":"https:\/\/defabrica.com.mx\/defabrica\/wp-json\/wp\/v2\/product_tag?post=85266"}],"curies":[{"name":"wp","href":"https:\/\/api.w.org\/{rel}","templated":true}]}}