{"id":85246,"date":"2022-06-28T21:20:00","date_gmt":"2022-06-29T02:20:00","guid":{"rendered":"https:\/\/defabrica.com.mx\/defabrica\/?post_type=product&#038;p=85246"},"modified":"2023-01-17T12:31:32","modified_gmt":"2023-01-17T18:31:32","slug":"bose-headphones-700-auriculares-inalambricos-con-cancelacion-de-ruido-sobre-la-oreja-triple-negro","status":"publish","type":"product","link":"https:\/\/defabrica.com.mx\/defabrica\/producto\/bose-headphones-700-auriculares-inalambricos-con-cancelacion-de-ruido-sobre-la-oreja-triple-negro\/","title":{"rendered":"Bose &#8211; Headphones 700 Auriculares inal\u00e1mbricos con cancelaci\u00f3n de ruido sobre la oreja &#8211; Triple negro"},"content":{"rendered":"<div class=\"embedded-component-container lv product-description\">\n<div>\n<div id=\"shop-product-description-81611301\" class=\"_none\" data-version=\"1.3.45\">\n<div class=\"shop-product-description\">\n<section class=\"align-heading-left\" data-reactroot=\"\">\n<div class=\"long-description-container body-copy \">\n<div class=\"html-fragment\">\n<p>Los auriculares con cancelaci\u00f3n de ruido Bose 700 ofrecen todo lo que esperas de los auriculares Bluetooth, y algunas cosas que nunca imaginaste que fueran posibles. No sorprende que PC Magazine los haya llamado \u00abLa mejor cancelaci\u00f3n activa de ruido que puede comprar\u00bb. Once niveles de cancelaci\u00f3n de ruido cuentan con una variedad de opciones para elegir. Puedes eliminar por completo las distracciones o minimizar la cancelaci\u00f3n de ruido para escuchar todo lo que te rodea. O elige entre otros nueve niveles intermedios. La tecnolog\u00eda de cancelaci\u00f3n activa de ruido en los auriculares Bose Headphones 700 monitorea los sonidos a tu alrededor y cancela instant\u00e1neamente el ruido no deseado para que tu m\u00fasica brille. Al mismo tiempo, el espacio ac\u00fastico dentro de los auriculares se maximiza para darle profundidad y detalle a tu m\u00fasica. Con estos aud\u00edfonos con cancelaci\u00f3n de ruido, no solo tu m\u00fasica es clara, tambi\u00e9n lo son tus llamadas. El inigualable sistema de micr\u00f3fonos utiliza una serie de micr\u00f3fonos para adaptarse en tiempo real a entornos ruidosos y ventosos para que las voces suenen n\u00edtidas en las llamadas. Los comandos de voz tambi\u00e9n se capturan con una precisi\u00f3n sin precedentes. El nuevo y sorprendente dise\u00f1o de los Bose Headphones 700 cuenta con una diadema aerodin\u00e1mica de acero inoxidable y un ajuste c\u00f3modo y liviano que es perfecto para escuchar durante todo el d\u00eda. Con estos auriculares inal\u00e1mbricos obtienes hasta 20 horas de duraci\u00f3n de la bater\u00eda e informaci\u00f3n de energ\u00eda basada en el tiempo por carga. Bose Headphones 700. Los auriculares inal\u00e1mbricos de los que todo el mundo habla.<\/p>\n<h3><\/h3>\n<h3 class=\"heading-5 v-fw-regular feature-heading\">Caracter\u00edsticas<\/h3>\n<\/div>\n<\/div>\n<\/section>\n<\/div>\n<\/div>\n<\/div>\n<\/div>\n<div class=\"embedded-component-container lv product-features\">\n<div class=\"feature-body-container\">\n<div class=\"features-list-container\">\n<div class=\"features-list all-features\">\n<div class=\"list-row\">\n<ul>\n<li><strong>Oficina en casa instant\u00e1nea<\/strong><br \/>\nEstos auriculares Bluetooth inal\u00e1mbricos convierten cualquier espacio en un lugar de trabajo, con una potente cancelaci\u00f3n de ruido, un sonido asombroso y una captaci\u00f3n de voz inigualable.<\/li>\n<li><strong>Tu propio concierto privado<\/strong><br \/>\nLos micr\u00f3fonos dentro y fuera de los auriculares monitorean los sonidos y los cancelan. Mientras que la estructura de auriculares ac\u00fasticos TriPort patentada maximiza el espacio ac\u00fastico, brindando a su m\u00fasica profundidad y detalle.<\/li>\n<li><strong>Controla lo que escuchas y lo que no<\/strong><br \/>\nElige entre 11 niveles de cancelaci\u00f3n de ruido en estos auriculares Bluetooth. La cancelaci\u00f3n total de ruido elimina las distracciones, la transparencia total te permite ser consciente de tu entorno. Adem\u00e1s, un clic activa el modo de conversaci\u00f3n y pausa tu m\u00fasica.<\/li>\n<li><strong>Saluda a llamadas m\u00e1s claras<\/strong><br \/>\nLos Bose Headphones 700 cuentan con un sistema de micr\u00f3fono como ning\u00fan otro. Seis micr\u00f3fonos funcionan para cancelar el ruido para que pueda escuchar mejor a la persona que llama, mientras que cuatro micr\u00f3fonos se combinan para mejorar la claridad de su voz para que la persona que llama pueda escucharlo mejor.<\/li>\n<li><strong>Comodidad lujosa con un dise\u00f1o sofisticado.<\/strong><br \/>\nLos auriculares tienen un \u00e1ngulo de 15 grados para imitar la cabeza y las orejas. Las almohadillas para los o\u00eddos est\u00e1n hechas de cuero de prote\u00edna suave. Y una diadema liviana de acero inoxidable envuelta con espuma suave cubierta de silicona proporciona un ajuste perfecto y c\u00f3modo para escuchar todo el d\u00eda.<\/li>\n<li><strong>Escuche durante horas<\/strong><br \/>\nObtenga hasta 20 horas de duraci\u00f3n de la bater\u00eda inal\u00e1mbrica e informaci\u00f3n de energ\u00eda basada en el tiempo. \u00bfNecesita energ\u00eda ahora? Una carga r\u00e1pida de 15 minutos le dar\u00e1 a sus auriculares inal\u00e1mbricos hasta 3,5 horas de duraci\u00f3n de la bater\u00eda<\/li>\n<li><strong>Control de voz incorporado<\/strong><br \/>\n\u00bfQuiere un pron\u00f3stico del tiempo, un poco de informaci\u00f3n o necesita agregar a una lista de compras? Simplemente diga la palabra de activaci\u00f3n de Amazon Alexa o presione un bot\u00f3n para acceder al Asistente de Google y pregunte. O acceda al asistente de voz predeterminado de su tel\u00e9fono, como Siri.<\/li>\n<li><strong>Habla, desliza, toca. tu estas al mando<\/strong><br \/>\nLos sensores t\u00e1ctiles capacitivos le permiten simplemente deslizar hacia arriba y hacia abajo para controlar el volumen, o de adelante hacia atr\u00e1s para saltar las pistas que est\u00e1 escuchando. Los botones de perfil bajo controlan los ajustes preestablecidos de cancelaci\u00f3n de ruido y potencia. El control de voz incorporado accede a su m\u00fasica y mensajes.<\/li>\n<li><strong>Explora m\u00fasica sin tocar tu tel\u00e9fono.<\/strong><br \/>\nLa reproducci\u00f3n de Spotify Tap hace que sea r\u00e1pido y f\u00e1cil acceder a Spotify. Simplemente toque y mantenga presionado el auricular derecho para volver a su \u00faltima sesi\u00f3n de escucha. Luego, t\u00f3quelo y mant\u00e9ngalo presionado nuevamente para obtener una nueva lista de reproducci\u00f3n basada en su historial de escucha.<\/li>\n<li><strong>Tranquilo para ellos. Alto y claro para ti<\/strong><br \/>\nCon la tecnolog\u00eda Bose SimpleSync, puede emparejar sus auriculares inal\u00e1mbricos con una barra de sonido Bose Soundbar 500 o 700, lo que le permite controlar el volumen de la barra de sonido para disfrutar de una experiencia auditiva de TV personal.<\/li>\n<li><strong>M\u00e1s control desde la aplicaci\u00f3n Bose Music<\/strong><br \/>\nLa aplicaci\u00f3n Bose Music garantiza que sus productos inteligentes Bose funcionen juntos para una experiencia m\u00e1s personal. Puede acceder al ecualizador seleccionable, administrar sus conexiones Bluetooth, verificar la duraci\u00f3n de la bater\u00eda y m\u00e1s.<\/li>\n<li><strong>A\u00f1os de disfrute<\/strong><br \/>\nLos auriculares con cancelaci\u00f3n de ruido Bose 700 est\u00e1n cuidadosamente dise\u00f1ados para ser compatibles con futuras innovaciones a trav\u00e9s de actualizaciones de software.<\/li>\n<\/ul>\n<\/div>\n<\/div>\n<\/div>\n<\/div>\n<\/div>\n","protected":false},"excerpt":{"rendered":"<p>Los auriculares con cancelaci\u00f3n de ruido Bose 700 ofrecen todo lo que esperas de los auriculares Bluetooth, y algunas cosas que nunca imaginaste que fueran posibles. No sorprende que PC<\/p>\n","protected":false},"featured_media":85248,"comment_status":"open","ping_status":"closed","template":"","meta":{"_acf_changed":false,"_joinchat":[]},"product_brand":[],"product_cat":[294,300,304],"product_tag":[],"class_list":{"0":"post-85246","1":"product","2":"type-product","3":"status-publish","4":"has-post-thumbnail","6":"product_cat-audio","7":"product_cat-audifonos","8":"product_cat-inalambricos","10":"first","11":"instock","12":"sale","13":"shipping-taxable","14":"purchasable","15":"product-type-simple"},"acf":[],"_links":{"self":[{"href":"https:\/\/defabrica.com.mx\/defabrica\/wp-json\/wp\/v2\/product\/85246","targetHints":{"allow":["GET"]}}],"collection":[{"href":"https:\/\/defabrica.com.mx\/defabrica\/wp-json\/wp\/v2\/product"}],"about":[{"href":"https:\/\/defabrica.com.mx\/defabrica\/wp-json\/wp\/v2\/types\/product"}],"replies":[{"embeddable":true,"href":"https:\/\/defabrica.com.mx\/defabrica\/wp-json\/wp\/v2\/comments?post=85246"}],"wp:featuredmedia":[{"embeddable":true,"href":"https:\/\/defabrica.com.mx\/defabrica\/wp-json\/wp\/v2\/media\/85248"}],"wp:attachment":[{"href":"https:\/\/defabrica.com.mx\/defabrica\/wp-json\/wp\/v2\/media?parent=85246"}],"wp:term":[{"taxonomy":"product_brand","embeddable":true,"href":"https:\/\/defabrica.com.mx\/defabrica\/wp-json\/wp\/v2\/product_brand?post=85246"},{"taxonomy":"product_cat","embeddable":true,"href":"https:\/\/defabrica.com.mx\/defabrica\/wp-json\/wp\/v2\/product_cat?post=85246"},{"taxonomy":"product_tag","embeddable":true,"href":"https:\/\/defabrica.com.mx\/defabrica\/wp-json\/wp\/v2\/product_tag?post=85246"}],"curies":[{"name":"wp","href":"https:\/\/api.w.org\/{rel}","templated":true}]}}