{"id":85213,"date":"2022-06-28T19:34:14","date_gmt":"2022-06-29T00:34:14","guid":{"rendered":"https:\/\/defabrica.com.mx\/defabrica\/?post_type=product&#038;p=85213"},"modified":"2022-12-12T11:32:07","modified_gmt":"2022-12-12T17:32:07","slug":"bowers-wilkins-audifonos-internos-pi7-true-wireless-con-cancelacion-de-ruido-carbon","status":"publish","type":"product","link":"https:\/\/defabrica.com.mx\/defabrica\/producto\/bowers-wilkins-audifonos-internos-pi7-true-wireless-con-cancelacion-de-ruido-carbon\/","title":{"rendered":"Bowers &#038; Wilkins &#8211; Aud\u00edfonos internos PI7 True Wireless con cancelaci\u00f3n de ruido &#8211; Carb\u00f3n"},"content":{"rendered":"<div class=\"embedded-component-container lv product-description\">\n<div>\n<div id=\"shop-product-description-42533750\" class=\"_none\" data-version=\"1.3.45\">\n<div class=\"shop-product-description\">\n<section class=\"align-heading-left\" data-reactroot=\"\">\n<div class=\"long-description-container body-copy \">\n<div class=\"html-fragment\">Los auriculares intrauditivos PI7 True Wireless son como un par de altavoces de estanter\u00eda adaptados para escuchar de forma inal\u00e1mbrica.\u00a0Un controlador de graves medios bi-amplificado de 9 mm y un controlador de alta frecuencia Balance Armature brindan claridad, potencia y separaci\u00f3n para que pueda escuchar su m\u00fasica favorita en todo su esplendor.\u00a0Verdadero rendimiento de audio de alta resoluci\u00f3n con una conexi\u00f3n de 24 bits entre los auriculares derecho e izquierdo para una calidad de sonido superior.\u00a0Con Qualcomm aptX Adaptive, PI7 se ajusta din\u00e1micamente y optimiza la confiabilidad de la conexi\u00f3n para una excelente experiencia auditiva de Bowers &amp; Wilkins.<\/div>\n<\/div>\n<\/section>\n<\/div>\n<\/div>\n<\/div>\n<\/div>\n<div class=\"embedded-component-container lv product-features\">\n<h3><\/h3>\n<h3 class=\"heading-5 v-fw-regular feature-heading\"><strong>Caracter\u00edsticas<\/strong><\/h3>\n<ul>\n<li><strong>Controladores biamplificados<\/strong><br \/>\nNuestra tecnolog\u00eda de controlador dual tiene una armadura de equilibrio dise\u00f1ada a medida que ofrece agudos expresivos y voces claras, mientras que un segundo controlador din\u00e1mico de 9,2 mm ofrece graves potentes y claros. Cada controlador tiene amplificaci\u00f3n dedicada para optimizar el rendimiento.<\/li>\n<li><strong>Cancelaci\u00f3n de ruido adaptable<\/strong><br \/>\nAdvanced Adaptive Hybrid ANC est\u00e1 alimentado por un procesador de se\u00f1al digital dedicado que nuestros ingenieros ajustan mediante un algoritmo patentado. Se adaptan a su entorno para empujar el ruido a un segundo plano.<\/li>\n<li><strong>Sonido con cable, de forma inal\u00e1mbrica.<\/strong><br \/>\nPI7 utiliza tecnolog\u00eda dedicada para administrar la sincronizaci\u00f3n de los canales izquierdo y derecho para que pueda experimentar los tipos de escenarios de sonido incre\u00edbles y el enfoque preciso disponibles en dise\u00f1os con cable, de forma inal\u00e1mbrica.<\/li>\n<li><strong>Borrar llamada<\/strong><br \/>\nLa tecnolog\u00eda Clear Voice Communication v2 le brinda llamadas claras y calidad de voz. Los micr\u00f3fonos captan su voz mientras que el software inteligente ignora los ruidos a su alrededor.<\/li>\n<li><strong>Bluetooth 5.0 con AptX adaptable<\/strong><br \/>\nDise\u00f1ado para transmitir medios de forma inal\u00e1mbrica desde dispositivos de audio Bluetooth, como tel\u00e9fonos inteligentes, tabletas o computadoras personales.<\/li>\n<li><strong>Carga inalambrica<\/strong><br \/>\nUse su almohadilla de carga inal\u00e1mbrica favorita para recargar el estuche.<\/li>\n<li><strong>Conexi\u00f3n multipunto<\/strong><br \/>\nSe conecta a dos dispositivos BT simult\u00e1neamente para que pueda escuchar m\u00fasica desde su computadora port\u00e1til y responder una llamada desde su tel\u00e9fono.<\/li>\n<li><strong>Caso de retransmisi\u00f3n<\/strong><br \/>\n\u00bfAlguna vez estuvo en un vuelo y quiso usar sus auriculares inal\u00e1mbricos para escuchar el sistema de entretenimiento a bordo? El estuche de PI7 se puede conectar con un cable de 3,5 mm a ese sistema y retransmitir\u00e1 el audio directamente a PI7.<\/li>\n<li><strong>Clasificaci\u00f3n IP54.<\/strong><br \/>\nOfrece protecci\u00f3n contra el polvo y resistencia a la lluvia.<\/li>\n<li><strong>Asistente de voz<\/strong><br \/>\nActiva el asistente de voz de Google, Siri o Alexa desde tu dispositivo de forma r\u00e1pida y sencilla con solo pulsar un bot\u00f3n<\/li>\n<li><strong>Carga r\u00e1pida<\/strong><br \/>\n15 minutos de carga para 2 horas de duraci\u00f3n de la bater\u00eda.<\/li>\n<\/ul>\n<\/div>\n","protected":false},"excerpt":{"rendered":"<p>Los auriculares intrauditivos PI7 True Wireless son como un par de altavoces de estanter\u00eda adaptados para escuchar de forma inal\u00e1mbrica.\u00a0Un controlador de graves medios bi-amplificado de 9 mm y un<\/p>\n","protected":false},"featured_media":85215,"comment_status":"open","ping_status":"closed","template":"","meta":{"_acf_changed":false,"_joinchat":[]},"product_brand":[],"product_cat":[294,300,304],"product_tag":[],"class_list":{"0":"post-85213","1":"product","2":"type-product","3":"status-publish","4":"has-post-thumbnail","6":"product_cat-audio","7":"product_cat-audifonos","8":"product_cat-inalambricos","10":"first","11":"instock","12":"sale","13":"shipping-taxable","14":"purchasable","15":"product-type-simple"},"acf":[],"_links":{"self":[{"href":"https:\/\/defabrica.com.mx\/defabrica\/wp-json\/wp\/v2\/product\/85213","targetHints":{"allow":["GET"]}}],"collection":[{"href":"https:\/\/defabrica.com.mx\/defabrica\/wp-json\/wp\/v2\/product"}],"about":[{"href":"https:\/\/defabrica.com.mx\/defabrica\/wp-json\/wp\/v2\/types\/product"}],"replies":[{"embeddable":true,"href":"https:\/\/defabrica.com.mx\/defabrica\/wp-json\/wp\/v2\/comments?post=85213"}],"wp:featuredmedia":[{"embeddable":true,"href":"https:\/\/defabrica.com.mx\/defabrica\/wp-json\/wp\/v2\/media\/85215"}],"wp:attachment":[{"href":"https:\/\/defabrica.com.mx\/defabrica\/wp-json\/wp\/v2\/media?parent=85213"}],"wp:term":[{"taxonomy":"product_brand","embeddable":true,"href":"https:\/\/defabrica.com.mx\/defabrica\/wp-json\/wp\/v2\/product_brand?post=85213"},{"taxonomy":"product_cat","embeddable":true,"href":"https:\/\/defabrica.com.mx\/defabrica\/wp-json\/wp\/v2\/product_cat?post=85213"},{"taxonomy":"product_tag","embeddable":true,"href":"https:\/\/defabrica.com.mx\/defabrica\/wp-json\/wp\/v2\/product_tag?post=85213"}],"curies":[{"name":"wp","href":"https:\/\/api.w.org\/{rel}","templated":true}]}}