{"id":85208,"date":"2022-06-28T19:30:50","date_gmt":"2022-06-29T00:30:50","guid":{"rendered":"https:\/\/defabrica.com.mx\/defabrica\/?post_type=product&#038;p=85208"},"modified":"2022-12-12T11:31:14","modified_gmt":"2022-12-12T17:31:14","slug":"bowers-wilkins-auriculares-inalambricos-con-cancelacion-de-ruido-px7-para-colocar-sobre-las-orejas-gris-espacial","status":"publish","type":"product","link":"https:\/\/defabrica.com.mx\/defabrica\/producto\/bowers-wilkins-auriculares-inalambricos-con-cancelacion-de-ruido-px7-para-colocar-sobre-las-orejas-gris-espacial\/","title":{"rendered":"Bowers &#038; Wilkins &#8211; Auriculares inal\u00e1mbricos con cancelaci\u00f3n de ruido PX7 para colocar sobre las orejas &#8211; Gris espacial"},"content":{"rendered":"<p>Dondequiera que vayas, experimenta la m\u00fasica en su nivel m\u00e1s alto.\u00a0No importa d\u00f3nde est\u00e9s, los controladores potentes y la cancelaci\u00f3n de ruido adaptable te colocan en el centro de la m\u00fasica.<\/p>\n<h3><\/h3>\n<h3 class=\"heading-5 v-fw-regular feature-heading\"><strong>Caracter\u00edsticas<\/strong><\/h3>\n<ul>\n<li><strong>Controladores personalizados de 43 mm<\/strong><br \/>\nUn gran sonido comienza con grandes controladores. Los controladores en el PX7 son los m\u00e1s grandes de nuestra colecci\u00f3n de auriculares, construidos y ajustados por los mismos ingenieros detr\u00e1s de la Serie 800 Diamond. Experimente un sonido claro, espacioso y potente.<\/li>\n<li><strong>Cancelaci\u00f3n de ruido adaptable<\/strong><br \/>\nEsta tecnolog\u00eda h\u00edbrida utiliza detecci\u00f3n de ruido de retroalimentaci\u00f3n y avance con software personalizado para filtrar autom\u00e1ticamente el ruido sin destruir la fidelidad. Un modo autom\u00e1tico se ajusta a las condiciones de ruido para brindar la cantidad correcta de cancelaci\u00f3n de ruido.<\/li>\n<li><strong>Bater\u00eda recargable para todo el d\u00eda<\/strong><br \/>\nDuraci\u00f3n de la bater\u00eda de 30 horas con ANC. Cuando necesite m\u00e1s energ\u00eda, una carga r\u00e1pida de 15 minutos proporciona cinco horas de reproducci\u00f3n de audio.<\/li>\n<li><strong>Borrar llamada<\/strong><br \/>\nLa tecnolog\u00eda Clear Voice Communication v2 le brinda llamadas claras y calidad de voz. Los micr\u00f3fonos captan su voz mientras que el software inteligente ignora los ruidos a su alrededor.<\/li>\n<li><strong>Bluetooth 5.0 con AptX adaptable<\/strong><br \/>\nPX7 est\u00e1 dise\u00f1ado para transmitir medios de forma inal\u00e1mbrica desde dispositivos de audio Bluetooth, como tel\u00e9fonos inteligentes, tabletas o computadoras personales.<\/li>\n<li><strong>sensor de desgaste<\/strong><br \/>\nPX7 obedece todos tus movimientos. Levanta un auricular para escuchar lo que sucede a tu alrededor y la m\u00fasica se detiene autom\u00e1ticamente. Vuelva a colocarlo y la m\u00fasica sigue sonando. Qu\u00edtelos para hacer un mandado y entrar\u00e1n en un modo de ahorro de energ\u00eda. Vuelve a pon\u00e9rtelos cuando regreses y reanudar\u00e1n la reproducci\u00f3n.<\/li>\n<li><strong>Conexi\u00f3n multipunto<\/strong><br \/>\nSe conecta a dos dispositivos BT simult\u00e1neamente para que pueda escuchar m\u00fasica desde su computadora port\u00e1til y responder una llamada desde su tel\u00e9fono.<\/li>\n<li><strong>Brazos compuestos de fibra de carbono tejida<\/strong><br \/>\nImita la fuerza y \u200b\u200bla agilidad de los veh\u00edculos m\u00e1s r\u00e1pidos del mundo, canalizando un sonido puro hacia usted y resistiendo el desgaste diario.<\/li>\n<li><strong>Conexi\u00f3n cableada auxiliar<\/strong><br \/>\nPX7 tambi\u00e9n puede conectarse a fuentes de audio utilizando los cables de audio o USB de 3,5 mm suministrados.<\/li>\n<\/ul>\n","protected":false},"excerpt":{"rendered":"<p>Dondequiera que vayas, experimenta la m\u00fasica en su nivel m\u00e1s alto.\u00a0No importa d\u00f3nde est\u00e9s, los controladores potentes y la cancelaci\u00f3n de ruido adaptable te colocan en el centro de la<\/p>\n","protected":false},"featured_media":85211,"comment_status":"open","ping_status":"closed","template":"","meta":{"_acf_changed":false,"_joinchat":[]},"product_brand":[],"product_cat":[294,300,304],"product_tag":[],"class_list":{"0":"post-85208","1":"product","2":"type-product","3":"status-publish","4":"has-post-thumbnail","6":"product_cat-audio","7":"product_cat-audifonos","8":"product_cat-inalambricos","10":"first","11":"instock","12":"sale","13":"shipping-taxable","14":"purchasable","15":"product-type-simple"},"acf":[],"_links":{"self":[{"href":"https:\/\/defabrica.com.mx\/defabrica\/wp-json\/wp\/v2\/product\/85208","targetHints":{"allow":["GET"]}}],"collection":[{"href":"https:\/\/defabrica.com.mx\/defabrica\/wp-json\/wp\/v2\/product"}],"about":[{"href":"https:\/\/defabrica.com.mx\/defabrica\/wp-json\/wp\/v2\/types\/product"}],"replies":[{"embeddable":true,"href":"https:\/\/defabrica.com.mx\/defabrica\/wp-json\/wp\/v2\/comments?post=85208"}],"wp:featuredmedia":[{"embeddable":true,"href":"https:\/\/defabrica.com.mx\/defabrica\/wp-json\/wp\/v2\/media\/85211"}],"wp:attachment":[{"href":"https:\/\/defabrica.com.mx\/defabrica\/wp-json\/wp\/v2\/media?parent=85208"}],"wp:term":[{"taxonomy":"product_brand","embeddable":true,"href":"https:\/\/defabrica.com.mx\/defabrica\/wp-json\/wp\/v2\/product_brand?post=85208"},{"taxonomy":"product_cat","embeddable":true,"href":"https:\/\/defabrica.com.mx\/defabrica\/wp-json\/wp\/v2\/product_cat?post=85208"},{"taxonomy":"product_tag","embeddable":true,"href":"https:\/\/defabrica.com.mx\/defabrica\/wp-json\/wp\/v2\/product_tag?post=85208"}],"curies":[{"name":"wp","href":"https:\/\/api.w.org\/{rel}","templated":true}]}}