{"id":85167,"date":"2022-06-28T19:05:24","date_gmt":"2022-06-29T00:05:24","guid":{"rendered":"https:\/\/defabrica.com.mx\/defabrica\/?post_type=product&#038;p=85167"},"modified":"2023-01-17T12:27:24","modified_gmt":"2023-01-17T18:27:24","slug":"ekids-auriculares-bluetooth-super-mario-rojo","status":"publish","type":"product","link":"https:\/\/defabrica.com.mx\/defabrica\/producto\/ekids-auriculares-bluetooth-super-mario-rojo\/","title":{"rendered":"eKids &#8211; Auriculares Bluetooth Super Mario &#8211; rojo"},"content":{"rendered":"<div class=\"embedded-component-container lv product-description\">\n<div>\n<div id=\"shop-product-description-71467883\" class=\"_none\" data-version=\"1.3.45\">\n<div class=\"shop-product-description\">\n<section class=\"align-heading-left\" data-reactroot=\"\">\n<div class=\"long-description-container body-copy \">\n<div class=\"html-fragment\">Mantenga a sus peque\u00f1os entretenidos con estos auriculares Bluetooth eKids Super Mario.\u00a0Los coloridos auriculares plegables est\u00e1n equipados con un micr\u00f3fono para chatear con amigos y la duraci\u00f3n de la bater\u00eda de 24 horas ofrece disfrute auditivo durante todo el d\u00eda.\u00a0La limitaci\u00f3n de volumen protege sus o\u00eddos mientras brinda un sonido completo.\u00a0El emparejamiento f\u00e1cil le permite usar estos auriculares Bluetooth eKids Super Mario con un tel\u00e9fono inteligente, una tableta o una computadora.<\/div>\n<\/div>\n<\/section>\n<\/div>\n<\/div>\n<\/div>\n<\/div>\n<div class=\"embedded-component-container lv product-features\">\n<h3><\/h3>\n<h3 class=\"heading-5 v-fw-regular feature-heading\"><strong>Caracter\u00edsticas<\/strong><\/h3>\n<ul>\n<li><strong>La bater\u00eda recargable incorporada permite hasta 24 horas de reproducci\u00f3n continua<\/strong><\/li>\n<li><strong>Micr\u00f3fono incorporado para hablar con amigos y familiares<\/strong><\/li>\n<li><strong>Bluetooth transmite audio de forma inal\u00e1mbrica desde un tel\u00e9fono inteligente, tableta o computadora<\/strong><\/li>\n<li><strong>Cable de audio desmontable extra de 3,5 mm si Bluetooth no est\u00e1 disponible<\/strong><\/li>\n<li><strong>Diadema ajustable y almohadillas acolchadas para los o\u00eddos que brindan un ajuste personalizado<\/strong><\/li>\n<\/ul>\n<\/div>\n","protected":false},"excerpt":{"rendered":"<p>Mantenga a sus peque\u00f1os entretenidos con estos auriculares Bluetooth eKids Super Mario.\u00a0Los coloridos auriculares plegables est\u00e1n equipados con un micr\u00f3fono para chatear con amigos y la duraci\u00f3n de la bater\u00eda<\/p>\n","protected":false},"featured_media":85170,"comment_status":"open","ping_status":"closed","template":"","meta":{"_acf_changed":false,"_joinchat":[]},"product_brand":[],"product_cat":[294,300,304],"product_tag":[],"class_list":{"0":"post-85167","1":"product","2":"type-product","3":"status-publish","4":"has-post-thumbnail","6":"product_cat-audio","7":"product_cat-audifonos","8":"product_cat-inalambricos","10":"first","11":"instock","12":"sale","13":"shipping-taxable","14":"purchasable","15":"product-type-simple"},"acf":[],"_links":{"self":[{"href":"https:\/\/defabrica.com.mx\/defabrica\/wp-json\/wp\/v2\/product\/85167","targetHints":{"allow":["GET"]}}],"collection":[{"href":"https:\/\/defabrica.com.mx\/defabrica\/wp-json\/wp\/v2\/product"}],"about":[{"href":"https:\/\/defabrica.com.mx\/defabrica\/wp-json\/wp\/v2\/types\/product"}],"replies":[{"embeddable":true,"href":"https:\/\/defabrica.com.mx\/defabrica\/wp-json\/wp\/v2\/comments?post=85167"}],"wp:featuredmedia":[{"embeddable":true,"href":"https:\/\/defabrica.com.mx\/defabrica\/wp-json\/wp\/v2\/media\/85170"}],"wp:attachment":[{"href":"https:\/\/defabrica.com.mx\/defabrica\/wp-json\/wp\/v2\/media?parent=85167"}],"wp:term":[{"taxonomy":"product_brand","embeddable":true,"href":"https:\/\/defabrica.com.mx\/defabrica\/wp-json\/wp\/v2\/product_brand?post=85167"},{"taxonomy":"product_cat","embeddable":true,"href":"https:\/\/defabrica.com.mx\/defabrica\/wp-json\/wp\/v2\/product_cat?post=85167"},{"taxonomy":"product_tag","embeddable":true,"href":"https:\/\/defabrica.com.mx\/defabrica\/wp-json\/wp\/v2\/product_tag?post=85167"}],"curies":[{"name":"wp","href":"https:\/\/api.w.org\/{rel}","templated":true}]}}