{"id":85162,"date":"2022-06-28T19:02:33","date_gmt":"2022-06-29T00:02:33","guid":{"rendered":"https:\/\/defabrica.com.mx\/defabrica\/?post_type=product&#038;p=85162"},"modified":"2023-01-17T12:27:04","modified_gmt":"2023-01-17T18:27:04","slug":"ekids-auriculares-bluetooth-jurassic-world-azul","status":"publish","type":"product","link":"https:\/\/defabrica.com.mx\/defabrica\/producto\/ekids-auriculares-bluetooth-jurassic-world-azul\/","title":{"rendered":"eKids &#8211; Auriculares Bluetooth Jurassic World &#8211; Azul"},"content":{"rendered":"<div class=\"embedded-component-container lv product-description\">\n<div>\n<div id=\"shop-product-description-99065346\" class=\"_none\" data-version=\"1.3.45\">\n<div class=\"shop-product-description\">\n<section class=\"align-heading-left\" data-reactroot=\"\">\n<div class=\"long-description-container body-copy \">\n<div class=\"html-fragment\">\u00a1Estos auriculares Bluetooth eKids Jurassic World suenan tan bien como se ven!\u00a0Disfrute de hasta 24 horas de reproducci\u00f3n continua cuando conecte estos auriculares inal\u00e1mbricos a cualquier dispositivo compatible, incluidos tel\u00e9fonos inteligentes, tabletas, computadoras port\u00e1tiles y computadoras.\u00a0\u00a1Con geniales gr\u00e1ficos de la pel\u00edcula Jurassic World, estos auriculares son un gran regalo para ni\u00f1os y ni\u00f1as por igual!<\/div>\n<\/div>\n<\/section>\n<\/div>\n<\/div>\n<\/div>\n<\/div>\n<div class=\"embedded-component-container lv product-features\">\n<h3><\/h3>\n<h3 class=\"heading-5 v-fw-regular feature-heading\"><strong>Caracter\u00edsticas<\/strong><\/h3>\n<ul>\n<li><strong>Tecnolog\u00eda Bluetooth<\/strong><br \/>\nTransmita audio de forma inal\u00e1mbrica desde un tel\u00e9fono inteligente, tableta o computadora<\/li>\n<li><strong>Control parental<\/strong><br \/>\nFunci\u00f3n de volumen limitado para proporcionar una experiencia auditiva segura y \u00f3ptima<\/li>\n<li><strong>Bater\u00eda recargable incorporada<\/strong><br \/>\nProporciona hasta 24 horas de reproducci\u00f3n continua<\/li>\n<li><strong>Comodidad y Calidad<\/strong><br \/>\nDiadema ajustable y almohadillas acolchadas para los o\u00eddos que brindan un ajuste personalizado<\/li>\n<li><strong>Dise\u00f1o plegable<\/strong><br \/>\nIdeal para viajes c\u00f3modos.<\/li>\n<li><strong>Edad recomendada<\/strong><br \/>\nRecomendado para mayores de 3 a\u00f1os.<\/li>\n<\/ul>\n<\/div>\n","protected":false},"excerpt":{"rendered":"<p>\u00a1Estos auriculares Bluetooth eKids Jurassic World suenan tan bien como se ven!\u00a0Disfrute de hasta 24 horas de reproducci\u00f3n continua cuando conecte estos auriculares inal\u00e1mbricos a cualquier dispositivo compatible, incluidos tel\u00e9fonos<\/p>\n","protected":false},"featured_media":85166,"comment_status":"open","ping_status":"closed","template":"","meta":{"_acf_changed":false,"_joinchat":[]},"product_brand":[],"product_cat":[294,300,304],"product_tag":[],"class_list":{"0":"post-85162","1":"product","2":"type-product","3":"status-publish","4":"has-post-thumbnail","6":"product_cat-audio","7":"product_cat-audifonos","8":"product_cat-inalambricos","10":"first","11":"instock","12":"sale","13":"shipping-taxable","14":"purchasable","15":"product-type-simple"},"acf":[],"_links":{"self":[{"href":"https:\/\/defabrica.com.mx\/defabrica\/wp-json\/wp\/v2\/product\/85162","targetHints":{"allow":["GET"]}}],"collection":[{"href":"https:\/\/defabrica.com.mx\/defabrica\/wp-json\/wp\/v2\/product"}],"about":[{"href":"https:\/\/defabrica.com.mx\/defabrica\/wp-json\/wp\/v2\/types\/product"}],"replies":[{"embeddable":true,"href":"https:\/\/defabrica.com.mx\/defabrica\/wp-json\/wp\/v2\/comments?post=85162"}],"wp:featuredmedia":[{"embeddable":true,"href":"https:\/\/defabrica.com.mx\/defabrica\/wp-json\/wp\/v2\/media\/85166"}],"wp:attachment":[{"href":"https:\/\/defabrica.com.mx\/defabrica\/wp-json\/wp\/v2\/media?parent=85162"}],"wp:term":[{"taxonomy":"product_brand","embeddable":true,"href":"https:\/\/defabrica.com.mx\/defabrica\/wp-json\/wp\/v2\/product_brand?post=85162"},{"taxonomy":"product_cat","embeddable":true,"href":"https:\/\/defabrica.com.mx\/defabrica\/wp-json\/wp\/v2\/product_cat?post=85162"},{"taxonomy":"product_tag","embeddable":true,"href":"https:\/\/defabrica.com.mx\/defabrica\/wp-json\/wp\/v2\/product_tag?post=85162"}],"curies":[{"name":"wp","href":"https:\/\/api.w.org\/{rel}","templated":true}]}}