{"id":85151,"date":"2022-06-28T18:55:06","date_gmt":"2022-06-28T23:55:06","guid":{"rendered":"https:\/\/defabrica.com.mx\/defabrica\/?post_type=product&#038;p=85151"},"modified":"2023-01-17T12:26:24","modified_gmt":"2023-01-17T18:26:24","slug":"ekids-jojo-siwa-auriculares-inalambricos-sobre-la-oreja-rosa","status":"publish","type":"product","link":"https:\/\/defabrica.com.mx\/defabrica\/producto\/ekids-jojo-siwa-auriculares-inalambricos-sobre-la-oreja-rosa\/","title":{"rendered":"eKids JoJo Siwa Auriculares inal\u00e1mbricos sobre la oreja &#8211; rosa"},"content":{"rendered":"<div class=\"embedded-component-container lv product-description\">\n<div>\n<div id=\"shop-product-description-83452848\" class=\"_none\" data-version=\"1.3.45\">\n<div class=\"shop-product-description\">\n<section class=\"align-heading-left\" data-reactroot=\"\">\n<div class=\"long-description-container body-copy \">\n<div class=\"html-fragment\">\u00a1Divi\u00e9rtete con los nuevos auriculares Bluetooth JoJo Siwa!\u00a0La bater\u00eda recargable incorporada permite hasta 25 horas de reproducci\u00f3n continua e incluye un micr\u00f3fono incorporado para hablar con amigos y familiares.\u00a0\u00a1Estos tambi\u00e9n vienen con un lazo extra\u00edble de JoJo Siwa!\u00a0Estos tambi\u00e9n vienen equipados con limitadores de volumen controlados por los padres para proteger los o\u00eddos peque\u00f1os.\u00a0Se incluye un cable de audio adicional desmontable de 3,5 mm para que pueda conectarse a cualquier dispositivo con un conector para auriculares.\u00a0La diadema ajustable y las almohadillas acolchadas para los o\u00eddos brindan la m\u00e1xima comodidad y un ajuste personalizado.\u00a0El dise\u00f1o plegable es ideal para viajes y almacenamiento convenientes.<\/div>\n<\/div>\n<\/section>\n<\/div>\n<\/div>\n<\/div>\n<\/div>\n<div class=\"embedded-component-container lv product-features\">\n<h3><\/h3>\n<h3 class=\"heading-5 v-fw-regular feature-heading\"><strong>Caracter\u00edsticas<\/strong><\/h3>\n<ul>\n<li><strong>Conectividad<\/strong><br \/>\nLa tecnolog\u00eda Bluetooth le permite transmitir audio de forma inal\u00e1mbrica desde cualquier dispositivo compatible<\/li>\n<li><strong>Personaje<\/strong><br \/>\nCaracter\u00edsticas del dise\u00f1o de los auriculares JoJo Siwa<\/li>\n<li><strong>Edad recomendada<\/strong><br \/>\nPara mayores de 3 a\u00f1os<\/li>\n<li><strong>Qu\u00e9 est\u00e1 incluido<\/strong><br \/>\nViene con un lazo extra\u00edble.<\/li>\n<li><strong>Qu\u00e9 est\u00e1 incluido<\/strong><br \/>\nIncluye un micr\u00f3fono incorporado para hablar con amigos y familiares.<\/li>\n<li><strong>Qu\u00e9 est\u00e1 incluido<\/strong><br \/>\nIncluye un cable de audio adicional desmontable de 3,5 mm para escuchar con cable opcional<\/li>\n<li><strong>Dise\u00f1o<\/strong><br \/>\nDise\u00f1o plegable ideal para viajes y almacenamiento.<\/li>\n<li><strong>Control del volumen<\/strong><br \/>\nFunci\u00f3n de volumen reducido para proteger la audici\u00f3n de los ni\u00f1os<\/li>\n<li><strong>Ajuste de auriculares<\/strong><br \/>\nDiadema ajustable y almohadillas acolchadas para los o\u00eddos que brindan un ajuste personalizado<\/li>\n<\/ul>\n<\/div>\n","protected":false},"excerpt":{"rendered":"<p>\u00a1Divi\u00e9rtete con los nuevos auriculares Bluetooth JoJo Siwa!\u00a0La bater\u00eda recargable incorporada permite hasta 25 horas de reproducci\u00f3n continua e incluye un micr\u00f3fono incorporado para hablar con amigos y familiares.\u00a0\u00a1Estos tambi\u00e9n<\/p>\n","protected":false},"featured_media":85153,"comment_status":"open","ping_status":"closed","template":"","meta":{"_acf_changed":false,"_joinchat":[]},"product_brand":[],"product_cat":[294,300,736],"product_tag":[],"class_list":{"0":"post-85151","1":"product","2":"type-product","3":"status-publish","4":"has-post-thumbnail","6":"product_cat-audio","7":"product_cat-audifonos","8":"product_cat-alambricos","10":"first","11":"instock","12":"sale","13":"shipping-taxable","14":"purchasable","15":"product-type-simple"},"acf":[],"_links":{"self":[{"href":"https:\/\/defabrica.com.mx\/defabrica\/wp-json\/wp\/v2\/product\/85151","targetHints":{"allow":["GET"]}}],"collection":[{"href":"https:\/\/defabrica.com.mx\/defabrica\/wp-json\/wp\/v2\/product"}],"about":[{"href":"https:\/\/defabrica.com.mx\/defabrica\/wp-json\/wp\/v2\/types\/product"}],"replies":[{"embeddable":true,"href":"https:\/\/defabrica.com.mx\/defabrica\/wp-json\/wp\/v2\/comments?post=85151"}],"wp:featuredmedia":[{"embeddable":true,"href":"https:\/\/defabrica.com.mx\/defabrica\/wp-json\/wp\/v2\/media\/85153"}],"wp:attachment":[{"href":"https:\/\/defabrica.com.mx\/defabrica\/wp-json\/wp\/v2\/media?parent=85151"}],"wp:term":[{"taxonomy":"product_brand","embeddable":true,"href":"https:\/\/defabrica.com.mx\/defabrica\/wp-json\/wp\/v2\/product_brand?post=85151"},{"taxonomy":"product_cat","embeddable":true,"href":"https:\/\/defabrica.com.mx\/defabrica\/wp-json\/wp\/v2\/product_cat?post=85151"},{"taxonomy":"product_tag","embeddable":true,"href":"https:\/\/defabrica.com.mx\/defabrica\/wp-json\/wp\/v2\/product_tag?post=85151"}],"curies":[{"name":"wp","href":"https:\/\/api.w.org\/{rel}","templated":true}]}}