{"id":84953,"date":"2022-06-25T05:10:53","date_gmt":"2022-06-25T10:10:53","guid":{"rendered":"https:\/\/defabrica.com.mx\/defabrica\/?post_type=product&#038;p=84953"},"modified":"2022-12-12T11:17:11","modified_gmt":"2022-12-12T17:17:11","slug":"ekids-auriculares-bluetooth-mandalorian-azul","status":"publish","type":"product","link":"https:\/\/defabrica.com.mx\/defabrica\/producto\/ekids-auriculares-bluetooth-mandalorian-azul\/","title":{"rendered":"eKids &#8211; Auriculares Bluetooth Mandalorian &#8211; azul"},"content":{"rendered":"<div class=\"embedded-component-container lv product-description\">\n<div>\n<div id=\"shop-product-description-46468237\" class=\"_none\" data-version=\"1.3.45\">\n<div class=\"shop-product-description\">\n<section class=\"align-heading-left\" data-reactroot=\"\">\n<div class=\"long-description-container body-copy \">\n<div class=\"html-fragment\">\u00a1Viaja por la galaxia de Star Wars con estos auriculares Bluetooth mandalorianos!\u00a0La bater\u00eda recargable incorporada permite hasta 24 horas de reproducci\u00f3n continua e incluye un micr\u00f3fono incorporado para hablar con amigos y familiares.\u00a0Estos tambi\u00e9n vienen equipados con limitadores de volumen controlados por los padres para proteger los o\u00eddos peque\u00f1os.\u00a0Se incluye un cable de audio adicional desmontable de 3,5 mm para que pueda conectarse a cualquier dispositivo con un conector para auriculares.\u00a0La diadema ajustable y las almohadillas acolchadas para los o\u00eddos brindan la m\u00e1xima comodidad y un ajuste personalizado.\u00a0El dise\u00f1o plegable es ideal para viajes y almacenamiento convenientes.<\/div>\n<\/div>\n<\/section>\n<\/div>\n<\/div>\n<\/div>\n<\/div>\n<div class=\"embedded-component-container lv product-features\">\n<h3><\/h3>\n<h3 class=\"heading-5 v-fw-regular feature-heading\"><strong>Caracter\u00edsticas<\/strong><\/h3>\n<ul>\n<li><strong>La bater\u00eda recargable incorporada permite hasta 24 horas de reproducci\u00f3n continua<\/strong><\/li>\n<li><strong>Micr\u00f3fono incorporado para hablar con amigos y familiares<\/strong><\/li>\n<li><strong>Bluetooth transmite audio de forma inal\u00e1mbrica desde un tel\u00e9fono inteligente, tableta o computadora<\/strong><\/li>\n<li><strong>Cable de audio desmontable extra de 3,5 mm si Bluetooth no est\u00e1 disponible<\/strong><\/li>\n<li><strong>Diadema ajustable y almohadillas acolchadas para los o\u00eddos que brindan un ajuste personalizado<\/strong><\/li>\n<\/ul>\n<\/div>\n","protected":false},"excerpt":{"rendered":"<p>\u00a1Viaja por la galaxia de Star Wars con estos auriculares Bluetooth mandalorianos!\u00a0La bater\u00eda recargable incorporada permite hasta 24 horas de reproducci\u00f3n continua e incluye un micr\u00f3fono incorporado para hablar con<\/p>\n","protected":false},"featured_media":84957,"comment_status":"open","ping_status":"closed","template":"","meta":{"_acf_changed":false,"_joinchat":[]},"product_brand":[],"product_cat":[294,300,304],"product_tag":[],"class_list":{"0":"post-84953","1":"product","2":"type-product","3":"status-publish","4":"has-post-thumbnail","6":"product_cat-audio","7":"product_cat-audifonos","8":"product_cat-inalambricos","10":"first","11":"instock","12":"sale","13":"shipping-taxable","14":"purchasable","15":"product-type-simple"},"acf":[],"_links":{"self":[{"href":"https:\/\/defabrica.com.mx\/defabrica\/wp-json\/wp\/v2\/product\/84953","targetHints":{"allow":["GET"]}}],"collection":[{"href":"https:\/\/defabrica.com.mx\/defabrica\/wp-json\/wp\/v2\/product"}],"about":[{"href":"https:\/\/defabrica.com.mx\/defabrica\/wp-json\/wp\/v2\/types\/product"}],"replies":[{"embeddable":true,"href":"https:\/\/defabrica.com.mx\/defabrica\/wp-json\/wp\/v2\/comments?post=84953"}],"wp:featuredmedia":[{"embeddable":true,"href":"https:\/\/defabrica.com.mx\/defabrica\/wp-json\/wp\/v2\/media\/84957"}],"wp:attachment":[{"href":"https:\/\/defabrica.com.mx\/defabrica\/wp-json\/wp\/v2\/media?parent=84953"}],"wp:term":[{"taxonomy":"product_brand","embeddable":true,"href":"https:\/\/defabrica.com.mx\/defabrica\/wp-json\/wp\/v2\/product_brand?post=84953"},{"taxonomy":"product_cat","embeddable":true,"href":"https:\/\/defabrica.com.mx\/defabrica\/wp-json\/wp\/v2\/product_cat?post=84953"},{"taxonomy":"product_tag","embeddable":true,"href":"https:\/\/defabrica.com.mx\/defabrica\/wp-json\/wp\/v2\/product_tag?post=84953"}],"curies":[{"name":"wp","href":"https:\/\/api.w.org\/{rel}","templated":true}]}}