{"id":84915,"date":"2022-06-24T19:38:20","date_gmt":"2022-06-25T00:38:20","guid":{"rendered":"https:\/\/defabrica.com.mx\/defabrica\/?post_type=product&#038;p=84915"},"modified":"2022-12-12T11:13:34","modified_gmt":"2022-12-12T17:13:34","slug":"epos-gtw-270-hybrid-verdadero-inalambrico-bluetooth-auriculares-acusticos-cerrados-para-juegos-con-dongle-de-baja-latencia-plataforma-universal-negro","status":"publish","type":"product","link":"https:\/\/defabrica.com.mx\/defabrica\/producto\/epos-gtw-270-hybrid-verdadero-inalambrico-bluetooth-auriculares-acusticos-cerrados-para-juegos-con-dongle-de-baja-latencia-plataforma-universal-negro\/","title":{"rendered":"EPOS &#8211; GTW 270 Hybrid Verdadero inal\u00e1mbrico Bluetooth Auriculares ac\u00fasticos cerrados para juegos con dongle de baja latencia &#8211; Plataforma universal &#8211; Negro"},"content":{"rendered":"<div class=\"embedded-component-container lv product-description\">\n<div>\n<div id=\"shop-product-description-73799888\" class=\"_none\" data-version=\"1.3.45\">\n<div class=\"shop-product-description\">\n<section class=\"align-heading-left\" data-reactroot=\"\">\n<div class=\"long-description-container body-copy \">\n<div class=\"html-fragment\">\u00a1Audio inmersivo, en cualquier lugar y en cualquier momento!\u00a0Deje que los compactos auriculares inal\u00e1mbricos h\u00edbridos GTW 270 lo acompa\u00f1en dondequiera que vaya y escape del tedioso mundo con un audio sin concesiones.\u00a0La reproducci\u00f3n de audio sin retrasos con el c\u00f3dec de baja latencia aptX desde su dispositivo de juego port\u00e1til est\u00e1 garantizada con el dongle USB-C incluido.\u00a0La claridad ac\u00fastica se entrega a trav\u00e9s de micr\u00f3fonos duales.\u00a0La forma ergon\u00f3mica \u00fanica es suave y flexible donde debe estar y se ajusta naturalmente a la oreja, lo que garantiza un ajuste seguro y c\u00f3modo.\u00a0El dise\u00f1o ac\u00fastico cerrado proporciona atenuaci\u00f3n de ruido que le permite desconectarse del ruido de fondo y perderse en el audio inmersivo de su juego.\u00a0Lib\u00e9rate y escapa a tu juego con el poder del audio.<\/div>\n<\/div>\n<\/section>\n<\/div>\n<\/div>\n<\/div>\n<\/div>\n<div class=\"embedded-component-container lv product-features\">\n<h3><\/h3>\n<h3 class=\"heading-5 v-fw-regular feature-heading\"><strong>Caracter\u00edsticas<\/strong><\/h3>\n<ul>\n<li><strong>Auriculares ac\u00fasticos cerrados<\/strong><br \/>\nCerrados e intrauditivos para una m\u00e1xima reducci\u00f3n de ruido y m\u00e1xima concentraci\u00f3n en el juego.<\/li>\n<li><strong>Verdadera conectividad inal\u00e1mbrica<\/strong><br \/>\nVerdadera conectividad inal\u00e1mbrica con baja latencia y Bluetooth.<\/li>\n<li><strong>tiempo de escucha<\/strong><br \/>\nHasta 5 horas de tiempo de escucha en los auriculares y hasta 20 horas de tiempo de escucha con el estuche de carga.<\/li>\n<li><strong>Compatibilidad multiplataforma<\/strong><br \/>\nCompatibilidad m\u00faltiple a trav\u00e9s del dongle de baja latencia USB-C aptX\u2122 y Bluetooth\u00ae.<\/li>\n<li><strong>Resistencia al agua IPX5<\/strong><br \/>\nLa resistencia al agua IPX 5 protege los auriculares del sudor y la lluvia ligera.<\/li>\n<li><strong>Dise\u00f1o compacto y forma org\u00e1nica.<\/strong><br \/>\nForma org\u00e1nica liviana \u00fanica para un ajuste seguro y c\u00f3modo en la oreja.<\/li>\n<\/ul>\n<\/div>\n","protected":false},"excerpt":{"rendered":"<p>\u00a1Audio inmersivo, en cualquier lugar y en cualquier momento!\u00a0Deje que los compactos auriculares inal\u00e1mbricos h\u00edbridos GTW 270 lo acompa\u00f1en dondequiera que vaya y escape del tedioso mundo con un audio<\/p>\n","protected":false},"featured_media":84917,"comment_status":"open","ping_status":"closed","template":"","meta":{"_acf_changed":false,"_joinchat":[]},"product_brand":[],"product_cat":[294,300,304],"product_tag":[],"class_list":{"0":"post-84915","1":"product","2":"type-product","3":"status-publish","4":"has-post-thumbnail","6":"product_cat-audio","7":"product_cat-audifonos","8":"product_cat-inalambricos","10":"first","11":"instock","12":"sale","13":"shipping-taxable","14":"purchasable","15":"product-type-simple"},"acf":[],"_links":{"self":[{"href":"https:\/\/defabrica.com.mx\/defabrica\/wp-json\/wp\/v2\/product\/84915","targetHints":{"allow":["GET"]}}],"collection":[{"href":"https:\/\/defabrica.com.mx\/defabrica\/wp-json\/wp\/v2\/product"}],"about":[{"href":"https:\/\/defabrica.com.mx\/defabrica\/wp-json\/wp\/v2\/types\/product"}],"replies":[{"embeddable":true,"href":"https:\/\/defabrica.com.mx\/defabrica\/wp-json\/wp\/v2\/comments?post=84915"}],"wp:featuredmedia":[{"embeddable":true,"href":"https:\/\/defabrica.com.mx\/defabrica\/wp-json\/wp\/v2\/media\/84917"}],"wp:attachment":[{"href":"https:\/\/defabrica.com.mx\/defabrica\/wp-json\/wp\/v2\/media?parent=84915"}],"wp:term":[{"taxonomy":"product_brand","embeddable":true,"href":"https:\/\/defabrica.com.mx\/defabrica\/wp-json\/wp\/v2\/product_brand?post=84915"},{"taxonomy":"product_cat","embeddable":true,"href":"https:\/\/defabrica.com.mx\/defabrica\/wp-json\/wp\/v2\/product_cat?post=84915"},{"taxonomy":"product_tag","embeddable":true,"href":"https:\/\/defabrica.com.mx\/defabrica\/wp-json\/wp\/v2\/product_tag?post=84915"}],"curies":[{"name":"wp","href":"https:\/\/api.w.org\/{rel}","templated":true}]}}