{"id":84880,"date":"2022-06-24T19:13:16","date_gmt":"2022-06-25T00:13:16","guid":{"rendered":"https:\/\/defabrica.com.mx\/defabrica\/?post_type=product&#038;p=84880"},"modified":"2023-01-17T12:19:25","modified_gmt":"2023-01-17T18:19:25","slug":"insignia-audifonos-inalambricos-rf-sobre-la-oreja-negro","status":"publish","type":"product","link":"https:\/\/defabrica.com.mx\/defabrica\/producto\/insignia-audifonos-inalambricos-rf-sobre-la-oreja-negro\/","title":{"rendered":"Insignia\u2122 &#8211; Aud\u00edfonos inal\u00e1mbricos RF sobre la oreja &#8211; Negro"},"content":{"rendered":"<p>Escuche su TV o m\u00fasica de forma inal\u00e1mbrica sin molestar a los dem\u00e1s.<\/p>\n<h3><\/h3>\n<h3 class=\"heading-5 v-fw-regular feature-heading\"><strong>Caracter\u00edsticas<\/strong><\/h3>\n<div class=\"feature-body-container\">\n<div class=\"features-list-container\">\n<div class=\"features-list all-features\">\n<div class=\"list-row\">\n<ul>\n<li><strong>Entradas de audio anal\u00f3gicas y digitales<\/strong><br \/>\nCompatible con cualquier componente de audio (televisores, reproductores de CD\/DVD, reproductores de MP3, dispositivos m\u00f3viles).<\/li>\n<li><strong>Se\u00f1al inal\u00e1mbrica digital sin problemas<\/strong><br \/>\nTransmite audio de alta calidad desde hasta 33&#8242;.<\/li>\n<li><strong>Bater\u00eda de iones de litio recargable incorporada con estaci\u00f3n de acoplamiento conveniente<\/strong><br \/>\nOfrece hasta 10 horas de uso y permite una f\u00e1cil carga y almacenamiento.<\/li>\n<li><strong>Auriculares supraaurales con diadema ajustable<\/strong><br \/>\nProporcione comodidad durante las sesiones de escucha prolongadas.<\/li>\n<li><strong>Dise\u00f1o ligero<\/strong><br \/>\nLe permite usarlo durante mucho tiempo mientras mira televisi\u00f3n.<\/li>\n<\/ul>\n<\/div>\n<\/div>\n<\/div>\n<\/div>\n","protected":false},"excerpt":{"rendered":"<p>Escuche su TV o m\u00fasica de forma inal\u00e1mbrica sin molestar a los dem\u00e1s. Caracter\u00edsticas Entradas de audio anal\u00f3gicas y digitales Compatible con cualquier componente de audio (televisores, reproductores de CD\/DVD,<\/p>\n","protected":false},"featured_media":84884,"comment_status":"open","ping_status":"closed","template":"","meta":{"_acf_changed":false,"_joinchat":[]},"product_brand":[],"product_cat":[1517,294,300,304],"product_tag":[],"class_list":{"0":"post-84880","1":"product","2":"type-product","3":"status-publish","4":"has-post-thumbnail","6":"product_cat-ofertas-audio","7":"product_cat-audio","8":"product_cat-audifonos","9":"product_cat-inalambricos","11":"first","12":"instock","13":"sale","14":"shipping-taxable","15":"purchasable","16":"product-type-simple"},"acf":[],"_links":{"self":[{"href":"https:\/\/defabrica.com.mx\/defabrica\/wp-json\/wp\/v2\/product\/84880","targetHints":{"allow":["GET"]}}],"collection":[{"href":"https:\/\/defabrica.com.mx\/defabrica\/wp-json\/wp\/v2\/product"}],"about":[{"href":"https:\/\/defabrica.com.mx\/defabrica\/wp-json\/wp\/v2\/types\/product"}],"replies":[{"embeddable":true,"href":"https:\/\/defabrica.com.mx\/defabrica\/wp-json\/wp\/v2\/comments?post=84880"}],"wp:featuredmedia":[{"embeddable":true,"href":"https:\/\/defabrica.com.mx\/defabrica\/wp-json\/wp\/v2\/media\/84884"}],"wp:attachment":[{"href":"https:\/\/defabrica.com.mx\/defabrica\/wp-json\/wp\/v2\/media?parent=84880"}],"wp:term":[{"taxonomy":"product_brand","embeddable":true,"href":"https:\/\/defabrica.com.mx\/defabrica\/wp-json\/wp\/v2\/product_brand?post=84880"},{"taxonomy":"product_cat","embeddable":true,"href":"https:\/\/defabrica.com.mx\/defabrica\/wp-json\/wp\/v2\/product_cat?post=84880"},{"taxonomy":"product_tag","embeddable":true,"href":"https:\/\/defabrica.com.mx\/defabrica\/wp-json\/wp\/v2\/product_tag?post=84880"}],"curies":[{"name":"wp","href":"https:\/\/api.w.org\/{rel}","templated":true}]}}