{"id":84874,"date":"2022-06-24T19:08:44","date_gmt":"2022-06-25T00:08:44","guid":{"rendered":"https:\/\/defabrica.com.mx\/defabrica\/?post_type=product&#038;p=84874"},"modified":"2023-01-17T12:19:05","modified_gmt":"2023-01-17T18:19:05","slug":"jabra-elite-85t-verdadero-inalambrico-advanced-active-noise-cancelling-auriculares-negro-titanio","status":"publish","type":"product","link":"https:\/\/defabrica.com.mx\/defabrica\/producto\/jabra-elite-85t-verdadero-inalambrico-advanced-active-noise-cancelling-auriculares-negro-titanio\/","title":{"rendered":"\u00abJabra &#8211; Elite 85t Verdadero inal\u00e1mbrico  Advanced Active Noise Cancelling Auriculares &#8211; Negro Titanio\u00bb"},"content":{"rendered":"<div class=\"embedded-component-container lv product-description\">\n<div>\n<div id=\"shop-product-description-92456843\" class=\"_none\" data-version=\"1.3.45\">\n<div class=\"shop-product-description\">\n<section class=\"align-heading-left\" data-reactroot=\"\">\n<div class=\"long-description-container body-copy \">\n<div class=\"html-fragment\">Los verdaderos auriculares inal\u00e1mbricos Jabra Elite 85t han sido dise\u00f1ados para una experiencia de llamadas y m\u00fasica como nunca antes, con Jabra Advanced Noise Cancellation\u2122 completamente ajustable, parlantes de 12 mm para un gran sonido, hasta 25 horas de bater\u00eda (ANC activado) y 6 micr\u00f3fonos. tecnolog\u00eda con protecci\u00f3n contra el viento para llamadas incre\u00edbles.\u00a0Y debido a que es tecnolog\u00eda de Jabra, todo est\u00e1 metido en un cuerpo realmente peque\u00f1o.\u00a0Porque ANC no solo significa cancelaci\u00f3n activa de ruido&#8230; Jabra Elite 85t: no acepte compromisos.<\/div>\n<\/div>\n<\/section>\n<\/div>\n<\/div>\n<\/div>\n<\/div>\n<div class=\"embedded-component-container lv product-features\">\n<h3><\/h3>\n<h3 class=\"heading-5 v-fw-regular feature-heading\"><strong>Caracter\u00edsticas<\/strong><\/h3>\n<ul>\n<li><strong>Controles de botones ajustables<\/strong><br \/>\nMyControls le permite ajustar las funciones de sus botones, cambiando qu\u00e9 combinaci\u00f3n de toques en los auriculares realiza ciertas tareas.<\/li>\n<li><strong>Verdaderos auriculares inal\u00e1mbricos<\/strong><br \/>\nHaz llamadas o escucha tus pistas favoritas, todo de forma inal\u00e1mbrica.<\/li>\n<li><strong>Bater\u00eda de larga duraci\u00f3n<\/strong><br \/>\nObtenga hasta 5,5 horas de bater\u00eda en los auriculares y hasta 25 horas con el estuche de carga con ANC activado y hasta 7 horas de bater\u00eda en los auriculares y 31 horas con el estuche con ANC desactivado.<\/li>\n<li><strong>Cancelaci\u00f3n de ruido ajustable<\/strong><br \/>\nJabra Advanced Active Noise Cancellation \u2122 es totalmente ajustable con 11 niveles de sonido, desde ANC completo hasta HearThrough completo, lo que brinda el m\u00e1ximo control.<\/li>\n<li><strong>Resistente al sudor y al agua.<\/strong><br \/>\nProtecci\u00f3n contra el agua con clasificaci\u00f3n IPX4 y una garant\u00eda extendida de 2 a\u00f1os contra el polvo y el agua (es necesario registrarse en la aplicaci\u00f3n Jabra Sound+).<\/li>\n<li><strong>Micr\u00f3fono incorporado<\/strong><br \/>\nHemos incorporado 6 micr\u00f3fonos y protecci\u00f3n contra el viento en estos peque\u00f1os botones, lo que le brinda una claridad de llamadas como nunca antes. Los altavoces de 12 mm ofrecen un gran sonido y unos graves potentes.<\/li>\n<li><strong>Compatibilidad con Android e iOS<\/strong><br \/>\nEmpareje con dispositivos inteligentes a trav\u00e9s de Bluetooth. Utilice la aplicaci\u00f3n Jabra Sound+ en Android e iOS para personalizar sus auriculares.<\/li>\n<li><strong>Encuentra tu ajuste perfecto<\/strong><br \/>\nLa funci\u00f3n MyFit dentro de la aplicaci\u00f3n Jabra Sound+ ayuda a encontrar el sello perfecto para un ajuste seguro, un rendimiento ANC mejorado y una mejor calidad de sonido.<\/li>\n<\/ul>\n<\/div>\n","protected":false},"excerpt":{"rendered":"<p>Los verdaderos auriculares inal\u00e1mbricos Jabra Elite 85t han sido dise\u00f1ados para una experiencia de llamadas y m\u00fasica como nunca antes, con Jabra Advanced Noise Cancellation\u2122 completamente ajustable, parlantes de 12<\/p>\n","protected":false},"featured_media":84877,"comment_status":"open","ping_status":"closed","template":"","meta":{"_acf_changed":false,"_joinchat":[]},"product_brand":[],"product_cat":[294,300,304],"product_tag":[],"class_list":{"0":"post-84874","1":"product","2":"type-product","3":"status-publish","4":"has-post-thumbnail","6":"product_cat-audio","7":"product_cat-audifonos","8":"product_cat-inalambricos","10":"first","11":"instock","12":"sale","13":"shipping-taxable","14":"purchasable","15":"product-type-simple"},"acf":[],"_links":{"self":[{"href":"https:\/\/defabrica.com.mx\/defabrica\/wp-json\/wp\/v2\/product\/84874","targetHints":{"allow":["GET"]}}],"collection":[{"href":"https:\/\/defabrica.com.mx\/defabrica\/wp-json\/wp\/v2\/product"}],"about":[{"href":"https:\/\/defabrica.com.mx\/defabrica\/wp-json\/wp\/v2\/types\/product"}],"replies":[{"embeddable":true,"href":"https:\/\/defabrica.com.mx\/defabrica\/wp-json\/wp\/v2\/comments?post=84874"}],"wp:featuredmedia":[{"embeddable":true,"href":"https:\/\/defabrica.com.mx\/defabrica\/wp-json\/wp\/v2\/media\/84877"}],"wp:attachment":[{"href":"https:\/\/defabrica.com.mx\/defabrica\/wp-json\/wp\/v2\/media?parent=84874"}],"wp:term":[{"taxonomy":"product_brand","embeddable":true,"href":"https:\/\/defabrica.com.mx\/defabrica\/wp-json\/wp\/v2\/product_brand?post=84874"},{"taxonomy":"product_cat","embeddable":true,"href":"https:\/\/defabrica.com.mx\/defabrica\/wp-json\/wp\/v2\/product_cat?post=84874"},{"taxonomy":"product_tag","embeddable":true,"href":"https:\/\/defabrica.com.mx\/defabrica\/wp-json\/wp\/v2\/product_tag?post=84874"}],"curies":[{"name":"wp","href":"https:\/\/api.w.org\/{rel}","templated":true}]}}