{"id":84868,"date":"2022-06-24T19:05:28","date_gmt":"2022-06-25T00:05:28","guid":{"rendered":"https:\/\/defabrica.com.mx\/defabrica\/?post_type=product&#038;p=84868"},"modified":"2023-01-17T12:18:44","modified_gmt":"2023-01-17T18:18:44","slug":"jabra-elite-7-active-verdadero-inalambrico-auriculares-internos-con-cancelacion-de-ruido-negro","status":"publish","type":"product","link":"https:\/\/defabrica.com.mx\/defabrica\/producto\/jabra-elite-7-active-verdadero-inalambrico-auriculares-internos-con-cancelacion-de-ruido-negro\/","title":{"rendered":"Jabra &#8211; Elite 7 Active Verdadero inal\u00e1mbrico Auriculares internos con cancelaci\u00f3n de ruido &#8211; Negro"},"content":{"rendered":"<div class=\"embedded-component-container lv product-description\">\n<div>\n<div id=\"shop-product-description-31215475\" class=\"_none\" data-version=\"1.3.45\">\n<div class=\"shop-product-description\">\n<section class=\"align-heading-left\" data-reactroot=\"\">\n<div class=\"long-description-container body-copy \">\n<div class=\"html-fragment\">Jabra Elite 7 Active est\u00e1 dise\u00f1ado con nuestra exclusiva tecnolog\u00eda Jabra ShakeGrip\u2122, durabilidad a prueba de agua y sudor, y dise\u00f1o ultracompacto, permanecer\u00e1n en su lugar incluso durante los entrenamientos m\u00e1s duros.\u00a0Las funciones Active Noise Cancellation (ANC) y HearThrough permiten un nivel personalizado de inmersi\u00f3n, para que pueda controlar su entrenamiento y su sonido.\u00a0Si necesita mantener un o\u00eddo libre, el modo mono le permite usar cualquiera de los auriculares de forma independiente.\u00a0Guarde el que no est\u00e1 usando en el estuche, e incluso puede extender su bater\u00eda usando uno y cargando el otro.\u00a0Y Alexa incorporado y el Asistente de Google est\u00e1n a tus \u00f3rdenes con solo tocar el bot\u00f3n.\u00a0Multipoint se conecta a dos dispositivos a la vez, le permite cambiar sin problemas entre dispositivos y est\u00e1 disponible como actualizaci\u00f3n de firmware a trav\u00e9s de la aplicaci\u00f3n Jabra Sound+.<\/div>\n<\/div>\n<\/section>\n<\/div>\n<\/div>\n<\/div>\n<\/div>\n<div class=\"embedded-component-container lv product-features\">\n<h3><\/h3>\n<h3 class=\"heading-5 v-fw-regular feature-heading\"><strong>Caracter\u00edsticas<\/strong><\/h3>\n<ul>\n<li><strong>Tecnolog\u00eda Jabra ShakeGrip<\/strong><br \/>\nCubre los auriculares a la perfecci\u00f3n con goma de silicona l\u00edquida para brindar un agarre adicional y un ajuste seguro adicional.<\/li>\n<li><strong>Cancelaci\u00f3n activa de ruido ajustable (ANC) y tecnolog\u00eda HearThrough<\/strong><br \/>\nLe permite controlar su entorno para una mejor experiencia auditiva.<\/li>\n<li><strong>Modo multipunto y mono<\/strong><br \/>\nCon\u00e9ctese a 2 dispositivos a la vez con Bluetooth\u00ae Multipoint y cambie sin problemas entre dispositivos. Tambi\u00e9n puede usar los auriculares como un par o de forma independiente a trav\u00e9s del modo mono.<\/li>\n<li><strong>Verdaderos auriculares inal\u00e1mbricos<\/strong><br \/>\nTe permite escuchar tus pistas favoritas, para que los cables no te detengan.<\/li>\n<li><strong>30 horas de duraci\u00f3n de la bater\u00eda<\/strong><br \/>\nCon hasta 8 horas en los brotes, un total de 30 horas con el elegante estuche de carga y la funci\u00f3n de carga r\u00e1pida, estos auriculares le permiten no preocuparse nunca m\u00e1s por quedarse sin bater\u00eda.<\/li>\n<li><strong>Protecci\u00f3n contra el agua y el polvo<\/strong><br \/>\nDise\u00f1ado para durar con protecci\u00f3n contra el agua y el polvo con clasificaci\u00f3n IP57 y una garant\u00eda de 2 a\u00f1os.<\/li>\n<li><strong>Calidad de llamada excepcional<\/strong><br \/>\nElite 7 Active est\u00e1 cargado con cuatro micr\u00f3fonos para llamadas n\u00edtidas. Eso significa que dondequiera que vayas, puedes chatear y hacer planes y ser escuchado con claridad.<\/li>\n<li><strong>Alexa incorporado y Asistente de Google<\/strong><br \/>\nPuede pedir direcciones, reproducir sus canciones favoritas y vincularse instant\u00e1neamente con su dispositivo sin siquiera interrumpir el paso.<\/li>\n<\/ul>\n<\/div>\n","protected":false},"excerpt":{"rendered":"<p>Jabra Elite 7 Active est\u00e1 dise\u00f1ado con nuestra exclusiva tecnolog\u00eda Jabra ShakeGrip\u2122, durabilidad a prueba de agua y sudor, y dise\u00f1o ultracompacto, permanecer\u00e1n en su lugar incluso durante los entrenamientos<\/p>\n","protected":false},"featured_media":84870,"comment_status":"open","ping_status":"closed","template":"","meta":{"_acf_changed":false,"_joinchat":[]},"product_brand":[],"product_cat":[294,300,304],"product_tag":[],"class_list":{"0":"post-84868","1":"product","2":"type-product","3":"status-publish","4":"has-post-thumbnail","6":"product_cat-audio","7":"product_cat-audifonos","8":"product_cat-inalambricos","10":"first","11":"instock","12":"sale","13":"shipping-taxable","14":"purchasable","15":"product-type-simple"},"acf":[],"_links":{"self":[{"href":"https:\/\/defabrica.com.mx\/defabrica\/wp-json\/wp\/v2\/product\/84868","targetHints":{"allow":["GET"]}}],"collection":[{"href":"https:\/\/defabrica.com.mx\/defabrica\/wp-json\/wp\/v2\/product"}],"about":[{"href":"https:\/\/defabrica.com.mx\/defabrica\/wp-json\/wp\/v2\/types\/product"}],"replies":[{"embeddable":true,"href":"https:\/\/defabrica.com.mx\/defabrica\/wp-json\/wp\/v2\/comments?post=84868"}],"wp:featuredmedia":[{"embeddable":true,"href":"https:\/\/defabrica.com.mx\/defabrica\/wp-json\/wp\/v2\/media\/84870"}],"wp:attachment":[{"href":"https:\/\/defabrica.com.mx\/defabrica\/wp-json\/wp\/v2\/media?parent=84868"}],"wp:term":[{"taxonomy":"product_brand","embeddable":true,"href":"https:\/\/defabrica.com.mx\/defabrica\/wp-json\/wp\/v2\/product_brand?post=84868"},{"taxonomy":"product_cat","embeddable":true,"href":"https:\/\/defabrica.com.mx\/defabrica\/wp-json\/wp\/v2\/product_cat?post=84868"},{"taxonomy":"product_tag","embeddable":true,"href":"https:\/\/defabrica.com.mx\/defabrica\/wp-json\/wp\/v2\/product_tag?post=84868"}],"curies":[{"name":"wp","href":"https:\/\/api.w.org\/{rel}","templated":true}]}}