{"id":84859,"date":"2022-06-24T18:58:46","date_gmt":"2022-06-24T23:58:46","guid":{"rendered":"https:\/\/defabrica.com.mx\/defabrica\/?post_type=product&#038;p=84859"},"modified":"2023-01-17T12:17:58","modified_gmt":"2023-01-17T18:17:58","slug":"jabra-elite-4-active-verdadero-inalambrico-auriculares-internos-con-cancelacion-de-ruido-negro","status":"publish","type":"product","link":"https:\/\/defabrica.com.mx\/defabrica\/producto\/jabra-elite-4-active-verdadero-inalambrico-auriculares-internos-con-cancelacion-de-ruido-negro\/","title":{"rendered":"Jabra &#8211; Elite 4 Active Verdadero inal\u00e1mbrico Auriculares internos con cancelaci\u00f3n de ruido &#8211; Negro"},"content":{"rendered":"<div class=\"embedded-component-container lv product-description\">\n<div>\n<div id=\"shop-product-description-24837499\" class=\"_none\" data-version=\"1.3.45\">\n<div class=\"shop-product-description\">\n<section class=\"align-heading-left\" data-reactroot=\"\">\n<div class=\"long-description-container body-copy \">\n<div class=\"html-fragment\">Jabra Elite 4 Active est\u00e1 dise\u00f1ado para permanecer c\u00f3modamente en su lugar.\u00a0Y eso no es todo: con cancelaci\u00f3n activa de ruido (ANC), ecualizador ajustable y tecnolog\u00eda HearThrough, adem\u00e1s de acceso instant\u00e1neo a la reproducci\u00f3n de Spotify Tap, Elite 4 Active est\u00e1 dise\u00f1ado para brindar un verdadero impulso a su entrenamiento.\u00a0Fabricados con un ajuste activo seguro y protecci\u00f3n a prueba de agua y sudor con clasificaci\u00f3n IP57, estos botones est\u00e1n dise\u00f1ados para todo tipo de entrenamientos.\u00a0Y con una garant\u00eda de 2 a\u00f1os cuando los registra en la aplicaci\u00f3n Jabra Sound+, nunca tendr\u00e1 que preocuparse de que sus compa\u00f1eros de entrenamiento lo decepcionen.\u00a0ANC bloquea los sonidos intrusivos con solo tocar un bot\u00f3n, para que puedas permanecer inmerso en tu m\u00fasica.\u00a0Desde ignorar el sistema de sonido en el gimnasio hasta filtrar el ruido urbano ambiental, entra y permanece en la zona.\u00a0Incluso puedes personalizar c\u00f3mo suena tu m\u00fasica.\u00a0Ya sea que desee aumentar los graves o aumentar los agudos, simplemente descargue la aplicaci\u00f3n Jabra Sound+ y ajuste el ecualizador seg\u00fan sus preferencias.\u00a0Tambi\u00e9n puede activar la reproducci\u00f3n de Spotify Tap para una conexi\u00f3n instant\u00e1nea y perfecta a la m\u00fasica que necesita para escuchar.<\/div>\n<\/div>\n<\/section>\n<\/div>\n<\/div>\n<\/div>\n<\/div>\n<div class=\"embedded-component-container lv product-features\">\n<h3><\/h3>\n<h3 class=\"heading-5 v-fw-regular feature-heading\"><strong>Caracter\u00edsticas<\/strong><\/h3>\n<ul>\n<li><strong>Ajuste incre\u00edble y durabilidad excepcional<\/strong><br \/>\nBrinda un ajuste activo seguro con protecci\u00f3n a prueba de agua y sudor con clasificaci\u00f3n IP57<\/li>\n<li><strong>Cancelaci\u00f3n activa de ruido (ANC)<\/strong><br \/>\nLa cancelaci\u00f3n activa de ruido (ANC) bloquea los sonidos intrusivos con solo tocar un bot\u00f3n, para que pueda permanecer inmerso en su m\u00fasica.<\/li>\n<li><strong>Tecnolog\u00eda HearThrough<\/strong><br \/>\nCon solo tocar un bot\u00f3n, HearThrough usa los micr\u00f3fonos integrados para captar los sonidos que te rodean y reproducirlos en tus auriculares.<\/li>\n<li><strong>Protecci\u00f3n contra el viento y el ruido<\/strong><br \/>\n4 micr\u00f3fonos incorporados protegidos por una cubierta de malla especial para mayor protecci\u00f3n contra el viento y el ruido.<\/li>\n<li><strong>28 horas de duraci\u00f3n de la bater\u00eda<\/strong><br \/>\nElite 4 Active ofrece hasta 28 horas de reproducci\u00f3n. Hasta 7 horas en los auriculares y hasta 21 horas en el estuche.<\/li>\n<\/ul>\n<\/div>\n","protected":false},"excerpt":{"rendered":"<p>Jabra Elite 4 Active est\u00e1 dise\u00f1ado para permanecer c\u00f3modamente en su lugar.\u00a0Y eso no es todo: con cancelaci\u00f3n activa de ruido (ANC), ecualizador ajustable y tecnolog\u00eda HearThrough, adem\u00e1s de acceso<\/p>\n","protected":false},"featured_media":84861,"comment_status":"open","ping_status":"closed","template":"","meta":{"_acf_changed":false,"_joinchat":[]},"product_brand":[],"product_cat":[294,300,304],"product_tag":[],"class_list":{"0":"post-84859","1":"product","2":"type-product","3":"status-publish","4":"has-post-thumbnail","6":"product_cat-audio","7":"product_cat-audifonos","8":"product_cat-inalambricos","10":"first","11":"instock","12":"sale","13":"shipping-taxable","14":"purchasable","15":"product-type-simple"},"acf":[],"_links":{"self":[{"href":"https:\/\/defabrica.com.mx\/defabrica\/wp-json\/wp\/v2\/product\/84859","targetHints":{"allow":["GET"]}}],"collection":[{"href":"https:\/\/defabrica.com.mx\/defabrica\/wp-json\/wp\/v2\/product"}],"about":[{"href":"https:\/\/defabrica.com.mx\/defabrica\/wp-json\/wp\/v2\/types\/product"}],"replies":[{"embeddable":true,"href":"https:\/\/defabrica.com.mx\/defabrica\/wp-json\/wp\/v2\/comments?post=84859"}],"wp:featuredmedia":[{"embeddable":true,"href":"https:\/\/defabrica.com.mx\/defabrica\/wp-json\/wp\/v2\/media\/84861"}],"wp:attachment":[{"href":"https:\/\/defabrica.com.mx\/defabrica\/wp-json\/wp\/v2\/media?parent=84859"}],"wp:term":[{"taxonomy":"product_brand","embeddable":true,"href":"https:\/\/defabrica.com.mx\/defabrica\/wp-json\/wp\/v2\/product_brand?post=84859"},{"taxonomy":"product_cat","embeddable":true,"href":"https:\/\/defabrica.com.mx\/defabrica\/wp-json\/wp\/v2\/product_cat?post=84859"},{"taxonomy":"product_tag","embeddable":true,"href":"https:\/\/defabrica.com.mx\/defabrica\/wp-json\/wp\/v2\/product_tag?post=84859"}],"curies":[{"name":"wp","href":"https:\/\/api.w.org\/{rel}","templated":true}]}}