{"id":84843,"date":"2022-06-24T18:48:53","date_gmt":"2022-06-24T23:48:53","guid":{"rendered":"https:\/\/defabrica.com.mx\/defabrica\/?post_type=product&#038;p=84843"},"modified":"2022-12-12T11:05:44","modified_gmt":"2022-12-12T17:05:44","slug":"jabra-elite-65t-audifonos-ergonomicos-inalambricos-verdaderos-cobre-negro","status":"publish","type":"product","link":"https:\/\/defabrica.com.mx\/defabrica\/producto\/jabra-elite-65t-audifonos-ergonomicos-inalambricos-verdaderos-cobre-negro\/","title":{"rendered":"Jabra &#8211; Elite 65t Aud\u00edfonos ergon\u00f3micos inal\u00e1mbricos verdaderos- Cobre Negro"},"content":{"rendered":"<p>Solo en Best Buy\u00a0Disfrute de una escucha despejada con estos auriculares inal\u00e1mbricos Jabra Elite.\u00a0La compatibilidad con Bluetooth y la tecnolog\u00eda de cuatro micr\u00f3fonos te permiten experimentar una conexi\u00f3n estable y sin inconvenientes, y el estuche de carga port\u00e1til garantiza hasta 15 horas de tiempo de escucha.\u00a0Estos auriculares inal\u00e1mbricos Jabra Elite le permiten ajustar la calidad del sonido a trav\u00e9s de su aplicaci\u00f3n de ecualizador personalizable Jabra Sound+.<\/p>\n<h3><\/h3>\n<h3 class=\"heading-5 v-fw-regular feature-heading\"><strong>Caracter\u00edsticas<\/strong><\/h3>\n<ul>\n<li><strong>Interfaz Bluetooth 5.0<\/strong><br \/>\nPermite el emparejamiento inal\u00e1mbrico simple con su dispositivo habilitado para Bluetooth.<\/li>\n<li><strong>Bater\u00eda recargable<\/strong><br \/>\nOfrece hasta 5 horas de uso con una carga.<\/li>\n<li><strong>Micr\u00f3fono incorporado<\/strong><br \/>\nPermite chatear con manos libres a trav\u00e9s de un dispositivo compatible.<\/li>\n<li><strong>dise\u00f1o en la oreja<\/strong><br \/>\nSe ajusta de forma segura y dirige la m\u00fasica a tus o\u00eddos para un audio completo e ininterrumpido.<\/li>\n<\/ul>\n","protected":false},"excerpt":{"rendered":"<p>Solo en Best Buy\u00a0Disfrute de una escucha despejada con estos auriculares inal\u00e1mbricos Jabra Elite.\u00a0La compatibilidad con Bluetooth y la tecnolog\u00eda de cuatro micr\u00f3fonos te permiten experimentar una conexi\u00f3n estable y<\/p>\n","protected":false},"featured_media":84845,"comment_status":"open","ping_status":"closed","template":"","meta":{"_acf_changed":false,"_joinchat":[]},"product_brand":[],"product_cat":[294,300,304],"product_tag":[],"class_list":{"0":"post-84843","1":"product","2":"type-product","3":"status-publish","4":"has-post-thumbnail","6":"product_cat-audio","7":"product_cat-audifonos","8":"product_cat-inalambricos","10":"first","11":"instock","12":"sale","13":"shipping-taxable","14":"purchasable","15":"product-type-simple"},"acf":[],"_links":{"self":[{"href":"https:\/\/defabrica.com.mx\/defabrica\/wp-json\/wp\/v2\/product\/84843","targetHints":{"allow":["GET"]}}],"collection":[{"href":"https:\/\/defabrica.com.mx\/defabrica\/wp-json\/wp\/v2\/product"}],"about":[{"href":"https:\/\/defabrica.com.mx\/defabrica\/wp-json\/wp\/v2\/types\/product"}],"replies":[{"embeddable":true,"href":"https:\/\/defabrica.com.mx\/defabrica\/wp-json\/wp\/v2\/comments?post=84843"}],"wp:featuredmedia":[{"embeddable":true,"href":"https:\/\/defabrica.com.mx\/defabrica\/wp-json\/wp\/v2\/media\/84845"}],"wp:attachment":[{"href":"https:\/\/defabrica.com.mx\/defabrica\/wp-json\/wp\/v2\/media?parent=84843"}],"wp:term":[{"taxonomy":"product_brand","embeddable":true,"href":"https:\/\/defabrica.com.mx\/defabrica\/wp-json\/wp\/v2\/product_brand?post=84843"},{"taxonomy":"product_cat","embeddable":true,"href":"https:\/\/defabrica.com.mx\/defabrica\/wp-json\/wp\/v2\/product_cat?post=84843"},{"taxonomy":"product_tag","embeddable":true,"href":"https:\/\/defabrica.com.mx\/defabrica\/wp-json\/wp\/v2\/product_tag?post=84843"}],"curies":[{"name":"wp","href":"https:\/\/api.w.org\/{rel}","templated":true}]}}