{"id":84830,"date":"2022-06-24T18:42:39","date_gmt":"2022-06-24T23:42:39","guid":{"rendered":"https:\/\/defabrica.com.mx\/defabrica\/?post_type=product&#038;p=84830"},"modified":"2023-01-17T11:56:23","modified_gmt":"2023-01-17T17:56:23","slug":"jbl-auriculares-deportivos-inalambricos-verdaderos-impermeables-endurance-race-negro","status":"publish","type":"product","link":"https:\/\/defabrica.com.mx\/defabrica\/producto\/jbl-auriculares-deportivos-inalambricos-verdaderos-impermeables-endurance-race-negro\/","title":{"rendered":"JBL &#8211; Auriculares deportivos inal\u00e1mbricos verdaderos impermeables Endurance Race &#8211; Negro"},"content":{"rendered":"<div class=\"embedded-component-container lv product-description\">\n<div>\n<div id=\"shop-product-description-58565474\" class=\"_none\" data-version=\"1.3.45\">\n<div class=\"shop-product-description\">\n<section class=\"align-heading-left\" data-reactroot=\"\">\n<div class=\"long-description-container body-copy \">\n<div class=\"html-fragment\">Los verdaderos auriculares activos inal\u00e1mbricos JBL Endurance Race siempre est\u00e1n equipados y listos para usar.\u00a0Con 30 horas de duraci\u00f3n de la bater\u00eda y un dise\u00f1o a prueba de agua y polvo, lo mantienen rockeando con JBL Pure Bass y comodidad durante todo el d\u00eda.\u00a0El ajuste resistente y superior te permite mantenerte activo desde la playa hasta la sala de juntas con mejor sellado y estabilidad.\u00a0Obtenga ayuda de su asistente de voz preferido, administre su audio y haga llamadas perfectas con solo tocar un bot\u00f3n.\u00a0O, cuando necesite escuchar su entorno, sintonice el mundo que lo rodea con un sonido ambiental mejorado.<\/div>\n<\/div>\n<\/section>\n<\/div>\n<\/div>\n<\/div>\n<\/div>\n<div class=\"embedded-component-container lv product-features\">\n<h3><\/h3>\n<h3 class=\"heading-5 v-fw-regular feature-heading\"><strong>Caracter\u00edsticas<\/strong><\/h3>\n<ul>\n<li><strong>Sonido de graves puros JBL<\/strong><br \/>\nCon un sonido audaz y bajos ricos de un controlador din\u00e1mico de 6 mm, no solo escuchar\u00e1 la m\u00fasica, sino que la sentir\u00e1.<\/li>\n<li><strong>Hasta 30 horas de duraci\u00f3n de la bater\u00eda<\/strong><br \/>\nNo pierdas el ritmo con las 10 horas de duraci\u00f3n de la bater\u00eda de los auriculares y las 20 horas del estuche. \u00bfNecesitas un impulso? Solo 10 minutos de Speed \u200b\u200b\u200b\u200bCharge te brindan otra hora completa de tiempo de juego.<\/li>\n<li><strong>El dise\u00f1o Enhancer y Twistloc respaldan su estilo de vida activo<\/strong><br \/>\nEl potenciador ergon\u00f3mico del ala de Endurance Race de JBL utiliza la tecnolog\u00eda Twistloc para aliviar la incomodidad de los puntos de presi\u00f3n, brind\u00e1ndole un mejor sellado y estabilidad para un ajuste superior durante todo el d\u00eda.<\/li>\n<li><strong>IP67 a prueba de agua y polvo<\/strong><br \/>\nEl resistente dise\u00f1o resistente al polvo y al agua con certificaci\u00f3n IP67 de los auriculares JBL Endurance Race TWS le brinda la libertad de mantenerse activo y lleno de energ\u00eda desde la playa hasta la sala de juntas. Completamente herm\u00e9ticos al polvo, pueden soportar la inmersi\u00f3n en agua hasta 1 m.<\/li>\n<li><strong>Conciencia ambiental y TalkThru<\/strong><br \/>\nAmbient Aware te mantiene alerta a tu entorno donde sea que te lleve la m\u00fasica. Y cuando sea el momento de conversar, simplemente active TalkThru para iniciar conversaciones sin tener que quitarse los auriculares.<\/li>\n<li><strong>Disfruta de llamadas perfectas y tu asistente de voz preferido<\/strong><br \/>\nRealice llamadas en est\u00e9reo perfectas gracias a los micr\u00f3fonos duales de formaci\u00f3n de haces. O acceda a su asistente de voz preferido directamente desde sus auriculares con controles t\u00e1ctiles que mantienen el mundo al alcance de su mano.<\/li>\n<li><strong>La aplicaci\u00f3n de auriculares JBL<\/strong><br \/>\nPersonaliza tu experiencia auditiva. La aplicaci\u00f3n dedicada le permite optimizar la configuraci\u00f3n, elegir su asistente de voz, ajustar los niveles de ecualizaci\u00f3n y m\u00e1s, para que siempre pueda escuchar su m\u00fasica a su manera.<\/li>\n<\/ul>\n<\/div>\n","protected":false},"excerpt":{"rendered":"<p>Los verdaderos auriculares activos inal\u00e1mbricos JBL Endurance Race siempre est\u00e1n equipados y listos para usar.\u00a0Con 30 horas de duraci\u00f3n de la bater\u00eda y un dise\u00f1o a prueba de agua y<\/p>\n","protected":false},"featured_media":84832,"comment_status":"open","ping_status":"closed","template":"","meta":{"_acf_changed":false,"_joinchat":[]},"product_brand":[],"product_cat":[294,300,304],"product_tag":[],"class_list":{"0":"post-84830","1":"product","2":"type-product","3":"status-publish","4":"has-post-thumbnail","6":"product_cat-audio","7":"product_cat-audifonos","8":"product_cat-inalambricos","10":"first","11":"instock","12":"sale","13":"shipping-taxable","14":"purchasable","15":"product-type-simple"},"acf":[],"_links":{"self":[{"href":"https:\/\/defabrica.com.mx\/defabrica\/wp-json\/wp\/v2\/product\/84830","targetHints":{"allow":["GET"]}}],"collection":[{"href":"https:\/\/defabrica.com.mx\/defabrica\/wp-json\/wp\/v2\/product"}],"about":[{"href":"https:\/\/defabrica.com.mx\/defabrica\/wp-json\/wp\/v2\/types\/product"}],"replies":[{"embeddable":true,"href":"https:\/\/defabrica.com.mx\/defabrica\/wp-json\/wp\/v2\/comments?post=84830"}],"wp:featuredmedia":[{"embeddable":true,"href":"https:\/\/defabrica.com.mx\/defabrica\/wp-json\/wp\/v2\/media\/84832"}],"wp:attachment":[{"href":"https:\/\/defabrica.com.mx\/defabrica\/wp-json\/wp\/v2\/media?parent=84830"}],"wp:term":[{"taxonomy":"product_brand","embeddable":true,"href":"https:\/\/defabrica.com.mx\/defabrica\/wp-json\/wp\/v2\/product_brand?post=84830"},{"taxonomy":"product_cat","embeddable":true,"href":"https:\/\/defabrica.com.mx\/defabrica\/wp-json\/wp\/v2\/product_cat?post=84830"},{"taxonomy":"product_tag","embeddable":true,"href":"https:\/\/defabrica.com.mx\/defabrica\/wp-json\/wp\/v2\/product_tag?post=84830"}],"curies":[{"name":"wp","href":"https:\/\/api.w.org\/{rel}","templated":true}]}}