{"id":84823,"date":"2022-06-24T18:38:58","date_gmt":"2022-06-24T23:38:58","guid":{"rendered":"https:\/\/defabrica.com.mx\/defabrica\/?post_type=product&#038;p=84823"},"modified":"2023-01-17T11:56:02","modified_gmt":"2023-01-17T17:56:02","slug":"jbl-auriculares-intrauditivos-inalambricos-endurance-peak-ii-true-negro","status":"publish","type":"product","link":"https:\/\/defabrica.com.mx\/defabrica\/producto\/jbl-auriculares-intrauditivos-inalambricos-endurance-peak-ii-true-negro\/","title":{"rendered":"JBL &#8211; Auriculares intrauditivos inal\u00e1mbricos Endurance Peak II True &#8211; Negro"},"content":{"rendered":"<div class=\"embedded-component-container lv product-description\">\n<div>\n<div id=\"shop-product-description-16932292\" class=\"_none\" data-version=\"1.3.45\">\n<div class=\"shop-product-description\">\n<section class=\"align-heading-left\" data-reactroot=\"\">\n<div class=\"long-description-container body-copy \">\n<div class=\"html-fragment\">Un entrenamiento serio merece equipo serio.\u00a0Los aud\u00edfonos JBL Endurance Peak II True Wireless brindan sonido JBL Pure Bass para impulsar su entrenamiento, al tiempo que brindan comodidad y conectividad para mantenerlo fuerte.\u00a0Obt\u00e9n una motivaci\u00f3n de otro nivel con 30 horas de duraci\u00f3n combinada de la bater\u00eda, desde el momento en que los usas, gracias al Powerhook.\u00a0Los controles t\u00e1ctiles intuitivos le permiten recibir llamadas con manos libres y acceder a su asistente de voz, mientras que la conexi\u00f3n dual garantiza que siempre tendr\u00e1 el control, ya que los auriculares funcionan de forma independiente.\u00a0Su ajuste ergon\u00f3mico y su dise\u00f1o a prueba de sudor\/impermeable te permiten ejercitarte por m\u00e1s tiempo y con m\u00e1s fuerza, donde sea que te lleve tu entrenamiento.<\/div>\n<\/div>\n<\/section>\n<\/div>\n<\/div>\n<\/div>\n<\/div>\n<div class=\"embedded-component-container lv product-features\">\n<h3><\/h3>\n<h3 class=\"heading-5 v-fw-regular feature-heading\"><strong>Caracter\u00edsticas<\/strong><\/h3>\n<ul>\n<li><strong>Sonido de graves puros JBL<\/strong><br \/>\nObtenga suficientes graves para darle un impulso a todo su cuerpo y obtenga ese impulso adicional justo cuando m\u00e1s lo necesita<\/li>\n<li><strong>30 horas de reproducci\u00f3n (6 horas en brotes\/24 horas en el caso)<\/strong><br \/>\nCon una bater\u00eda que dura todo lo que puede, tiene la inspiraci\u00f3n adicional que se necesita para hacer un esfuerzo adicional.<\/li>\n<li><strong>Dise\u00f1o Powerhook para ajuste y control ergon\u00f3micos<\/strong><br \/>\nEl Endurance Peak II se ajusta a ti, no al rev\u00e9s. El cable flexible en el gancho para la oreja le permite ajustar los auriculares a su tama\u00f1o y nivel de comodidad.<\/li>\n<li><strong>Doble conexi\u00f3n<\/strong><br \/>\nNo importa qu\u00e9 auricular saque primero del estuche. Puede tomar llamadas, ajustar el volumen o usar su asistente de voz en cualquiera de los o\u00eddos, para que pueda mantenerse flexible y nunca alterar su impulso.<\/li>\n<li><strong>Llamadas est\u00e9reo manos libres y acceso al asistente de voz<\/strong><br \/>\nMant\u00e9ngase en contacto con su gente y mantenga el control de su reproducci\u00f3n sin interrumpir el flujo de su entrenamiento<\/li>\n<li><strong>IPX7 a prueba de sudor e impermeable<\/strong><br \/>\nAvanzar. M\u00f3jate tanto como quieras. Ya sea lluvia o sudor puro y honesto, no se preocupe por el Peak<\/li>\n<\/ul>\n<\/div>\n","protected":false},"excerpt":{"rendered":"<p>Un entrenamiento serio merece equipo serio.\u00a0Los aud\u00edfonos JBL Endurance Peak II True Wireless brindan sonido JBL Pure Bass para impulsar su entrenamiento, al tiempo que brindan comodidad y conectividad para<\/p>\n","protected":false},"featured_media":84825,"comment_status":"open","ping_status":"closed","template":"","meta":{"_acf_changed":false,"_joinchat":[]},"product_brand":[],"product_cat":[294,300,304],"product_tag":[],"class_list":{"0":"post-84823","1":"product","2":"type-product","3":"status-publish","4":"has-post-thumbnail","6":"product_cat-audio","7":"product_cat-audifonos","8":"product_cat-inalambricos","10":"first","11":"instock","12":"sale","13":"shipping-taxable","14":"purchasable","15":"product-type-simple"},"acf":[],"_links":{"self":[{"href":"https:\/\/defabrica.com.mx\/defabrica\/wp-json\/wp\/v2\/product\/84823","targetHints":{"allow":["GET"]}}],"collection":[{"href":"https:\/\/defabrica.com.mx\/defabrica\/wp-json\/wp\/v2\/product"}],"about":[{"href":"https:\/\/defabrica.com.mx\/defabrica\/wp-json\/wp\/v2\/types\/product"}],"replies":[{"embeddable":true,"href":"https:\/\/defabrica.com.mx\/defabrica\/wp-json\/wp\/v2\/comments?post=84823"}],"wp:featuredmedia":[{"embeddable":true,"href":"https:\/\/defabrica.com.mx\/defabrica\/wp-json\/wp\/v2\/media\/84825"}],"wp:attachment":[{"href":"https:\/\/defabrica.com.mx\/defabrica\/wp-json\/wp\/v2\/media?parent=84823"}],"wp:term":[{"taxonomy":"product_brand","embeddable":true,"href":"https:\/\/defabrica.com.mx\/defabrica\/wp-json\/wp\/v2\/product_brand?post=84823"},{"taxonomy":"product_cat","embeddable":true,"href":"https:\/\/defabrica.com.mx\/defabrica\/wp-json\/wp\/v2\/product_cat?post=84823"},{"taxonomy":"product_tag","embeddable":true,"href":"https:\/\/defabrica.com.mx\/defabrica\/wp-json\/wp\/v2\/product_tag?post=84823"}],"curies":[{"name":"wp","href":"https:\/\/api.w.org\/{rel}","templated":true}]}}