{"id":84809,"date":"2022-06-24T18:31:49","date_gmt":"2022-06-24T23:31:49","guid":{"rendered":"https:\/\/defabrica.com.mx\/defabrica\/?post_type=product&#038;p=84809"},"modified":"2023-01-17T11:55:19","modified_gmt":"2023-01-17T17:55:19","slug":"jbl-auriculares-internos-reflejar-mini-verdadero-inalambrico-con-cancelacion-de-ruido-negro","status":"publish","type":"product","link":"https:\/\/defabrica.com.mx\/defabrica\/producto\/jbl-auriculares-internos-reflejar-mini-verdadero-inalambrico-con-cancelacion-de-ruido-negro\/","title":{"rendered":"JBL &#8211; Auriculares internos Reflejar Mini Verdadero inal\u00e1mbrico con cancelaci\u00f3n de ruido &#8211; Negro"},"content":{"rendered":"<div class=\"embedded-component-container lv product-description\">\n<div>\n<div id=\"shop-product-description-36623381\" class=\"_none\" data-version=\"1.3.45\">\n<div class=\"shop-product-description\">\n<section class=\"align-heading-left\" data-reactroot=\"\">\n<div class=\"long-description-container body-copy \">\n<div class=\"html-fragment\">Dise\u00f1ado para el movimiento, definido por ti.\u00a0Ya sea que te guste el yoga, correr o hacer barra, los auriculares deportivos internos JBL Reflect Mini NC son el accesorio perfecto para tu estilo de vida deportivo.\u00a0Active Noise Cancelling le permite concentrarse en su objetivo de acondicionamiento f\u00edsico sin distracciones, mientras que la tecnolog\u00eda Smart Ambient lo mantiene al tanto de su entorno o le permite chatear con un amigo.\u00a0Cada auricular se conecta de forma inmediata e independiente, por lo que puede recibir llamadas con cualquiera de ellos y asignar funciones \u00fanicas a la izquierda y a la derecha.\u00a0Con 21 horas de tiempo de reproducci\u00f3n, diferentes opciones de colores reflectantes y una clasificaci\u00f3n de impermeabilidad IPX7, son los mejores aud\u00edfonos deportivos internos verdaderamente inal\u00e1mbricos.<\/div>\n<\/div>\n<\/section>\n<\/div>\n<\/div>\n<\/div>\n<\/div>\n<div class=\"embedded-component-container lv product-features\">\n<h3><\/h3>\n<h3 class=\"heading-5 v-fw-regular feature-heading\"><strong>Caracter\u00edsticas<\/strong><\/h3>\n<ul>\n<li><strong>21 horas de reproducci\u00f3n (7 horas en Buds\/14 horas en caso<\/strong><br \/>\nLa bater\u00eda de larga duraci\u00f3n te permite jugar mucho m\u00e1s tiempo y esforzarte mucho m\u00e1s sin tener que parar y tomarte un tiempo para recargar.<\/li>\n<li><strong>Cancelaci\u00f3n activa de ruido con Smart Ambient<\/strong><br \/>\nBloquea lo que no quieres o escucha m\u00e1s de lo que haces. La tecnolog\u00eda Smart Ambient te permite correr con seguridad en la calle o ponerte al d\u00eda con amigos mientras haces ejercicio.<\/li>\n<li><strong>Aleta de oreja para un ajuste seguro<\/strong><br \/>\nElija entre tres estabilizadores de aleta auditiva diferentes para encontrar un ajuste perfecto, estable y c\u00f3modo.<\/li>\n<li><strong>Sonido caracter\u00edstico de JBL<\/strong><br \/>\nEl sonido superior para escuchar tanto en interiores como en exteriores le brinda el tipo correcto de enfoque y motivaci\u00f3n para cualquier situaci\u00f3n, ya sea que est\u00e9 en espacios reducidos o al aire libre.<\/li>\n<li><strong>IA m\u00faltiple incorporada<\/strong><br \/>\nMantenlo simple. Nunca est\u00e1s a m\u00e1s de una palabra de Hey Google o Amazon Alexa, que est\u00e1n ah\u00ed para hacer que cualquier cosa que quieras hacer sea muy f\u00e1cil.<\/li>\n<li><strong>Impermeable con detalles reflectantes<\/strong><br \/>\nAvanzar. M\u00f3jate todo lo que quieras sin preocuparte, gracias a la clasificaci\u00f3n IPX7 a prueba de agua\/sudor. Y con un logotipo reflectante de JBL para una mayor visibilidad y una selecci\u00f3n de colores geniales, puede tener estilo y seguridad al mismo tiempo.<\/li>\n<li><strong>Tecnolog\u00eda Dual Connect + Sync<\/strong><br \/>\nNo importa qu\u00e9 auricular saque primero del estuche. Puede recibir llamadas, ajustar el volumen o usar su asistente de voz en cualquiera de los o\u00eddos, para que pueda mantenerse flexible y nunca alterar su impulso.<\/li>\n<li><strong>Llamadas manos libres en est\u00e9reo con pausa autom\u00e1tica<\/strong><br \/>\nSus auriculares internos est\u00e1n en \u00e9l. Sus micr\u00f3fonos izquierdo y derecho lo captan en est\u00e9reo para sus llamadas telef\u00f3nicas. Qu\u00edtelos y pondr\u00e1n su m\u00fasica en espera. Ni siquiera necesitas pensar en ello.<\/li>\n<li><strong>Mis auriculares JBL<\/strong><br \/>\nObtenga a\u00fan m\u00e1s control y personalizaci\u00f3n de su experiencia auditiva con esta aplicaci\u00f3n gratuita.<\/li>\n<\/ul>\n<\/div>\n","protected":false},"excerpt":{"rendered":"<p>Dise\u00f1ado para el movimiento, definido por ti.\u00a0Ya sea que te guste el yoga, correr o hacer barra, los auriculares deportivos internos JBL Reflect Mini NC son el accesorio perfecto para<\/p>\n","protected":false},"featured_media":84811,"comment_status":"open","ping_status":"closed","template":"","meta":{"_acf_changed":false,"_joinchat":[]},"product_brand":[],"product_cat":[1517,294,300,304],"product_tag":[],"class_list":{"0":"post-84809","1":"product","2":"type-product","3":"status-publish","4":"has-post-thumbnail","6":"product_cat-ofertas-audio","7":"product_cat-audio","8":"product_cat-audifonos","9":"product_cat-inalambricos","11":"first","12":"instock","13":"sale","14":"shipping-taxable","15":"purchasable","16":"product-type-simple"},"acf":[],"_links":{"self":[{"href":"https:\/\/defabrica.com.mx\/defabrica\/wp-json\/wp\/v2\/product\/84809","targetHints":{"allow":["GET"]}}],"collection":[{"href":"https:\/\/defabrica.com.mx\/defabrica\/wp-json\/wp\/v2\/product"}],"about":[{"href":"https:\/\/defabrica.com.mx\/defabrica\/wp-json\/wp\/v2\/types\/product"}],"replies":[{"embeddable":true,"href":"https:\/\/defabrica.com.mx\/defabrica\/wp-json\/wp\/v2\/comments?post=84809"}],"wp:featuredmedia":[{"embeddable":true,"href":"https:\/\/defabrica.com.mx\/defabrica\/wp-json\/wp\/v2\/media\/84811"}],"wp:attachment":[{"href":"https:\/\/defabrica.com.mx\/defabrica\/wp-json\/wp\/v2\/media?parent=84809"}],"wp:term":[{"taxonomy":"product_brand","embeddable":true,"href":"https:\/\/defabrica.com.mx\/defabrica\/wp-json\/wp\/v2\/product_brand?post=84809"},{"taxonomy":"product_cat","embeddable":true,"href":"https:\/\/defabrica.com.mx\/defabrica\/wp-json\/wp\/v2\/product_cat?post=84809"},{"taxonomy":"product_tag","embeddable":true,"href":"https:\/\/defabrica.com.mx\/defabrica\/wp-json\/wp\/v2\/product_tag?post=84809"}],"curies":[{"name":"wp","href":"https:\/\/api.w.org\/{rel}","templated":true}]}}