{"id":84803,"date":"2022-06-24T18:28:09","date_gmt":"2022-06-24T23:28:09","guid":{"rendered":"https:\/\/defabrica.com.mx\/defabrica\/?post_type=product&#038;p=84803"},"modified":"2023-01-17T11:54:54","modified_gmt":"2023-01-17T17:54:54","slug":"jbl-auriculares-inalambricos-sobre-la-oreja-con-cancelacion-de-ruido-live-660nc-negro","status":"publish","type":"product","link":"https:\/\/defabrica.com.mx\/defabrica\/producto\/jbl-auriculares-inalambricos-sobre-la-oreja-con-cancelacion-de-ruido-live-660nc-negro\/","title":{"rendered":"JBL &#8211; Auriculares inal\u00e1mbricos sobre la oreja con cancelaci\u00f3n de ruido Live 660NC &#8211; Negro"},"content":{"rendered":"<div class=\"embedded-component-container lv product-description\">\n<div>\n<div id=\"shop-product-description-18687343\" class=\"_none\" data-version=\"1.3.45\">\n<div class=\"shop-product-description\">\n<section class=\"align-heading-left\" data-reactroot=\"\">\n<div class=\"long-description-container body-copy \">\n<div class=\"html-fragment\">En su mundo, la m\u00fasica es esencial, as\u00ed que p\u00f3ngase un par de JBL Live 660NC y eleve su d\u00eda.\u00a0Siente el poder del JBL Signature Sound entregado por los controladores de 40 mm, disfruta de la comodidad de las tecnolog\u00edas Adaptive Noise Cancelling y Smart Ambient que te permiten concentrarte en lo que te importa y habla con tu asistente de voz favorito con un toque en el auricular.\u00a0\u00a1Rockea ininterrumpidamente durante 50 horas!<\/div>\n<\/div>\n<\/section>\n<\/div>\n<\/div>\n<\/div>\n<\/div>\n<div class=\"embedded-component-container lv product-features\">\n<h3><\/h3>\n<h3 class=\"heading-5 v-fw-regular feature-heading\"><strong>Caracter\u00edsticas<\/strong><\/h3>\n<ul>\n<li><strong>Sonido caracter\u00edstico de JBL<\/strong><br \/>\nEstos auriculares inal\u00e1mbricos cuentan con controladores de 40 mm y una firma de sonido que se puede encontrar en los lugares m\u00e1s famosos de todo el mundo.<\/li>\n<li><strong>Cancelaci\u00f3n de ruido adaptable<\/strong><br \/>\nMant\u00e9n el ruido alejado y conc\u00e9ntrate en la m\u00fasica con la cancelaci\u00f3n adaptativa de ruido de estos auriculares Bluetooth<\/li>\n<li><strong>Conciencia ambiental<\/strong><br \/>\nLa tecnolog\u00eda Ambient Aware le permite caminar con seguridad por calles concurridas aumentando los sonidos ambientales, mientras que con TalkThru se baja la m\u00fasica y se amplifica el habla para que pueda chatear f\u00e1cilmente con los auriculares puestos.<\/li>\n<li><strong>Hola Google y Amazon Alexa<\/strong><br \/>\nMircrophone para llamadas est\u00e9reo con manos libres<br \/>\nMant\u00e9ngase en contacto con su mundo gestionando las llamadas con los botones del auricular. La tecnolog\u00eda de micr\u00f3fono permite llamadas est\u00e9reo perfectas.<\/li>\n<li><strong>Hasta 50 horas de duraci\u00f3n de la bater\u00eda<\/strong><br \/>\n\u00a1Act\u00edvate hasta 50 horas (o hasta 40 horas con ANC y BT activados)! Luego, det\u00e9ngase para una carga r\u00e1pida de 10 minutos y disfrute de 4 horas adicionales de diversi\u00f3n.<\/li>\n<li><strong>Diadema de tela de ajuste c\u00f3modo y bolsa de transporte<\/strong><br \/>\nDise\u00f1ados alrededor de la cabeza con una diadema de tela ajustada y suaves almohadillas para los o\u00eddos, los Live 660NC son s\u00faper c\u00f3modos. La bolsa suave sirve como protecci\u00f3n y almacenamiento cuando viaja.<\/li>\n<li><strong>Reproducci\u00f3n autom\u00e1tica y pausa<\/strong><br \/>\nTu m\u00fasica se pone autom\u00e1ticamente en espera cuando te quitas los auriculares y comienza a reproducirse de nuevo cuando te los vuelves a poner. Ni siquiera necesitas pensar en ello.<\/li>\n<li><strong>Conexi\u00f3n multipunto<\/strong><br \/>\nLe permite cambiar sin esfuerzo de un dispositivo Bluetooth\u00ae a otro. Simplemente puede cambiar de un video en su tableta a una llamada en su tel\u00e9fono m\u00f3vil para que nunca pierda una llamada.<\/li>\n<\/ul>\n<\/div>\n","protected":false},"excerpt":{"rendered":"<p>En su mundo, la m\u00fasica es esencial, as\u00ed que p\u00f3ngase un par de JBL Live 660NC y eleve su d\u00eda.\u00a0Siente el poder del JBL Signature Sound entregado por los controladores<\/p>\n","protected":false},"featured_media":84804,"comment_status":"open","ping_status":"closed","template":"","meta":{"_acf_changed":false,"_joinchat":[]},"product_brand":[],"product_cat":[1517,294,300,304],"product_tag":[],"class_list":{"0":"post-84803","1":"product","2":"type-product","3":"status-publish","4":"has-post-thumbnail","6":"product_cat-ofertas-audio","7":"product_cat-audio","8":"product_cat-audifonos","9":"product_cat-inalambricos","11":"first","12":"instock","13":"sale","14":"shipping-taxable","15":"purchasable","16":"product-type-simple"},"acf":[],"_links":{"self":[{"href":"https:\/\/defabrica.com.mx\/defabrica\/wp-json\/wp\/v2\/product\/84803","targetHints":{"allow":["GET"]}}],"collection":[{"href":"https:\/\/defabrica.com.mx\/defabrica\/wp-json\/wp\/v2\/product"}],"about":[{"href":"https:\/\/defabrica.com.mx\/defabrica\/wp-json\/wp\/v2\/types\/product"}],"replies":[{"embeddable":true,"href":"https:\/\/defabrica.com.mx\/defabrica\/wp-json\/wp\/v2\/comments?post=84803"}],"wp:featuredmedia":[{"embeddable":true,"href":"https:\/\/defabrica.com.mx\/defabrica\/wp-json\/wp\/v2\/media\/84804"}],"wp:attachment":[{"href":"https:\/\/defabrica.com.mx\/defabrica\/wp-json\/wp\/v2\/media?parent=84803"}],"wp:term":[{"taxonomy":"product_brand","embeddable":true,"href":"https:\/\/defabrica.com.mx\/defabrica\/wp-json\/wp\/v2\/product_brand?post=84803"},{"taxonomy":"product_cat","embeddable":true,"href":"https:\/\/defabrica.com.mx\/defabrica\/wp-json\/wp\/v2\/product_cat?post=84803"},{"taxonomy":"product_tag","embeddable":true,"href":"https:\/\/defabrica.com.mx\/defabrica\/wp-json\/wp\/v2\/product_tag?post=84803"}],"curies":[{"name":"wp","href":"https:\/\/api.w.org\/{rel}","templated":true}]}}