{"id":84796,"date":"2022-06-24T18:23:45","date_gmt":"2022-06-24T23:23:45","guid":{"rendered":"https:\/\/defabrica.com.mx\/defabrica\/?post_type=product&#038;p=84796"},"modified":"2023-01-17T11:54:31","modified_gmt":"2023-01-17T17:54:31","slug":"jbl-live460nc-auriculares-inalambricos-con-cancelacion-de-ruido-en-la-oreja-negro","status":"publish","type":"product","link":"https:\/\/defabrica.com.mx\/defabrica\/producto\/jbl-live460nc-auriculares-inalambricos-con-cancelacion-de-ruido-en-la-oreja-negro\/","title":{"rendered":"JBL &#8211; Live460NC Auriculares inal\u00e1mbricos con cancelaci\u00f3n de ruido en la oreja &#8211; Negro"},"content":{"rendered":"<div class=\"embedded-component-container lv product-description\">\n<div>\n<div id=\"shop-product-description-16350611\" class=\"_none\" data-version=\"1.3.45\">\n<div class=\"shop-product-description\">\n<section class=\"align-heading-left\" data-reactroot=\"\">\n<div class=\"long-description-container body-copy \">\n<div class=\"html-fragment\">En su mundo, un sonido superior es esencial, ya que es estar en la zona.\u00a0As\u00ed que p\u00f3ngase un par de auriculares JBL Live 460NC y obtenga ambos.\u00a0Equipados con controladores masivos de 40 mm, los auriculares JBL Live 460NC brindan el sonido caracter\u00edstico de JBL, puntuado con graves mejorados para que destaque cada pista en cada lista de reproducci\u00f3n.\u00a0Activa la Cancelaci\u00f3n de ruido adaptativa si lo que necesitas es concentrarte y Smart Ambient si quieres mantenerte en contacto con tu entorno.\u00a0\u00bfNecesita ayuda para pasar el d\u00eda?\u00a0Obtenga ayuda de su asistente de voz preferido usando su voz o con un toque en el auricular.\u00a0Y si configura Hey Google, active las funciones de su JBL Live 460NC solo con su voz.\u00a0\u00a1Magia!\u00a0Ligero y c\u00f3modo gracias a la diadema acolchada suave como una almohada, disfrutar\u00e1 de hasta 50 horas de transmisi\u00f3n de m\u00fasica con ANC desactivado, llamadas est\u00e9reo perfectas y un conveniente cable de audio desmontable.\u00a0que te permite rockear incluso cuando se agota la bater\u00eda.\u00a0Cuando no est\u00e1 en uso, su Live 460NC se detiene autom\u00e1ticamente y reanuda la reproducci\u00f3n cuando se vuelve a levantar.\u00a0Disfruta mientras te mantienes sintonizado con los auriculares JBL Live 460NC.<\/div>\n<\/div>\n<\/section>\n<\/div>\n<\/div>\n<\/div>\n<\/div>\n<div class=\"embedded-component-container lv product-features\">\n<h3><\/h3>\n<h3 class=\"heading-5 v-fw-regular feature-heading\"><strong>Caracter\u00edsticas<\/strong><\/h3>\n<ul>\n<li><strong>Sonido caracter\u00edstico de JBL, inal\u00e1mbrico<\/strong><br \/>\nEstos auriculares inal\u00e1mbricos cuentan con controladores de 40 mm y una firma de sonido que se puede encontrar en los lugares m\u00e1s famosos de todo el mundo.<\/li>\n<li><strong>Cancelaci\u00f3n de ruido adaptable<\/strong><br \/>\nMant\u00e9n el ruido alejado y conc\u00e9ntrate en la m\u00fasica. La tecnolog\u00eda Ambient Aware le permite caminar con seguridad por calles concurridas aumentando los sonidos ambientales, mientras que con TalkThru se baja la m\u00fasica y se amplifica el habla para que pueda chatear f\u00e1cilmente con los auriculares puestos.<\/li>\n<li><strong>Hola Google y Amazon Alexa<\/strong><br \/>\nUse su asistente de voz preferido con su voz o un toque en el auricular. Active Noise Cancelling o Ambient Aware, verifique la duraci\u00f3n de la bater\u00eda o apague sus auriculares simplemente con el Asistente de Google. Se requiere Android 6.0 o superior para tener acceso completo a las funciones de Alexa.<\/li>\n<li><strong>Micr\u00f3fono para llamadas est\u00e9reo con manos libres<\/strong><br \/>\nMant\u00e9ngase en contacto con su mundo gestionando las llamadas con los botones del auricular. La tecnolog\u00eda de micr\u00f3fono permite llamadas est\u00e9reo perfectas.<\/li>\n<li><strong>Hasta 50 horas de duraci\u00f3n de la bater\u00eda<\/strong><br \/>\n\u00a1Act\u00edvate hasta 50 horas (o hasta 40 horas con ANC y BT activados)! Luego, det\u00e9ngase para una carga r\u00e1pida de 10 minutos y disfrute de 4 horas adicionales de diversi\u00f3n.<\/li>\n<li><strong>Conexi\u00f3n multipunto<\/strong><br \/>\nLe permite cambiar sin esfuerzo de un dispositivo Bluetooth\u00ae a otro. Simplemente puede cambiar de un video en su tableta a una llamada en su tel\u00e9fono m\u00f3vil, para que nunca pierda una llamada.<\/li>\n<li><strong>Diadema de tela de ajuste c\u00f3modo<\/strong><br \/>\nDise\u00f1ados alrededor de la cabeza con una diadema de tela ajustada y suaves almohadillas para los o\u00eddos, los Live 460NC son s\u00faper c\u00f3modos.<\/li>\n<li><strong>Reproducci\u00f3n autom\u00e1tica y pausa<\/strong><br \/>\nTu m\u00fasica se pone autom\u00e1ticamente en espera cuando te quitas los auriculares y comienza a reproducirse de nuevo cuando te los vuelves a poner. Ni siquiera necesitas pensar en ello.<\/li>\n<li><strong>Par r\u00e1pido de Google<\/strong><br \/>\nGracias a Fast Pair habilitado por Google, los JBL Live 460NC se conectan inmediatamente a su dispositivo Android. Tambi\u00e9n puede emparejar varios dispositivos con solo tocar la pantalla de los dispositivos.<\/li>\n<li><strong>Mi aplicaci\u00f3n de auriculares JBL<\/strong><br \/>\nTus auriculares deben ajustarse a ti, no al rev\u00e9s. El sonido y las funciones de estos auriculares se personalizan f\u00e1cilmente con la aplicaci\u00f3n My JBL Headphones: cambie el ecualizador, seleccione su asistente de voz preferido, establezca la configuraci\u00f3n de Smart Ambient y mucho m\u00e1s con esta aplicaci\u00f3n gratuita.<\/li>\n<\/ul>\n<\/div>\n","protected":false},"excerpt":{"rendered":"<p>En su mundo, un sonido superior es esencial, ya que es estar en la zona.\u00a0As\u00ed que p\u00f3ngase un par de auriculares JBL Live 460NC y obtenga ambos.\u00a0Equipados con controladores masivos<\/p>\n","protected":false},"featured_media":84798,"comment_status":"open","ping_status":"closed","template":"","meta":{"_acf_changed":false,"_joinchat":[]},"product_brand":[],"product_cat":[1517,294,300,304],"product_tag":[],"class_list":{"0":"post-84796","1":"product","2":"type-product","3":"status-publish","4":"has-post-thumbnail","6":"product_cat-ofertas-audio","7":"product_cat-audio","8":"product_cat-audifonos","9":"product_cat-inalambricos","11":"first","12":"instock","13":"sale","14":"shipping-taxable","15":"purchasable","16":"product-type-simple"},"acf":[],"_links":{"self":[{"href":"https:\/\/defabrica.com.mx\/defabrica\/wp-json\/wp\/v2\/product\/84796","targetHints":{"allow":["GET"]}}],"collection":[{"href":"https:\/\/defabrica.com.mx\/defabrica\/wp-json\/wp\/v2\/product"}],"about":[{"href":"https:\/\/defabrica.com.mx\/defabrica\/wp-json\/wp\/v2\/types\/product"}],"replies":[{"embeddable":true,"href":"https:\/\/defabrica.com.mx\/defabrica\/wp-json\/wp\/v2\/comments?post=84796"}],"wp:featuredmedia":[{"embeddable":true,"href":"https:\/\/defabrica.com.mx\/defabrica\/wp-json\/wp\/v2\/media\/84798"}],"wp:attachment":[{"href":"https:\/\/defabrica.com.mx\/defabrica\/wp-json\/wp\/v2\/media?parent=84796"}],"wp:term":[{"taxonomy":"product_brand","embeddable":true,"href":"https:\/\/defabrica.com.mx\/defabrica\/wp-json\/wp\/v2\/product_brand?post=84796"},{"taxonomy":"product_cat","embeddable":true,"href":"https:\/\/defabrica.com.mx\/defabrica\/wp-json\/wp\/v2\/product_cat?post=84796"},{"taxonomy":"product_tag","embeddable":true,"href":"https:\/\/defabrica.com.mx\/defabrica\/wp-json\/wp\/v2\/product_tag?post=84796"}],"curies":[{"name":"wp","href":"https:\/\/api.w.org\/{rel}","templated":true}]}}