{"id":84769,"date":"2022-06-24T14:06:12","date_gmt":"2022-06-24T19:06:12","guid":{"rendered":"https:\/\/defabrica.com.mx\/defabrica\/?post_type=product&#038;p=84769"},"modified":"2022-12-12T10:59:33","modified_gmt":"2022-12-12T16:59:33","slug":"jbl-audifonos-supraaurales-inalambricos-con-cancelacion-de-ruido-tour-one-negro","status":"publish","type":"product","link":"https:\/\/defabrica.com.mx\/defabrica\/producto\/jbl-audifonos-supraaurales-inalambricos-con-cancelacion-de-ruido-tour-one-negro\/","title":{"rendered":"JBL &#8211; Aud\u00edfonos supraaurales inal\u00e1mbricos con cancelaci\u00f3n de ruido Tour One &#8211; Negro"},"content":{"rendered":"<div class=\"embedded-component-container lv product-description\">\n<div>\n<div id=\"shop-product-description-826865\" class=\"_none\" data-version=\"1.3.45\">\n<div class=\"shop-product-description\">\n<section class=\"align-heading-left\" data-reactroot=\"\">\n<div class=\"long-description-container body-copy \">\n<div class=\"html-fragment\">Tome el control de su entorno y potencie su productividad con el incre\u00edble JBL Pro Sound.\u00a0Con una interfaz inteligente e intuitiva, un rendimiento superior y un dise\u00f1o elegante, los auriculares JBL Tour One eliminan sin problemas las distracciones en tiempo real con True Adaptive Noise Cancelling, para que pueda concentrarse en sus trabajos o sumergirse en la m\u00fasica.\u00a0Sintonice o desconecte los ruidos y las voces del entorno con Smart Ambient y realice llamadas n\u00edtidas, incluso en entornos ruidosos y ventosos, todo con solo tocar un bot\u00f3n.\u00a0La certificaci\u00f3n de audio de alta resoluci\u00f3n, que admite frecuencias de hasta 40 kHz, garantiza una experiencia auditiva ideal durante todo el d\u00eda con la friolera de 50 horas de reproducci\u00f3n m\u00e1xima.\u00a0Aproveche al m\u00e1ximo las funciones de JBL Tour One con la aplicaci\u00f3n gratuita.<\/div>\n<\/div>\n<\/section>\n<\/div>\n<\/div>\n<\/div>\n<\/div>\n<div class=\"embedded-component-container lv product-features\">\n<h3><\/h3>\n<h3 class=\"heading-5 v-fw-regular feature-heading\"><strong>Caracter\u00edsticas<\/strong><\/h3>\n<div class=\"embedded-component-container lv product-features\">\n<div>\n<div id=\"shop-product-features-22124077\" class=\"_none\" data-version=\"4.1.16\">\n<div class=\"shop-product-features\">\n<div class=\"lv align-heading-left\" data-reactroot=\"\">\n<div class=\"feature-body-container\">\n<div class=\"features-list-container\">\n<div class=\"features-list all-features\">\n<div class=\"list-row\"><\/div>\n<\/div>\n<\/div>\n<\/div>\n<\/div>\n<\/div>\n<\/div>\n<\/div>\n<\/div>\n<div class=\"embedded-component-container lv whats-included\">\n<ul>\n<li class=\"embedded-divider\"><strong>Cancelaci\u00f3n de ruido adaptativa real<\/strong><br \/>\n<strong>JBL Pro Sound, certificado de alta resoluci\u00f3n<\/strong><br \/>\n<strong>Tecnolog\u00eda de 4 micr\u00f3fonos para llamadas de voz claras y precisas<\/strong><br \/>\n<strong>Conciencia ambiental y TalkThru<\/strong><br \/>\n<strong>Aumente su productividad<\/strong><\/li>\n<\/ul>\n<div>\n<div id=\"shop-whats-included-90871302\" class=\"_none\" data-version=\"2.1.19\">\n<div class=\"shop-whats-included\">\n<div class=\"whats-included accordion-container \" data-reactroot=\"\">\n<div class=\"header-container header-lv\">\n<div class=\"embedded-component-container lv whats-included\">\n<div>\n<div id=\"shop-whats-included-91248187\" class=\"_none\" data-version=\"2.1.19\">\n<div class=\"shop-whats-included\">\n<div class=\"whats-included accordion-container \" data-reactroot=\"\">\n<div class=\"header-container header-lv\"><\/div>\n<\/div>\n<\/div>\n<\/div>\n<\/div>\n<\/div>\n<\/div>\n<\/div>\n<\/div>\n<\/div>\n<\/div>\n<\/div>\n<\/div>\n","protected":false},"excerpt":{"rendered":"<p>Tome el control de su entorno y potencie su productividad con el incre\u00edble JBL Pro Sound.\u00a0Con una interfaz inteligente e intuitiva, un rendimiento superior y un dise\u00f1o elegante, los auriculares<\/p>\n","protected":false},"featured_media":84771,"comment_status":"open","ping_status":"closed","template":"","meta":{"_acf_changed":false,"_joinchat":[]},"product_brand":[],"product_cat":[294,300,304],"product_tag":[],"class_list":{"0":"post-84769","1":"product","2":"type-product","3":"status-publish","4":"has-post-thumbnail","6":"product_cat-audio","7":"product_cat-audifonos","8":"product_cat-inalambricos","10":"first","11":"instock","12":"sale","13":"shipping-taxable","14":"purchasable","15":"product-type-simple"},"acf":[],"_links":{"self":[{"href":"https:\/\/defabrica.com.mx\/defabrica\/wp-json\/wp\/v2\/product\/84769","targetHints":{"allow":["GET"]}}],"collection":[{"href":"https:\/\/defabrica.com.mx\/defabrica\/wp-json\/wp\/v2\/product"}],"about":[{"href":"https:\/\/defabrica.com.mx\/defabrica\/wp-json\/wp\/v2\/types\/product"}],"replies":[{"embeddable":true,"href":"https:\/\/defabrica.com.mx\/defabrica\/wp-json\/wp\/v2\/comments?post=84769"}],"wp:featuredmedia":[{"embeddable":true,"href":"https:\/\/defabrica.com.mx\/defabrica\/wp-json\/wp\/v2\/media\/84771"}],"wp:attachment":[{"href":"https:\/\/defabrica.com.mx\/defabrica\/wp-json\/wp\/v2\/media?parent=84769"}],"wp:term":[{"taxonomy":"product_brand","embeddable":true,"href":"https:\/\/defabrica.com.mx\/defabrica\/wp-json\/wp\/v2\/product_brand?post=84769"},{"taxonomy":"product_cat","embeddable":true,"href":"https:\/\/defabrica.com.mx\/defabrica\/wp-json\/wp\/v2\/product_cat?post=84769"},{"taxonomy":"product_tag","embeddable":true,"href":"https:\/\/defabrica.com.mx\/defabrica\/wp-json\/wp\/v2\/product_tag?post=84769"}],"curies":[{"name":"wp","href":"https:\/\/api.w.org\/{rel}","templated":true}]}}