{"id":84755,"date":"2022-06-24T13:55:13","date_gmt":"2022-06-24T18:55:13","guid":{"rendered":"https:\/\/defabrica.com.mx\/defabrica\/?post_type=product&#038;p=84755"},"modified":"2023-01-17T11:52:38","modified_gmt":"2023-01-17T17:52:38","slug":"jbl-audifonos-supraaurales-inalambricos-tune-510bt-negro","status":"publish","type":"product","link":"https:\/\/defabrica.com.mx\/defabrica\/producto\/jbl-audifonos-supraaurales-inalambricos-tune-510bt-negro\/","title":{"rendered":"JBL &#8211; Aud\u00edfonos supraaurales inal\u00e1mbricos Tune 510BT &#8211; Negro"},"content":{"rendered":"<div class=\"embedded-component-container lv product-description\">\n<div>\n<div id=\"shop-product-description-38740115\" class=\"_none\" data-version=\"1.3.45\">\n<div class=\"shop-product-description\">\n<section class=\"align-heading-left\" data-reactroot=\"\">\n<div class=\"long-description-container body-copy \">\n<div class=\"html-fragment\">Los auriculares JBL Tune 510BT le permiten transmitir un potente sonido JBL Pure Bass sin ataduras.\u00a0F\u00e1ciles de usar, estos auriculares brindan hasta 40 horas de puro placer y 2 horas adicionales de bater\u00eda con solo 5 minutos de carga con el cable de carga USB-C.\u00a0Y si entra una llamada mientras mira un video en otro dispositivo, el JBL Tune 510BT cambia sin problemas a su tel\u00e9fono m\u00f3vil.\u00a0Bluetooth 5.0 habilitado y dise\u00f1ado para ser c\u00f3modo, los auriculares JBL Tune 510BT tambi\u00e9n le permiten conectarse a Siri o Google sin usar su dispositivo m\u00f3vil.\u00a0Disponibles en varios colores frescos y plegables para facilitar su transporte, los auriculares JBL Tune 510BT son una soluci\u00f3n lista para usar que lo ayuda a inyectar m\u00fasica en todos los aspectos de su ajetreada vida.<\/div>\n<\/div>\n<\/section>\n<\/div>\n<\/div>\n<\/div>\n<\/div>\n<div class=\"embedded-component-container lv product-features\">\n<h3><\/h3>\n<h3 class=\"heading-5 v-fw-regular feature-heading\"><strong>Caracter\u00edsticas<\/strong><\/h3>\n<ul>\n<li><strong>Sonido de graves puros JBL<\/strong><br \/>\nCuenta con el renombrado sonido de bajos puros JBL, que se puede encontrar en los lugares m\u00e1s famosos de todo el mundo.<\/li>\n<li><strong>Transmisi\u00f3n inal\u00e1mbrica bluetooth 5.0<\/strong><br \/>\nTransmita de forma inal\u00e1mbrica sonido de alta calidad desde su tel\u00e9fono inteligente sin cables desordenados.<\/li>\n<li><strong>Hasta 40 horas de duraci\u00f3n de la bater\u00eda y velocidad de carga<\/strong><br \/>\nPara una diversi\u00f3n duradera, escuche de forma inal\u00e1mbrica durante 40 horas y recargue la bater\u00eda en tan solo 2 horas con el pr\u00e1ctico cable USB tipo C. Una recarga r\u00e1pida de 5 minutos te brinda 2 horas adicionales de m\u00fasica.<\/li>\n<li><strong>Conexiones multipunto<\/strong><br \/>\nLe permite cambiar sin esfuerzo de un dispositivo bluetooth a otro. Simplemente puede cambiar de un video en su tableta a una llamada en su tel\u00e9fono m\u00f3vil, para que nunca pierda una llamada.<\/li>\n<li><strong>Llamadas manos libres<\/strong><br \/>\nControle f\u00e1cilmente su sonido y administre sus llamadas desde sus auriculares con los botones convenientes en el auricular.<\/li>\n<li><strong>Dise\u00f1o ligero, c\u00f3modo y plegable.<\/strong><br \/>\nLos materiales livianos y las suaves almohadillas para los o\u00eddos con una diadema acolchada hacen que los auriculares sean c\u00f3modos de usar durante per\u00edodos prolongados. El dise\u00f1o plegable hace que sea conveniente para usted llevar sus auriculares a cualquier lugar y en cualquier momento que desee escuchar m\u00fasica.<\/li>\n<li><strong>Preg\u00fantale a Siri o Hey Google<\/strong><br \/>\nSiri o Hey Google est\u00e1n a solo un bot\u00f3n de distancia: active el asistente de voz de su dispositivo presionando el bot\u00f3n multifunci\u00f3n.<\/li>\n<\/ul>\n<\/div>\n","protected":false},"excerpt":{"rendered":"<p>Los auriculares JBL Tune 510BT le permiten transmitir un potente sonido JBL Pure Bass sin ataduras.\u00a0F\u00e1ciles de usar, estos auriculares brindan hasta 40 horas de puro placer y 2 horas<\/p>\n","protected":false},"featured_media":84757,"comment_status":"open","ping_status":"closed","template":"","meta":{"_acf_changed":false,"_joinchat":[]},"product_brand":[],"product_cat":[1517,294,300,304],"product_tag":[],"class_list":{"0":"post-84755","1":"product","2":"type-product","3":"status-publish","4":"has-post-thumbnail","6":"product_cat-ofertas-audio","7":"product_cat-audio","8":"product_cat-audifonos","9":"product_cat-inalambricos","11":"first","12":"instock","13":"sale","14":"shipping-taxable","15":"purchasable","16":"product-type-simple"},"acf":[],"_links":{"self":[{"href":"https:\/\/defabrica.com.mx\/defabrica\/wp-json\/wp\/v2\/product\/84755","targetHints":{"allow":["GET"]}}],"collection":[{"href":"https:\/\/defabrica.com.mx\/defabrica\/wp-json\/wp\/v2\/product"}],"about":[{"href":"https:\/\/defabrica.com.mx\/defabrica\/wp-json\/wp\/v2\/types\/product"}],"replies":[{"embeddable":true,"href":"https:\/\/defabrica.com.mx\/defabrica\/wp-json\/wp\/v2\/comments?post=84755"}],"wp:featuredmedia":[{"embeddable":true,"href":"https:\/\/defabrica.com.mx\/defabrica\/wp-json\/wp\/v2\/media\/84757"}],"wp:attachment":[{"href":"https:\/\/defabrica.com.mx\/defabrica\/wp-json\/wp\/v2\/media?parent=84755"}],"wp:term":[{"taxonomy":"product_brand","embeddable":true,"href":"https:\/\/defabrica.com.mx\/defabrica\/wp-json\/wp\/v2\/product_brand?post=84755"},{"taxonomy":"product_cat","embeddable":true,"href":"https:\/\/defabrica.com.mx\/defabrica\/wp-json\/wp\/v2\/product_cat?post=84755"},{"taxonomy":"product_tag","embeddable":true,"href":"https:\/\/defabrica.com.mx\/defabrica\/wp-json\/wp\/v2\/product_tag?post=84755"}],"curies":[{"name":"wp","href":"https:\/\/api.w.org\/{rel}","templated":true}]}}