{"id":84747,"date":"2022-06-24T13:51:05","date_gmt":"2022-06-24T18:51:05","guid":{"rendered":"https:\/\/defabrica.com.mx\/defabrica\/?post_type=product&#038;p=84747"},"modified":"2023-01-17T11:52:15","modified_gmt":"2023-01-17T17:52:15","slug":"jbl-audifonos-tour-pro-plus-cancelacion-de-ruido-inalambrica-verdadera-negro","status":"publish","type":"product","link":"https:\/\/defabrica.com.mx\/defabrica\/producto\/jbl-audifonos-tour-pro-plus-cancelacion-de-ruido-inalambrica-verdadera-negro\/","title":{"rendered":"\u00abJBL &#8211; Aud\u00edfonos Tour Pro Plus Cancelaci\u00f3n de ruido inal\u00e1mbrica verdadera &#8211; Negro\u00bb"},"content":{"rendered":"<div class=\"embedded-component-container lv product-description\">\n<div>\n<div id=\"shop-product-description-72730070\" class=\"_none\" data-version=\"1.3.45\">\n<div class=\"shop-product-description\">\n<section class=\"align-heading-left\" data-reactroot=\"\">\n<div class=\"long-description-container body-copy \">\n<div class=\"html-fragment\">Sea due\u00f1o de su d\u00eda con JBL Tour Pro+ TWS con la tecnolog\u00eda de JBL Pro Sound.\u00a0Con 32 horas de duraci\u00f3n de la bater\u00eda recargable de forma inal\u00e1mbrica y una aplicaci\u00f3n compatible para una m\u00e1xima personalizaci\u00f3n, estos elegantes auriculares internos lo mantienen inspirado y comprometido con la tecnolog\u00eda de cancelaci\u00f3n de ruido adaptable y Smart Ambient para controlar los sonidos a su alrededor.\u00a0Desde el momento en que abra el estuche, disfrutar\u00e1 inmediatamente de funciones inteligentes creadas para aumentar su productividad y un ajuste c\u00f3modo sin igual.\u00a0La tecnolog\u00eda de 3 micr\u00f3fonos garantiza llamadas de alta calidad incluso en entornos ruidosos o ventosos.\u00a0Estar\u00e1s listo para ponerte manos a la obra o soltarte donde sea que te lleven tus aventuras.<\/div>\n<\/div>\n<\/section>\n<\/div>\n<\/div>\n<\/div>\n<\/div>\n<div class=\"embedded-component-container lv product-features\">\n<h3><\/h3>\n<h3 class=\"heading-5 v-fw-regular feature-heading\"><strong>Caracter\u00edsticas<\/strong><\/h3>\n<ul>\n<li><strong>Sonido profesional JBL<\/strong><br \/>\nDesde graves intensos y contundentes hasta notas altas emocionantes, siempre experimentar\u00e1 la mejor experiencia de sonido con nuestros controladores din\u00e1micos JBL Tour Pro+ TWS de 6,8 mm con tecnolog\u00eda JBL Pro Sound.<\/li>\n<li><strong>Hasta 32 horas de reproducci\u00f3n total de m\u00fasica, de forma inal\u00e1mbrica<\/strong><br \/>\nMant\u00e9ngase conectado todo el d\u00eda con hasta 32 horas de duraci\u00f3n de la bater\u00eda, carga inal\u00e1mbrica compatible con Qi y tres encendidos en el estuche. Adem\u00e1s, incluso si finalmente se queda sin energ\u00eda, puede acelerar la carga a una hora de reproducci\u00f3n en minutos.<\/li>\n<\/ul>\n<\/div>\n","protected":false},"excerpt":{"rendered":"<p>Sea due\u00f1o de su d\u00eda con JBL Tour Pro+ TWS con la tecnolog\u00eda de JBL Pro Sound.\u00a0Con 32 horas de duraci\u00f3n de la bater\u00eda recargable de forma inal\u00e1mbrica y una<\/p>\n","protected":false},"featured_media":84750,"comment_status":"open","ping_status":"closed","template":"","meta":{"_acf_changed":false,"_joinchat":[]},"product_brand":[],"product_cat":[1517,294,300,304],"product_tag":[],"class_list":{"0":"post-84747","1":"product","2":"type-product","3":"status-publish","4":"has-post-thumbnail","6":"product_cat-ofertas-audio","7":"product_cat-audio","8":"product_cat-audifonos","9":"product_cat-inalambricos","11":"first","12":"instock","13":"sale","14":"shipping-taxable","15":"purchasable","16":"product-type-simple"},"acf":[],"_links":{"self":[{"href":"https:\/\/defabrica.com.mx\/defabrica\/wp-json\/wp\/v2\/product\/84747","targetHints":{"allow":["GET"]}}],"collection":[{"href":"https:\/\/defabrica.com.mx\/defabrica\/wp-json\/wp\/v2\/product"}],"about":[{"href":"https:\/\/defabrica.com.mx\/defabrica\/wp-json\/wp\/v2\/types\/product"}],"replies":[{"embeddable":true,"href":"https:\/\/defabrica.com.mx\/defabrica\/wp-json\/wp\/v2\/comments?post=84747"}],"wp:featuredmedia":[{"embeddable":true,"href":"https:\/\/defabrica.com.mx\/defabrica\/wp-json\/wp\/v2\/media\/84750"}],"wp:attachment":[{"href":"https:\/\/defabrica.com.mx\/defabrica\/wp-json\/wp\/v2\/media?parent=84747"}],"wp:term":[{"taxonomy":"product_brand","embeddable":true,"href":"https:\/\/defabrica.com.mx\/defabrica\/wp-json\/wp\/v2\/product_brand?post=84747"},{"taxonomy":"product_cat","embeddable":true,"href":"https:\/\/defabrica.com.mx\/defabrica\/wp-json\/wp\/v2\/product_cat?post=84747"},{"taxonomy":"product_tag","embeddable":true,"href":"https:\/\/defabrica.com.mx\/defabrica\/wp-json\/wp\/v2\/product_tag?post=84747"}],"curies":[{"name":"wp","href":"https:\/\/api.w.org\/{rel}","templated":true}]}}