{"id":84695,"date":"2022-06-23T21:25:37","date_gmt":"2022-06-24T02:25:37","guid":{"rendered":"https:\/\/defabrica.com.mx\/defabrica\/?post_type=product&#038;p=84695"},"modified":"2022-12-12T10:55:44","modified_gmt":"2022-12-12T16:55:44","slug":"jbl-auriculares-inalambricos-con-cancelacion-de-ruido-en-la-oreja-tune-660nc-negro","status":"publish","type":"product","link":"https:\/\/defabrica.com.mx\/defabrica\/producto\/jbl-auriculares-inalambricos-con-cancelacion-de-ruido-en-la-oreja-tune-660nc-negro\/","title":{"rendered":"JBL &#8211; Auriculares inal\u00e1mbricos con cancelaci\u00f3n de ruido en la oreja Tune 660NC &#8211; Negro"},"content":{"rendered":"<div class=\"embedded-component-container lv product-description\">\n<div>\n<div id=\"shop-product-description-3941579\" class=\"_none\" data-version=\"1.3.45\">\n<div class=\"shop-product-description\">\n<section class=\"align-heading-left\" data-reactroot=\"\">\n<div class=\"long-description-container body-copy \">\n<div class=\"html-fragment\">Con los auriculares Tune 660NC Noise Cancelling, obtendr\u00e1s un excelente sonido, \u00a1sin ruidos!\u00a0Disfrute del sonido de graves puros de JBL durante hasta 44 horas con ANC activado y luego rec\u00e1rguelo en un instante (solo 5 minutos para 2 horas adicionales de bater\u00eda).\u00a0\u00bfSin jugo?\u00a0Simplemente conecte el cable desmontable adicional para mantener el flujo.\u00a0Empareje inmediatamente el JBL Tune 660NC con su dispositivo Android gracias a Fast Pair habilitado por Google.\u00a0Luego, use los pr\u00e1cticos botones en el auricular para controlar el sonido y las llamadas y deje su dispositivo en su bolsillo.\u00a0Elige el color que mejor se adapte a tu estado de \u00e1nimo.\u00a0S\u00faper ligeros y plegables, caben en cualquier lugar y est\u00e1n listos para iluminar tu d\u00eda.<\/div>\n<\/div>\n<\/section>\n<\/div>\n<\/div>\n<\/div>\n<\/div>\n<div class=\"embedded-component-container lv product-features\">\n<h3><\/h3>\n<h3 class=\"heading-5 v-fw-regular feature-heading\"><strong>Caracter\u00edsticas<\/strong><\/h3>\n<ul>\n<li><strong>Cancelaci\u00f3n activa de ruido<\/strong><br \/>\nMant\u00e9n el ruido fuera y disfruta de tu m\u00fasica.<\/li>\n<li><strong>Sonido de graves puros JBL<\/strong><br \/>\nDurante m\u00e1s de 70 a\u00f1os, JBL ha dise\u00f1ado el sonido preciso e impresionante que se encuentra en los grandes recintos de todo el mundo. Estos auriculares reproducen el mismo sonido JBL, con unos graves profundos y potentes.<\/li>\n<li><strong>Hasta 44 horas de duraci\u00f3n de la bater\u00eda<\/strong><br \/>\nEscuche de forma inal\u00e1mbrica durante 44 horas con cancelaci\u00f3n activa de ruido para una diversi\u00f3n duradera. O hasta 55 horas solo con BT. Obtenga 2 horas extra con solo 5 minutos de carga usando el conveniente cable USB Tipo-C. Disfruta infinitamente en modo con cable, usando el cable desmontable provisto.<\/li>\n<li><strong>Llamadas manos libres y soporte de asistente de voz<\/strong><br \/>\nControle f\u00e1cilmente su sonido y administre sus llamadas desde sus auriculares con los botones convenientes y el micr\u00f3fono en el auricular. O use el bot\u00f3n del auricular para comunicarse r\u00e1pidamente con el asistente de voz de su dispositivo.<\/li>\n<li><strong>Transmisi\u00f3n inal\u00e1mbrica Bluetooth<\/strong><br \/>\nTransmita de forma inal\u00e1mbrica sonido de alta calidad desde su tel\u00e9fono inteligente o tableta sin cables desordenados, gracias a Bluetooth 5.0.<\/li>\n<li><strong>Dise\u00f1o ligero y plegable.<\/strong><br \/>\nLos materiales livianos los hacen c\u00f3modos para sus o\u00eddos, y una construcci\u00f3n resistente garantiza que estos auriculares se plieguen y desplieguen perfectamente a lo largo de los a\u00f1os.<\/li>\n<li><strong>Emparejamiento r\u00e1pido habilitado por Google<\/strong><br \/>\nJBL Tune 660NC se empareja inmediatamente con su dispositivo Android tan pronto como se encienden, gracias a Fast Pair habilitado por Google.<\/li>\n<\/ul>\n<\/div>\n","protected":false},"excerpt":{"rendered":"<p>Con los auriculares Tune 660NC Noise Cancelling, obtendr\u00e1s un excelente sonido, \u00a1sin ruidos!\u00a0Disfrute del sonido de graves puros de JBL durante hasta 44 horas con ANC activado y luego rec\u00e1rguelo<\/p>\n","protected":false},"featured_media":84697,"comment_status":"open","ping_status":"closed","template":"","meta":{"_acf_changed":false,"_joinchat":[]},"product_brand":[],"product_cat":[294,300,304],"product_tag":[],"class_list":{"0":"post-84695","1":"product","2":"type-product","3":"status-publish","4":"has-post-thumbnail","6":"product_cat-audio","7":"product_cat-audifonos","8":"product_cat-inalambricos","10":"first","11":"instock","12":"sale","13":"shipping-taxable","14":"purchasable","15":"product-type-simple"},"acf":[],"_links":{"self":[{"href":"https:\/\/defabrica.com.mx\/defabrica\/wp-json\/wp\/v2\/product\/84695","targetHints":{"allow":["GET"]}}],"collection":[{"href":"https:\/\/defabrica.com.mx\/defabrica\/wp-json\/wp\/v2\/product"}],"about":[{"href":"https:\/\/defabrica.com.mx\/defabrica\/wp-json\/wp\/v2\/types\/product"}],"replies":[{"embeddable":true,"href":"https:\/\/defabrica.com.mx\/defabrica\/wp-json\/wp\/v2\/comments?post=84695"}],"wp:featuredmedia":[{"embeddable":true,"href":"https:\/\/defabrica.com.mx\/defabrica\/wp-json\/wp\/v2\/media\/84697"}],"wp:attachment":[{"href":"https:\/\/defabrica.com.mx\/defabrica\/wp-json\/wp\/v2\/media?parent=84695"}],"wp:term":[{"taxonomy":"product_brand","embeddable":true,"href":"https:\/\/defabrica.com.mx\/defabrica\/wp-json\/wp\/v2\/product_brand?post=84695"},{"taxonomy":"product_cat","embeddable":true,"href":"https:\/\/defabrica.com.mx\/defabrica\/wp-json\/wp\/v2\/product_cat?post=84695"},{"taxonomy":"product_tag","embeddable":true,"href":"https:\/\/defabrica.com.mx\/defabrica\/wp-json\/wp\/v2\/product_tag?post=84695"}],"curies":[{"name":"wp","href":"https:\/\/api.w.org\/{rel}","templated":true}]}}