{"id":84688,"date":"2022-06-23T20:58:45","date_gmt":"2022-06-24T01:58:45","guid":{"rendered":"https:\/\/defabrica.com.mx\/defabrica\/?post_type=product&#038;p=84688"},"modified":"2022-12-12T10:53:40","modified_gmt":"2022-12-12T16:53:40","slug":"jbl-audifonos-intrauditivos-verdadero-inalambrico-gen-2-gratis-blanco","status":"publish","type":"product","link":"https:\/\/defabrica.com.mx\/defabrica\/producto\/jbl-audifonos-intrauditivos-verdadero-inalambrico-gen-2-gratis-blanco\/","title":{"rendered":"JBL &#8211; Aud\u00edfonos intrauditivos Verdadero inal\u00e1mbrico Gen 2 GRATIS &#8211; Blanco"},"content":{"rendered":"<p>Disfruta de una experiencia auditiva sin ataduras con estos auriculares inal\u00e1mbricos JBL Free X.\u00a0Tres opciones de almohadillas para los o\u00eddos y dos tama\u00f1os de fundas de gel brindan una comodidad personalizada, mientras que la construcci\u00f3n a prueba de salpicaduras hace que estos auriculares sean ideales para uso en exteriores.\u00a0Un estuche de carga inteligente garantiza que cada auricular est\u00e9 listo para usar cuando usted lo est\u00e9.\u00a0Con hasta 24 horas de reproducci\u00f3n combinada, estos auriculares inal\u00e1mbricos JBL Free X mantienen su m\u00fasica durante toda su jornada laboral y m\u00e1s all\u00e1.<\/p>\n<h3><\/h3>\n<h3 class=\"heading-5 v-fw-regular feature-heading\"><strong>Caracter\u00edsticas<\/strong><\/h3>\n<ul>\n<li><strong>El sonido caracter\u00edstico de JBL<\/strong><br \/>\nEl sonido caracter\u00edstico de JBL inmersivo entregado en un paquete intuitivo e inteligente.<\/li>\n<li><strong>Verdaderamente inal\u00e1mbrico<\/strong><br \/>\nDescubra la libertad de un estilo de vida inal\u00e1mbrico escuchando m\u00fasica, gestionando sus llamadas o haciendo ejercicio.<\/li>\n<li><strong>Interfaz bluetooth 4.2<\/strong><br \/>\nAdmite perfiles de Bluetooth HFP, HSP, A2DP y AVRCP. Compatible con la mayor\u00eda de los dispositivos habilitados para Bluetooth.<\/li>\n<li><strong>Estuche de carga inteligente<\/strong><br \/>\nProporciona m\u00e1s de 20 horas de carga de respaldo total, con una carga r\u00e1pida de 15 minutos para una hora de reproducci\u00f3n de m\u00fasica. Disfruta de un d\u00eda entero de audio inal\u00e1mbrico. Proteja los auriculares y c\u00e1rguelos cuando no est\u00e9n en uso.<\/li>\n<li><strong>A prueba de salpicaduras<\/strong><br \/>\nEl dise\u00f1o con certificaci\u00f3n IPX5 mantiene la reproducci\u00f3n de m\u00fasica bajo el sol y la lluvia.<\/li>\n<li><strong>Ajuste seguro<\/strong><br \/>\nLa mejor ergonom\u00eda de su clase con tres tama\u00f1os de puntas para los o\u00eddos y dos tama\u00f1os de fundas de gel garantizan un ajuste seguro que permanece contigo, sin importar lo que est\u00e9s haciendo.<\/li>\n<li><strong>Llamadas manos libres<\/strong><br \/>\nCuenta con un micr\u00f3fono integrado para llamadas telef\u00f3nicas claras. El cambio autom\u00e1tico de modo est\u00e9reo-mono ofrece una experiencia de llamada m\u00e1s natural.<\/li>\n<li><strong>Controles sencillos<\/strong><br \/>\nToma el control total de tus llamadas y m\u00fasica con un solo bot\u00f3n intuitivo.<\/li>\n<\/ul>\n","protected":false},"excerpt":{"rendered":"<p>Disfruta de una experiencia auditiva sin ataduras con estos auriculares inal\u00e1mbricos JBL Free X.\u00a0Tres opciones de almohadillas para los o\u00eddos y dos tama\u00f1os de fundas de gel brindan una comodidad<\/p>\n","protected":false},"featured_media":84690,"comment_status":"open","ping_status":"closed","template":"","meta":{"_acf_changed":false,"_joinchat":[]},"product_brand":[],"product_cat":[1517,294,300,304],"product_tag":[],"class_list":{"0":"post-84688","1":"product","2":"type-product","3":"status-publish","4":"has-post-thumbnail","6":"product_cat-ofertas-audio","7":"product_cat-audio","8":"product_cat-audifonos","9":"product_cat-inalambricos","11":"first","12":"instock","13":"sale","14":"shipping-taxable","15":"purchasable","16":"product-type-simple"},"acf":[],"_links":{"self":[{"href":"https:\/\/defabrica.com.mx\/defabrica\/wp-json\/wp\/v2\/product\/84688","targetHints":{"allow":["GET"]}}],"collection":[{"href":"https:\/\/defabrica.com.mx\/defabrica\/wp-json\/wp\/v2\/product"}],"about":[{"href":"https:\/\/defabrica.com.mx\/defabrica\/wp-json\/wp\/v2\/types\/product"}],"replies":[{"embeddable":true,"href":"https:\/\/defabrica.com.mx\/defabrica\/wp-json\/wp\/v2\/comments?post=84688"}],"wp:featuredmedia":[{"embeddable":true,"href":"https:\/\/defabrica.com.mx\/defabrica\/wp-json\/wp\/v2\/media\/84690"}],"wp:attachment":[{"href":"https:\/\/defabrica.com.mx\/defabrica\/wp-json\/wp\/v2\/media?parent=84688"}],"wp:term":[{"taxonomy":"product_brand","embeddable":true,"href":"https:\/\/defabrica.com.mx\/defabrica\/wp-json\/wp\/v2\/product_brand?post=84688"},{"taxonomy":"product_cat","embeddable":true,"href":"https:\/\/defabrica.com.mx\/defabrica\/wp-json\/wp\/v2\/product_cat?post=84688"},{"taxonomy":"product_tag","embeddable":true,"href":"https:\/\/defabrica.com.mx\/defabrica\/wp-json\/wp\/v2\/product_tag?post=84688"}],"curies":[{"name":"wp","href":"https:\/\/api.w.org\/{rel}","templated":true}]}}