{"id":84679,"date":"2022-06-23T20:54:29","date_gmt":"2022-06-24T01:54:29","guid":{"rendered":"https:\/\/defabrica.com.mx\/defabrica\/?post_type=product&#038;p=84679"},"modified":"2022-12-12T10:52:46","modified_gmt":"2022-12-12T16:52:46","slug":"jbl-auriculares-para-juegos-con-sonido-envolvente-quantum-100-para-pc-ps4-xbox-one-nintendo-switch-y-dispositivos-moviles-negro","status":"publish","type":"product","link":"https:\/\/defabrica.com.mx\/defabrica\/producto\/jbl-auriculares-para-juegos-con-sonido-envolvente-quantum-100-para-pc-ps4-xbox-one-nintendo-switch-y-dispositivos-moviles-negro\/","title":{"rendered":"JBL &#8211; Auriculares para juegos con sonido envolvente Quantum 100 para PC, PS4, Xbox One, Nintendo Switch y dispositivos m\u00f3viles &#8211; Negro"},"content":{"rendered":"<p>Disfruta de un sonido n\u00edtido con estos auriculares para juegos JBL Quantum 100 negros.\u00a0Las almohadillas de espuma viscoel\u00e1stica ofrecen una comodidad duradera durante largas sesiones de juego, mientras que el micr\u00f3fono boom direccional desmontable permite una comunicaci\u00f3n clara con los compa\u00f1eros de equipo.\u00a0Este ligero auricular para juegos JBL Quantum 100 tiene controladores de 40 mm que ofrecen graves potentes, y la respuesta de frecuencia de 20 Hz a 20 kHz garantiza una reproducci\u00f3n de audio precisa.<\/p>\n<h3><\/h3>\n<h3 class=\"heading-5 v-fw-regular feature-heading\"><strong>Caracter\u00edsticas<\/strong><\/h3>\n<ul>\n<li><strong>Firma de sonido cu\u00e1ntico de JBL<\/strong><br \/>\nOfrece un paisaje sonoro realista para una ventaja competitiva en cualquier batalla.<\/li>\n<li><strong>Funciona con el sonido espacial de Windows Sonic<\/strong><br \/>\nSum\u00e9rgete en el juego con el sistema de sonido envolvente nativo integrado en las PC con Windows 10 y las consolas Xbox\u2122 One.<\/li>\n<li><strong>Compatible con una amplia gama de dispositivos de juego.<\/strong><br \/>\nDise\u00f1ado para usar con PC, Xbox\u2122, PlayStation\u2122, Nintendo Switch\u2122, Mac, VR y dispositivos m\u00f3viles.<\/li>\n<li><strong>Micr\u00f3fono desmontable<\/strong><br \/>\nTe permite reunir tropas y oponentes con claridad.<\/li>\n<li><strong>Diadema ligera y almohadillas de espuma viscoel\u00e1stica<\/strong><br \/>\nPuedes jugar m\u00e1s tiempo con la m\u00e1xima comodidad.<\/li>\n<li><strong>Controles incorporados<\/strong><br \/>\nSimplemente ajuste el volumen o silencie el micr\u00f3fono.<\/li>\n<\/ul>\n","protected":false},"excerpt":{"rendered":"<ol>\n<li><\/li>\n<\/ol>\n","protected":false},"featured_media":84683,"comment_status":"open","ping_status":"closed","template":"","meta":{"_acf_changed":false,"_joinchat":[]},"product_brand":[],"product_cat":[294,300,736],"product_tag":[],"class_list":{"0":"post-84679","1":"product","2":"type-product","3":"status-publish","4":"has-post-thumbnail","6":"product_cat-audio","7":"product_cat-audifonos","8":"product_cat-alambricos","10":"first","11":"instock","12":"sale","13":"shipping-taxable","14":"purchasable","15":"product-type-simple"},"acf":[],"_links":{"self":[{"href":"https:\/\/defabrica.com.mx\/defabrica\/wp-json\/wp\/v2\/product\/84679","targetHints":{"allow":["GET"]}}],"collection":[{"href":"https:\/\/defabrica.com.mx\/defabrica\/wp-json\/wp\/v2\/product"}],"about":[{"href":"https:\/\/defabrica.com.mx\/defabrica\/wp-json\/wp\/v2\/types\/product"}],"replies":[{"embeddable":true,"href":"https:\/\/defabrica.com.mx\/defabrica\/wp-json\/wp\/v2\/comments?post=84679"}],"wp:featuredmedia":[{"embeddable":true,"href":"https:\/\/defabrica.com.mx\/defabrica\/wp-json\/wp\/v2\/media\/84683"}],"wp:attachment":[{"href":"https:\/\/defabrica.com.mx\/defabrica\/wp-json\/wp\/v2\/media?parent=84679"}],"wp:term":[{"taxonomy":"product_brand","embeddable":true,"href":"https:\/\/defabrica.com.mx\/defabrica\/wp-json\/wp\/v2\/product_brand?post=84679"},{"taxonomy":"product_cat","embeddable":true,"href":"https:\/\/defabrica.com.mx\/defabrica\/wp-json\/wp\/v2\/product_cat?post=84679"},{"taxonomy":"product_tag","embeddable":true,"href":"https:\/\/defabrica.com.mx\/defabrica\/wp-json\/wp\/v2\/product_tag?post=84679"}],"curies":[{"name":"wp","href":"https:\/\/api.w.org\/{rel}","templated":true}]}}