{"id":84673,"date":"2022-06-23T20:50:37","date_gmt":"2022-06-24T01:50:37","guid":{"rendered":"https:\/\/defabrica.com.mx\/defabrica\/?post_type=product&#038;p=84673"},"modified":"2023-01-17T11:49:34","modified_gmt":"2023-01-17T17:49:34","slug":"jlab-auricular-de-oficina-inalambrico-go-work-negro","status":"publish","type":"product","link":"https:\/\/defabrica.com.mx\/defabrica\/producto\/jlab-auricular-de-oficina-inalambrico-go-work-negro\/","title":{"rendered":"JLab &#8211; Auricular de oficina inal\u00e1mbrico GO Work &#8211; Negro"},"content":{"rendered":"<div class=\"embedded-component-container lv product-description\">\n<div>\n<div id=\"shop-product-description-20585727\" class=\"_none\" data-version=\"1.3.45\">\n<div class=\"shop-product-description\">\n<section class=\"align-heading-left\" data-reactroot=\"\">\n<div class=\"long-description-container body-copy \">\n<div class=\"html-fragment\">Los auriculares supraaurales inal\u00e1mbricos GO Work de JLab ser\u00e1n su nuevo mejor amigo en la oficina.\u00a0Con m\u00e1s de 45 horas de tiempo de juego para pasar una semana de trabajo completa y Bluetooth multipunto, puede conectarse a 2 dispositivos a la vez para pasar de un dispositivo m\u00f3vil a una computadora port\u00e1til sin tocar ninguna configuraci\u00f3n.\u00a0Los auriculares GO Work tambi\u00e9n cuentan con 2 micr\u00f3fonos para llamadas claras, un micr\u00f3fono boom retr\u00e1ctil con indicador LED de silencio r\u00e1pido, botones multifuncionales para controles y 2 configuraciones de ecualizador para el modo Trabajo o M\u00fasica.<\/div>\n<\/div>\n<\/section>\n<\/div>\n<\/div>\n<\/div>\n<\/div>\n<div class=\"embedded-component-container lv product-features\">\n<h3><\/h3>\n<h3 class=\"heading-5 v-fw-regular feature-heading\"><strong>Caracter\u00edsticas<\/strong><\/h3>\n<ul>\n<li><strong>Bluetooth multipunto<\/strong><br \/>\nLe permite conectarse a 2 dispositivos simult\u00e1neamente para que pueda pasar de un dispositivo m\u00f3vil a una computadora port\u00e1til sin tocar ninguna configuraci\u00f3n<\/li>\n<li><strong>Micr\u00f3fonos duales<\/strong><br \/>\nUno capta tu voz y el otro elimina los sonidos ambientales a tu alrededor para que tu voz permanezca clara en cualquier momento y en cualquier lugar.<\/li>\n<li><strong>Tiempo de juego y comodidad durante toda la semana<\/strong><br \/>\nObtendr\u00e1 una semana laboral completa de m\u00e1s de 45 horas con una sola carga y comodidad durante todo el d\u00eda con los auriculares Cloud Foam<\/li>\n<li><strong>Micr\u00f3fono boom retr\u00e1ctil<\/strong><br \/>\nGire el micr\u00f3fono boom hacia arriba solo para escuchar y hacia abajo para tomar una llamada o una videoconferencia<\/li>\n<li><strong>Indicador de silencio r\u00e1pido<\/strong><br \/>\nCambie r\u00e1pidamente el silencio a trav\u00e9s de los controles en los auriculares, y un LED rojo al final del micr\u00f3fono boom indica f\u00e1cilmente si el silencio est\u00e1 activado<\/li>\n<li><strong>Control total<\/strong><br \/>\nLos controles multifuncionales en los auriculares le permiten controlar reproducir\/pausar, responder\/rechazar, volumen, silenciar, controlar la pista y configurar el ecualizador.<\/li>\n<li><strong>Ajustes de ecualizador<\/strong><br \/>\nDos configuraciones de ecualizador para elegir, modo de trabajo y modo de m\u00fasica<\/li>\n<li><strong>Al\u00e1mbrico o Inal\u00e1mbrico<\/strong><br \/>\nCon\u00e9ctese de forma inal\u00e1mbrica a trav\u00e9s de Bluetooth o con\u00e9ctese directamente con el cable USB-C a 3,5 mm incluido<\/li>\n<\/ul>\n<\/div>\n","protected":false},"excerpt":{"rendered":"<p>Los auriculares supraaurales inal\u00e1mbricos GO Work de JLab ser\u00e1n su nuevo mejor amigo en la oficina.\u00a0Con m\u00e1s de 45 horas de tiempo de juego para pasar una semana de trabajo<\/p>\n","protected":false},"featured_media":84675,"comment_status":"open","ping_status":"closed","template":"","meta":{"_acf_changed":false,"_joinchat":[]},"product_brand":[],"product_cat":[294,300,304],"product_tag":[],"class_list":{"0":"post-84673","1":"product","2":"type-product","3":"status-publish","4":"has-post-thumbnail","6":"product_cat-audio","7":"product_cat-audifonos","8":"product_cat-inalambricos","10":"first","11":"instock","12":"sale","13":"shipping-taxable","14":"purchasable","15":"product-type-simple"},"acf":[],"_links":{"self":[{"href":"https:\/\/defabrica.com.mx\/defabrica\/wp-json\/wp\/v2\/product\/84673","targetHints":{"allow":["GET"]}}],"collection":[{"href":"https:\/\/defabrica.com.mx\/defabrica\/wp-json\/wp\/v2\/product"}],"about":[{"href":"https:\/\/defabrica.com.mx\/defabrica\/wp-json\/wp\/v2\/types\/product"}],"replies":[{"embeddable":true,"href":"https:\/\/defabrica.com.mx\/defabrica\/wp-json\/wp\/v2\/comments?post=84673"}],"wp:featuredmedia":[{"embeddable":true,"href":"https:\/\/defabrica.com.mx\/defabrica\/wp-json\/wp\/v2\/media\/84675"}],"wp:attachment":[{"href":"https:\/\/defabrica.com.mx\/defabrica\/wp-json\/wp\/v2\/media?parent=84673"}],"wp:term":[{"taxonomy":"product_brand","embeddable":true,"href":"https:\/\/defabrica.com.mx\/defabrica\/wp-json\/wp\/v2\/product_brand?post=84673"},{"taxonomy":"product_cat","embeddable":true,"href":"https:\/\/defabrica.com.mx\/defabrica\/wp-json\/wp\/v2\/product_cat?post=84673"},{"taxonomy":"product_tag","embeddable":true,"href":"https:\/\/defabrica.com.mx\/defabrica\/wp-json\/wp\/v2\/product_tag?post=84673"}],"curies":[{"name":"wp","href":"https:\/\/api.w.org\/{rel}","templated":true}]}}