{"id":84666,"date":"2022-06-23T20:47:07","date_gmt":"2022-06-24T01:47:07","guid":{"rendered":"https:\/\/defabrica.com.mx\/defabrica\/?post_type=product&#038;p=84666"},"modified":"2023-01-17T11:49:07","modified_gmt":"2023-01-17T17:49:07","slug":"jlab-audifonos-inalambricos-verdaderos-epic-air-sport-anc-negro","status":"publish","type":"product","link":"https:\/\/defabrica.com.mx\/defabrica\/producto\/jlab-audifonos-inalambricos-verdaderos-epic-air-sport-anc-negro\/","title":{"rendered":"JLab &#8211; Aud\u00edfonos inal\u00e1mbricos verdaderos Epic Air Sport ANC &#8211; Negro"},"content":{"rendered":"<div class=\"embedded-component-container lv product-description\">\n<div>\n<div id=\"shop-product-description-63530775\" class=\"_none\" data-version=\"1.3.45\">\n<div class=\"shop-product-description\">\n<section class=\"align-heading-left\" data-reactroot=\"\">\n<div class=\"long-description-container body-copy \">\n<div class=\"html-fragment\">Llamadas.\u00a0Conferencias.\u00a0ON-the-GO.\u00a0El aire nunca se vio tan \u00e9pico.\u00a0Ofreciendo la mejor experiencia inal\u00e1mbrica real para cualquier profesional o audi\u00f3filo, JLab Epic Air Sport ANC ofrece sonido personalizado y cancelaci\u00f3n activa de ruido, adem\u00e1s de m\u00e1s de 48 horas de tiempo de reproducci\u00f3n l\u00edder en la industria.\u00a0Transici\u00f3n de m\u00fasica a llamadas, trabajo a casa sin esfuerzo con funciones como detecci\u00f3n de desgaste, modo de pel\u00edcula, carga inal\u00e1mbrica y m\u00e1s.<\/div>\n<\/div>\n<\/section>\n<\/div>\n<\/div>\n<\/div>\n<\/div>\n<div class=\"embedded-component-container lv product-features\">\n<h3><\/h3>\n<h3 class=\"heading-5 v-fw-regular feature-heading\"><strong>Caracter\u00edsticas<\/strong><\/h3>\n<ul>\n<li><strong>Bater\u00eda de larga duraci\u00f3n<\/strong><br \/>\nEpic Air Sport ANC cuenta con m\u00e1s de 15 horas de tiempo de reproducci\u00f3n de Bluetooth en cada auricular y m\u00e1s de 55 horas adicionales desde el estuche de carga. Eso es m\u00e1s de 70 horas de tiempo de reproducci\u00f3n de Bluetooth 5. Adem\u00e1s, use ANC para desconectarse del ruido a su alrededor, obtendr\u00e1 m\u00e1s de 11 horas de tiempo de reproducci\u00f3n Bluetooth ANC.<\/li>\n<li><strong>Control de ruido activo inteligente<\/strong><br \/>\nControla c\u00f3mo escuchas el ruido exterior con tres modos de control de ruido: ANC activado, ANC desactivado y Be Aware (pasar a trav\u00e9s de los ruidos externos). Cuatro micr\u00f3fonos trabajan juntos para cancelar el ruido y brindar audio ininterrumpido, dondequiera que vaya.<\/li>\n<li><strong>Estuche de carga inal\u00e1mbrico + USB<\/strong><br \/>\nOpciones de carga duales: use cualquier almohadilla inal\u00e1mbrica para cargar su estuche y mantener la energ\u00eda. Adem\u00e1s, use el cable de carga integrado y con\u00e9ctelo a cualquier puerto de carga USB-A.<\/li>\n<li><strong>Sensor de detecci\u00f3n de desgaste<\/strong><br \/>\nDise\u00f1ado con un sensor de infrarrojos en cada bot\u00f3n, su m\u00fasica se detendr\u00e1 autom\u00e1ticamente cuando se los quite de la oreja y luego continuar\u00e1 reproduci\u00e9ndose inmediatamente una vez que se los vuelva a colocar.<\/li>\n<li><strong>Modo de pel\u00edcula<\/strong><br \/>\nMejora tu experiencia de ver pel\u00edculas. Con este modo de latencia s\u00faper baja, reduzca el retraso del audio para que las voces coincidan perfectamente con la pantalla.<\/li>\n<li><strong>Aplicaci\u00f3n JLab Air ANC<\/strong><br \/>\nCon la nueva aplicaci\u00f3n JLab Air ANC, tendr\u00e1 el control para personalizar la configuraci\u00f3n del control activo de ruido, los controles t\u00e1ctiles y el sonido seg\u00fan sus preferencias personales.<\/li>\n<li><strong>Doble conexi\u00f3n<\/strong><br \/>\nUse cualquiera de los auriculares de forma independiente o use ambos y experimente una conexi\u00f3n perfecta. Ambos auriculares se conectan autom\u00e1ticamente a su dispositivo, por lo que no debe preocuparse por cambiar o perder una conexi\u00f3n.<\/li>\n<li><strong>Llamada C3<\/strong><br \/>\nExperimente llamadas telef\u00f3nicas m\u00e1s claras con C3 Calling. Un micr\u00f3fono capta y elimina el ruido ambiental, mientras que el otro capta su voz para conversaciones claras en cualquier lugar y en cualquier momento.<\/li>\n<li><strong>Comodidad y durabilidad<\/strong><br \/>\nEncuentre su ajuste ideal con 6 conjuntos de opciones de puntas: puntas de gel (peque\u00f1as, medianas y grandes); Las puntas extralargas se ajustan m\u00e1s en la oreja para un sellado m\u00e1s ce\u00f1ido y ajustado (mediano y grande); y Cloud Foam se expanden para adaptarse a la oreja (mediano).<\/li>\n<\/ul>\n<\/div>\n","protected":false},"excerpt":{"rendered":"<p>Llamadas.\u00a0Conferencias.\u00a0ON-the-GO.\u00a0El aire nunca se vio tan \u00e9pico.\u00a0Ofreciendo la mejor experiencia inal\u00e1mbrica real para cualquier profesional o audi\u00f3filo, JLab Epic Air Sport ANC ofrece sonido personalizado y cancelaci\u00f3n activa de ruido,<\/p>\n","protected":false},"featured_media":84672,"comment_status":"open","ping_status":"closed","template":"","meta":{"_acf_changed":false,"_joinchat":[]},"product_brand":[],"product_cat":[294,300,304],"product_tag":[],"class_list":{"0":"post-84666","1":"product","2":"type-product","3":"status-publish","4":"has-post-thumbnail","6":"product_cat-audio","7":"product_cat-audifonos","8":"product_cat-inalambricos","10":"first","11":"instock","12":"sale","13":"shipping-taxable","14":"purchasable","15":"product-type-simple"},"acf":[],"_links":{"self":[{"href":"https:\/\/defabrica.com.mx\/defabrica\/wp-json\/wp\/v2\/product\/84666","targetHints":{"allow":["GET"]}}],"collection":[{"href":"https:\/\/defabrica.com.mx\/defabrica\/wp-json\/wp\/v2\/product"}],"about":[{"href":"https:\/\/defabrica.com.mx\/defabrica\/wp-json\/wp\/v2\/types\/product"}],"replies":[{"embeddable":true,"href":"https:\/\/defabrica.com.mx\/defabrica\/wp-json\/wp\/v2\/comments?post=84666"}],"wp:featuredmedia":[{"embeddable":true,"href":"https:\/\/defabrica.com.mx\/defabrica\/wp-json\/wp\/v2\/media\/84672"}],"wp:attachment":[{"href":"https:\/\/defabrica.com.mx\/defabrica\/wp-json\/wp\/v2\/media?parent=84666"}],"wp:term":[{"taxonomy":"product_brand","embeddable":true,"href":"https:\/\/defabrica.com.mx\/defabrica\/wp-json\/wp\/v2\/product_brand?post=84666"},{"taxonomy":"product_cat","embeddable":true,"href":"https:\/\/defabrica.com.mx\/defabrica\/wp-json\/wp\/v2\/product_cat?post=84666"},{"taxonomy":"product_tag","embeddable":true,"href":"https:\/\/defabrica.com.mx\/defabrica\/wp-json\/wp\/v2\/product_tag?post=84666"}],"curies":[{"name":"wp","href":"https:\/\/api.w.org\/{rel}","templated":true}]}}