{"id":84645,"date":"2022-06-23T20:35:04","date_gmt":"2022-06-24T01:35:04","guid":{"rendered":"https:\/\/defabrica.com.mx\/defabrica\/?post_type=product&#038;p=84645"},"modified":"2023-01-17T11:48:00","modified_gmt":"2023-01-17T17:48:00","slug":"jlab-auriculares-intrauditivos-inalambricos-jbuds-air-sport-true-negro","status":"publish","type":"product","link":"https:\/\/defabrica.com.mx\/defabrica\/producto\/jlab-auriculares-intrauditivos-inalambricos-jbuds-air-sport-true-negro\/","title":{"rendered":"JLab &#8211; Auriculares intrauditivos inal\u00e1mbricos JBuds Air Sport True &#8211; Negro"},"content":{"rendered":"<p>Transmita listas de reproducci\u00f3n de entrenamiento con estos auriculares inal\u00e1mbricos verdaderos JLab JBuds Air Sport resistentes al sudor.\u00a0Los ganchos para colocar sobre las orejas brindan un ajuste seguro y el estuche de carga incluye 34 horas de duraci\u00f3n de la bater\u00eda para una reproducci\u00f3n prolongada durante los maratones de entrenamiento.\u00a0Reciba llamadas n\u00edtidas con manos libres durante los entrenamientos a trav\u00e9s de los micr\u00f3fonos duales de estos aud\u00edfonos inal\u00e1mbricos verdaderos JLab JBuds Air Sport.<\/p>\n<h3><\/h3>\n<h3 class=\"heading-5 v-fw-regular feature-heading\"><strong>Caracter\u00edsticas<\/strong><\/h3>\n<ul>\n<li><strong>Aud\u00edfonos verdaderamente inal\u00e1mbricos<\/strong><br \/>\nTe permite escuchar tus pistas favoritas, para que los cables no te detengan.<\/li>\n<li><strong>Bater\u00eda recargable<\/strong><br \/>\n6 horas de reproducci\u00f3n en los auriculares y 34 y m\u00e1s en el estuche de carga.<\/li>\n<li><strong>Resistente al sudor<\/strong><br \/>\nBrinda protecci\u00f3n contra el sudor, por lo que puede usar auriculares f\u00e1cilmente mientras hace ejercicio.<\/li>\n<li><strong>Micr\u00f3fono incorporado<\/strong><br \/>\nPermite chatear con manos libres a trav\u00e9s de un dispositivo compatible.<\/li>\n<li><strong>interfaz bluetooth<\/strong><br \/>\nLos auriculares se encienden autom\u00e1ticamente y se conectan con Bluetooth 5.<\/li>\n<li><strong>dise\u00f1o en la oreja<\/strong><br \/>\nSe ajusta de forma segura con 4 tama\u00f1os de puntas, incluidas las puntas Cloud Foam para sellado en el o\u00eddo.<\/li>\n<li><strong>Tenga en cuenta el audio<\/strong><br \/>\nActivar\/desactivar para permitir la entrada de ruidos externos mientras corre o hace ejercicio con un amigo.<\/li>\n<li><strong>Cable de carga integrado<\/strong><br \/>\nF\u00e1cil recarga de la funda a trav\u00e9s del puerto USB.<\/li>\n<li><strong>Dise\u00f1o est\u00e9reo<\/strong><br \/>\nOfrece tonos n\u00edtidos.<\/li>\n<\/ul>\n","protected":false},"excerpt":{"rendered":"<p>Transmita listas de reproducci\u00f3n de entrenamiento con estos auriculares inal\u00e1mbricos verdaderos JLab JBuds Air Sport resistentes al sudor.\u00a0Los ganchos para colocar sobre las orejas brindan un ajuste seguro y el<\/p>\n","protected":false},"featured_media":84647,"comment_status":"open","ping_status":"closed","template":"","meta":{"_acf_changed":false,"_joinchat":[]},"product_brand":[],"product_cat":[294,300,304],"product_tag":[],"class_list":{"0":"post-84645","1":"product","2":"type-product","3":"status-publish","4":"has-post-thumbnail","6":"product_cat-audio","7":"product_cat-audifonos","8":"product_cat-inalambricos","10":"first","11":"instock","12":"sale","13":"shipping-taxable","14":"purchasable","15":"product-type-simple"},"acf":[],"_links":{"self":[{"href":"https:\/\/defabrica.com.mx\/defabrica\/wp-json\/wp\/v2\/product\/84645","targetHints":{"allow":["GET"]}}],"collection":[{"href":"https:\/\/defabrica.com.mx\/defabrica\/wp-json\/wp\/v2\/product"}],"about":[{"href":"https:\/\/defabrica.com.mx\/defabrica\/wp-json\/wp\/v2\/types\/product"}],"replies":[{"embeddable":true,"href":"https:\/\/defabrica.com.mx\/defabrica\/wp-json\/wp\/v2\/comments?post=84645"}],"wp:featuredmedia":[{"embeddable":true,"href":"https:\/\/defabrica.com.mx\/defabrica\/wp-json\/wp\/v2\/media\/84647"}],"wp:attachment":[{"href":"https:\/\/defabrica.com.mx\/defabrica\/wp-json\/wp\/v2\/media?parent=84645"}],"wp:term":[{"taxonomy":"product_brand","embeddable":true,"href":"https:\/\/defabrica.com.mx\/defabrica\/wp-json\/wp\/v2\/product_brand?post=84645"},{"taxonomy":"product_cat","embeddable":true,"href":"https:\/\/defabrica.com.mx\/defabrica\/wp-json\/wp\/v2\/product_cat?post=84645"},{"taxonomy":"product_tag","embeddable":true,"href":"https:\/\/defabrica.com.mx\/defabrica\/wp-json\/wp\/v2\/product_tag?post=84645"}],"curies":[{"name":"wp","href":"https:\/\/api.w.org\/{rel}","templated":true}]}}