{"id":84640,"date":"2022-06-23T20:31:08","date_gmt":"2022-06-24T01:31:08","guid":{"rendered":"https:\/\/defabrica.com.mx\/defabrica\/?post_type=product&#038;p=84640"},"modified":"2023-01-17T11:47:27","modified_gmt":"2023-01-17T17:47:27","slug":"jlab-auriculares-supraaurales-inalambricos-de-estudio-negro","status":"publish","type":"product","link":"https:\/\/defabrica.com.mx\/defabrica\/producto\/jlab-auriculares-supraaurales-inalambricos-de-estudio-negro\/","title":{"rendered":"JLab &#8211; Auriculares supraaurales inal\u00e1mbricos de estudio &#8211; Negro"},"content":{"rendered":"<p>Agregue una banda sonora a su vida con estos aud\u00edfonos internos inal\u00e1mbricos JLab Studio.\u00a0Los potentes controladores brindan un audio impresionantemente detallado y tres configuraciones de ecualizaci\u00f3n le permiten personalizar su experiencia auditiva.\u00a0Estos aud\u00edfonos supraaurales inal\u00e1mbricos JLab Studio ofrecen hasta 30 horas de uso por carga y tienen orejeras suaves de espuma de nube que le permiten escuchar con comodidad.<\/p>\n<h3><\/h3>\n<h3 class=\"heading-5 v-fw-regular feature-heading\"><strong>Caracter\u00edsticas<\/strong><\/h3>\n<div class=\"feature-body-container\">\n<div class=\"features-list-container\">\n<div class=\"features-list all-features\">\n<div class=\"list-row\">\n<ul>\n<li><strong>Bater\u00eda recargable<\/strong><br \/>\nOfrece hasta 30 horas de uso con una carga.<\/li>\n<li><strong>Micr\u00f3fono incorporado<\/strong><br \/>\nPermite chatear con manos libres a trav\u00e9s de un dispositivo compatible.<\/li>\n<li><strong>interfaz bluetooth<\/strong><br \/>\nPermite el emparejamiento inal\u00e1mbrico simple con su dispositivo habilitado para Bluetooth.<\/li>\n<li><strong>Dise\u00f1o en la oreja<\/strong><br \/>\nPara mayor comodidad durante sesiones de escucha prolongadas.<\/li>\n<li><strong>Dise\u00f1o plegable<\/strong><br \/>\nJunto con un estuche de transporte incluido, permite una f\u00e1cil portabilidad.<\/li>\n<li><strong>Dise\u00f1o est\u00e9reo<\/strong><br \/>\nOfrece tonos n\u00edtidos.<\/li>\n<\/ul>\n<\/div>\n<\/div>\n<\/div>\n<\/div>\n","protected":false},"excerpt":{"rendered":"<p>Agregue una banda sonora a su vida con estos aud\u00edfonos internos inal\u00e1mbricos JLab Studio.\u00a0Los potentes controladores brindan un audio impresionantemente detallado y tres configuraciones de ecualizaci\u00f3n le permiten personalizar su<\/p>\n","protected":false},"featured_media":84642,"comment_status":"open","ping_status":"closed","template":"","meta":{"_acf_changed":false,"_joinchat":[]},"product_brand":[],"product_cat":[294,300,304],"product_tag":[],"class_list":{"0":"post-84640","1":"product","2":"type-product","3":"status-publish","4":"has-post-thumbnail","6":"product_cat-audio","7":"product_cat-audifonos","8":"product_cat-inalambricos","10":"first","11":"instock","12":"sale","13":"shipping-taxable","14":"purchasable","15":"product-type-simple"},"acf":[],"_links":{"self":[{"href":"https:\/\/defabrica.com.mx\/defabrica\/wp-json\/wp\/v2\/product\/84640","targetHints":{"allow":["GET"]}}],"collection":[{"href":"https:\/\/defabrica.com.mx\/defabrica\/wp-json\/wp\/v2\/product"}],"about":[{"href":"https:\/\/defabrica.com.mx\/defabrica\/wp-json\/wp\/v2\/types\/product"}],"replies":[{"embeddable":true,"href":"https:\/\/defabrica.com.mx\/defabrica\/wp-json\/wp\/v2\/comments?post=84640"}],"wp:featuredmedia":[{"embeddable":true,"href":"https:\/\/defabrica.com.mx\/defabrica\/wp-json\/wp\/v2\/media\/84642"}],"wp:attachment":[{"href":"https:\/\/defabrica.com.mx\/defabrica\/wp-json\/wp\/v2\/media?parent=84640"}],"wp:term":[{"taxonomy":"product_brand","embeddable":true,"href":"https:\/\/defabrica.com.mx\/defabrica\/wp-json\/wp\/v2\/product_brand?post=84640"},{"taxonomy":"product_cat","embeddable":true,"href":"https:\/\/defabrica.com.mx\/defabrica\/wp-json\/wp\/v2\/product_cat?post=84640"},{"taxonomy":"product_tag","embeddable":true,"href":"https:\/\/defabrica.com.mx\/defabrica\/wp-json\/wp\/v2\/product_tag?post=84640"}],"curies":[{"name":"wp","href":"https:\/\/api.w.org\/{rel}","templated":true}]}}