{"id":84555,"date":"2022-06-22T18:01:24","date_gmt":"2022-06-22T23:01:24","guid":{"rendered":"https:\/\/defabrica.com.mx\/defabrica\/?post_type=product&#038;p=84555"},"modified":"2023-01-17T11:46:04","modified_gmt":"2023-01-17T17:46:04","slug":"jlab-auriculares-internos-inalambricos-jbuds-air-icon-true-negro","status":"publish","type":"product","link":"https:\/\/defabrica.com.mx\/defabrica\/producto\/jlab-auriculares-internos-inalambricos-jbuds-air-icon-true-negro\/","title":{"rendered":"JLab &#8211; Auriculares internos inal\u00e1mbricos JBuds Air Icon True &#8211; Negro"},"content":{"rendered":"<p>Obtenga una experiencia mejorada con estos auriculares inal\u00e1mbricos verdaderos JLab Air Icon, que cuentan con hasta 24 horas de duraci\u00f3n de la bater\u00eda.\u00a0Escuche llamadas telef\u00f3nicas en ambos auriculares con audio est\u00e9reo y controle la m\u00fasica usando los sensores t\u00e1ctiles.\u00a0Estos auriculares inal\u00e1mbricos verdaderos JLab Air Icon se encienden autom\u00e1ticamente y se conectan entre s\u00ed, mientras que la resistencia al sudor IP55 ayuda a aumentar la durabilidad.<\/p>\n<h3><\/h3>\n<h3 class=\"heading-5 v-fw-regular feature-heading\"><strong>Caracter\u00edsticas<\/strong><\/h3>\n<ul>\n<li><strong>Aud\u00edfonos verdaderamente inal\u00e1mbricos<\/strong><br \/>\nTe permite escuchar tus pistas favoritas, para que los cables no te detengan.<\/li>\n<li><strong>Bater\u00eda recargable<\/strong><br \/>\nOfrece hasta 6 horas de uso con una carga.<\/li>\n<li><strong>Resistente al sudor<\/strong><br \/>\nBrinda protecci\u00f3n contra el sudor, por lo que puede usar auriculares f\u00e1cilmente mientras hace ejercicio.<\/li>\n<li><strong>interfaz bluetooth<\/strong><br \/>\nPermite el emparejamiento inal\u00e1mbrico simple con su dispositivo habilitado para Bluetooth.<\/li>\n<li><strong>dise\u00f1o en la oreja<\/strong><br \/>\nSe ajusta de forma segura y dirige la m\u00fasica a tus o\u00eddos para un audio completo e ininterrumpido.<\/li>\n<li><strong>Dise\u00f1o est\u00e9reo<\/strong><br \/>\nOfrece tonos n\u00edtidos.<\/li>\n<li><strong>Doble conexi\u00f3n<\/strong><br \/>\nUse cualquiera de los auriculares de forma independiente o use ambos y experimente una conexi\u00f3n perfecta.<\/li>\n<\/ul>\n","protected":false},"excerpt":{"rendered":"<p>Obtenga una experiencia mejorada con estos auriculares inal\u00e1mbricos verdaderos JLab Air Icon, que cuentan con hasta 24 horas de duraci\u00f3n de la bater\u00eda.\u00a0Escuche llamadas telef\u00f3nicas en ambos auriculares con audio<\/p>\n","protected":false},"featured_media":84557,"comment_status":"open","ping_status":"closed","template":"","meta":{"_acf_changed":false,"_joinchat":[]},"product_brand":[],"product_cat":[294,300,304],"product_tag":[],"class_list":{"0":"post-84555","1":"product","2":"type-product","3":"status-publish","4":"has-post-thumbnail","6":"product_cat-audio","7":"product_cat-audifonos","8":"product_cat-inalambricos","10":"first","11":"instock","12":"sale","13":"shipping-taxable","14":"purchasable","15":"product-type-simple"},"acf":[],"_links":{"self":[{"href":"https:\/\/defabrica.com.mx\/defabrica\/wp-json\/wp\/v2\/product\/84555","targetHints":{"allow":["GET"]}}],"collection":[{"href":"https:\/\/defabrica.com.mx\/defabrica\/wp-json\/wp\/v2\/product"}],"about":[{"href":"https:\/\/defabrica.com.mx\/defabrica\/wp-json\/wp\/v2\/types\/product"}],"replies":[{"embeddable":true,"href":"https:\/\/defabrica.com.mx\/defabrica\/wp-json\/wp\/v2\/comments?post=84555"}],"wp:featuredmedia":[{"embeddable":true,"href":"https:\/\/defabrica.com.mx\/defabrica\/wp-json\/wp\/v2\/media\/84557"}],"wp:attachment":[{"href":"https:\/\/defabrica.com.mx\/defabrica\/wp-json\/wp\/v2\/media?parent=84555"}],"wp:term":[{"taxonomy":"product_brand","embeddable":true,"href":"https:\/\/defabrica.com.mx\/defabrica\/wp-json\/wp\/v2\/product_brand?post=84555"},{"taxonomy":"product_cat","embeddable":true,"href":"https:\/\/defabrica.com.mx\/defabrica\/wp-json\/wp\/v2\/product_cat?post=84555"},{"taxonomy":"product_tag","embeddable":true,"href":"https:\/\/defabrica.com.mx\/defabrica\/wp-json\/wp\/v2\/product_tag?post=84555"}],"curies":[{"name":"wp","href":"https:\/\/api.w.org\/{rel}","templated":true}]}}