{"id":84549,"date":"2022-06-22T17:57:52","date_gmt":"2022-06-22T22:57:52","guid":{"rendered":"https:\/\/defabrica.com.mx\/defabrica\/?post_type=product&#038;p=84549"},"modified":"2023-01-17T11:45:45","modified_gmt":"2023-01-17T17:45:45","slug":"jlab-auriculares-inalambricos-studio-pro-negro","status":"publish","type":"product","link":"https:\/\/defabrica.com.mx\/defabrica\/producto\/jlab-auriculares-inalambricos-studio-pro-negro\/","title":{"rendered":"JLab &#8211; Auriculares inal\u00e1mbricos Studio Pro &#8211; Negro"},"content":{"rendered":"<div class=\"embedded-component-container lv product-description\">\n<div>\n<div id=\"shop-product-description-45603059\" class=\"_none\" data-version=\"1.3.44\">\n<div class=\"shop-product-description\">\n<section class=\"align-heading-left\" data-reactroot=\"\">\n<div class=\"long-description-container body-copy \">\n<div class=\"html-fragment\">Cuenta con un tiempo de reproducci\u00f3n masivo de m\u00e1s de 50 horas, 3 configuraciones de sonido de ecualizaci\u00f3n personalizadas para elegir, cojines de espuma de nube sobre la oreja y diadema suave como una almohada con cuero sint\u00e9tico para la m\u00e1xima comodidad.\u00a0Los ajustes de metal de deslizamiento suave y la construcci\u00f3n ligera como una pluma le brindan la comodidad duradera que necesita durante todo el d\u00eda.<\/div>\n<\/div>\n<\/section>\n<\/div>\n<\/div>\n<\/div>\n<\/div>\n<div class=\"embedded-component-container lv product-features\">\n<h3><\/h3>\n<h3 class=\"heading-5 v-fw-regular feature-heading\"><strong>Caracter\u00edsticas<\/strong><\/h3>\n<ul>\n<li><strong>Bater\u00eda de larga duraci\u00f3n<\/strong><br \/>\nM\u00e1s de 50 horas de reproducci\u00f3n con Freedom of Bluetooth 5<\/li>\n<li><strong>3 configuraciones de sonido de ecualizador<\/strong><br \/>\nElija entre JLab signautre, Balanced y Bass Boost.<\/li>\n<li><strong>Comodidad y Durabilidad<\/strong><br \/>\nComodidad inigualable con cuero sint\u00e9tico ultra lujoso y orejeras de espuma de nube para colocar sobre las orejas<\/li>\n<li><strong>Control total<\/strong><br \/>\nReproduce, pausa y cambia de pista con los botones integrados en el auricular<\/li>\n<li><strong>Micr\u00f3fono universal<\/strong><br \/>\nResponda y cuelgue llamadas telef\u00f3nicas con el micr\u00f3fono incorporado<\/li>\n<li><strong>Ajustable<\/strong><br \/>\nDiadema ajustable para adaptarse a todos los tama\u00f1os.<\/li>\n<li><strong>Apto para viajes<\/strong><br \/>\nPlegable para un f\u00e1cil almacenamiento y viaje.<\/li>\n<\/ul>\n<\/div>\n","protected":false},"excerpt":{"rendered":"<p>Cuenta con un tiempo de reproducci\u00f3n masivo de m\u00e1s de 50 horas, 3 configuraciones de sonido de ecualizaci\u00f3n personalizadas para elegir, cojines de espuma de nube sobre la oreja y<\/p>\n","protected":false},"featured_media":84551,"comment_status":"open","ping_status":"closed","template":"","meta":{"_acf_changed":false,"_joinchat":[]},"product_brand":[],"product_cat":[294,300,304],"product_tag":[],"class_list":{"0":"post-84549","1":"product","2":"type-product","3":"status-publish","4":"has-post-thumbnail","6":"product_cat-audio","7":"product_cat-audifonos","8":"product_cat-inalambricos","10":"first","11":"instock","12":"sale","13":"shipping-taxable","14":"purchasable","15":"product-type-simple"},"acf":[],"_links":{"self":[{"href":"https:\/\/defabrica.com.mx\/defabrica\/wp-json\/wp\/v2\/product\/84549","targetHints":{"allow":["GET"]}}],"collection":[{"href":"https:\/\/defabrica.com.mx\/defabrica\/wp-json\/wp\/v2\/product"}],"about":[{"href":"https:\/\/defabrica.com.mx\/defabrica\/wp-json\/wp\/v2\/types\/product"}],"replies":[{"embeddable":true,"href":"https:\/\/defabrica.com.mx\/defabrica\/wp-json\/wp\/v2\/comments?post=84549"}],"wp:featuredmedia":[{"embeddable":true,"href":"https:\/\/defabrica.com.mx\/defabrica\/wp-json\/wp\/v2\/media\/84551"}],"wp:attachment":[{"href":"https:\/\/defabrica.com.mx\/defabrica\/wp-json\/wp\/v2\/media?parent=84549"}],"wp:term":[{"taxonomy":"product_brand","embeddable":true,"href":"https:\/\/defabrica.com.mx\/defabrica\/wp-json\/wp\/v2\/product_brand?post=84549"},{"taxonomy":"product_cat","embeddable":true,"href":"https:\/\/defabrica.com.mx\/defabrica\/wp-json\/wp\/v2\/product_cat?post=84549"},{"taxonomy":"product_tag","embeddable":true,"href":"https:\/\/defabrica.com.mx\/defabrica\/wp-json\/wp\/v2\/product_tag?post=84549"}],"curies":[{"name":"wp","href":"https:\/\/api.w.org\/{rel}","templated":true}]}}