{"id":84542,"date":"2022-06-22T17:53:47","date_gmt":"2022-06-22T22:53:47","guid":{"rendered":"https:\/\/defabrica.com.mx\/defabrica\/?post_type=product&#038;p=84542"},"modified":"2023-01-17T11:45:26","modified_gmt":"2023-01-17T17:45:26","slug":"jlab-auriculares-inalambricos-jbuds-air-anc-true-negro","status":"publish","type":"product","link":"https:\/\/defabrica.com.mx\/defabrica\/producto\/jlab-auriculares-inalambricos-jbuds-air-anc-true-negro\/","title":{"rendered":"JLab &#8211; Auriculares inal\u00e1mbricos JBuds Air ANC True &#8211; Negro"},"content":{"rendered":"<div class=\"embedded-component-container lv product-description\">\n<div>\n<div id=\"shop-product-description-2492841\" class=\"_none\" data-version=\"1.3.44\">\n<div class=\"shop-product-description\">\n<section class=\"align-heading-left\" data-reactroot=\"\">\n<div class=\"long-description-container body-copy \">\n<div class=\"html-fragment\">Finalmente: ANC inal\u00e1mbrico verdadero que es accesible para todos.\u00a0Sobre la base de su \u00e9xito como la verdadera familia inal\u00e1mbrica n. \u00b0 1 en los EE. UU., JBuds Air ANC presenta un potente tiempo de reproducci\u00f3n ANC de 6 horas y tres modos de cancelaci\u00f3n de ruido.<\/div>\n<\/div>\n<\/section>\n<\/div>\n<\/div>\n<\/div>\n<\/div>\n<div class=\"embedded-component-container lv product-features\">\n<h3><\/h3>\n<h3 class=\"heading-5 v-fw-regular feature-heading\"><strong>Caracter\u00edsticas<\/strong><\/h3>\n<ul>\n<li><strong>Bater\u00eda de larga duraci\u00f3n<\/strong><br \/>\nM\u00e1s de 40 horas de reproducci\u00f3n total (m\u00e1s de 10 horas en auriculares y m\u00e1s de 30 horas adicionales desde el estuche de carga)<\/li>\n<li><strong>Control de ruido y Smart ANC\u2122<\/strong><br \/>\nControla c\u00f3mo escuchas el ruido exterior con tres modos de control de ruido: ANC activado, ANC desactivado y Be Aware (permite que entren los ruidos externos). Cuatro micr\u00f3fonos trabajan juntos para cancelar el ruido y brindar audio ininterrumpido, dondequiera que vaya.<\/li>\n<li><strong>Modo de pel\u00edcula<\/strong><br \/>\nMejora tu experiencia de ver pel\u00edculas. Con este modo de latencia s\u00faper baja, reduzca el retraso del audio para que las voces coincidan perfectamente con la pantalla.<\/li>\n<li><strong>Configuraci\u00f3n de sonido de ecualizador personalizado<\/strong><br \/>\nElija el sonido que coincida con sus preferencias personales con 3 configuraciones de sonido EQ: JLab Signature, Balanced y Bass Boost<\/li>\n<li><strong>Aplicaci\u00f3n JLab Air ANC<\/strong><br \/>\nCon la nueva aplicaci\u00f3n JLab Air ANC, tendr\u00e1 el control para personalizar la configuraci\u00f3n del control activo de ruido, los controles t\u00e1ctiles y el sonido seg\u00fan sus preferencias personales.<\/li>\n<li><strong>Doble conexi\u00f3n<\/strong><br \/>\nUse cualquiera de los auriculares de forma independiente o use ambos y experimente una conexi\u00f3n perfecta. Ambos auriculares se conectan autom\u00e1ticamente a su dispositivo, por lo que no debe preocuparse por cambiar o perder una conexi\u00f3n.<\/li>\n<li><strong>Comodidad y durabilidad<\/strong><br \/>\nEncuentre su ajuste ideal con 6 conjuntos de opciones de puntas: puntas de gel (peque\u00f1as, medianas y grandes); 1 juego de aletas Cush; y Cloud Foam se expanden para adaptarse a la oreja (mediano).<\/li>\n<\/ul>\n<\/div>\n","protected":false},"excerpt":{"rendered":"<p>Finalmente: ANC inal\u00e1mbrico verdadero que es accesible para todos.\u00a0Sobre la base de su \u00e9xito como la verdadera familia inal\u00e1mbrica n. \u00b0 1 en los EE. UU., JBuds Air ANC presenta<\/p>\n","protected":false},"featured_media":84545,"comment_status":"open","ping_status":"closed","template":"","meta":{"_acf_changed":false,"_joinchat":[]},"product_brand":[],"product_cat":[294,300,304],"product_tag":[],"class_list":{"0":"post-84542","1":"product","2":"type-product","3":"status-publish","4":"has-post-thumbnail","6":"product_cat-audio","7":"product_cat-audifonos","8":"product_cat-inalambricos","10":"first","11":"instock","12":"sale","13":"shipping-taxable","14":"purchasable","15":"product-type-simple"},"acf":[],"_links":{"self":[{"href":"https:\/\/defabrica.com.mx\/defabrica\/wp-json\/wp\/v2\/product\/84542","targetHints":{"allow":["GET"]}}],"collection":[{"href":"https:\/\/defabrica.com.mx\/defabrica\/wp-json\/wp\/v2\/product"}],"about":[{"href":"https:\/\/defabrica.com.mx\/defabrica\/wp-json\/wp\/v2\/types\/product"}],"replies":[{"embeddable":true,"href":"https:\/\/defabrica.com.mx\/defabrica\/wp-json\/wp\/v2\/comments?post=84542"}],"wp:featuredmedia":[{"embeddable":true,"href":"https:\/\/defabrica.com.mx\/defabrica\/wp-json\/wp\/v2\/media\/84545"}],"wp:attachment":[{"href":"https:\/\/defabrica.com.mx\/defabrica\/wp-json\/wp\/v2\/media?parent=84542"}],"wp:term":[{"taxonomy":"product_brand","embeddable":true,"href":"https:\/\/defabrica.com.mx\/defabrica\/wp-json\/wp\/v2\/product_brand?post=84542"},{"taxonomy":"product_cat","embeddable":true,"href":"https:\/\/defabrica.com.mx\/defabrica\/wp-json\/wp\/v2\/product_cat?post=84542"},{"taxonomy":"product_tag","embeddable":true,"href":"https:\/\/defabrica.com.mx\/defabrica\/wp-json\/wp\/v2\/product_tag?post=84542"}],"curies":[{"name":"wp","href":"https:\/\/api.w.org\/{rel}","templated":true}]}}