{"id":84518,"date":"2022-06-22T17:14:04","date_gmt":"2022-06-22T22:14:04","guid":{"rendered":"https:\/\/defabrica.com.mx\/defabrica\/?post_type=product&#038;p=84518"},"modified":"2023-01-17T11:43:57","modified_gmt":"2023-01-17T17:43:57","slug":"jlab-auriculares-internos-inalambricos-fit-sport-fitness-earbuds-negro","status":"publish","type":"product","link":"https:\/\/defabrica.com.mx\/defabrica\/producto\/jlab-auriculares-internos-inalambricos-fit-sport-fitness-earbuds-negro\/","title":{"rendered":"JLab &#8211; Auriculares internos inal\u00e1mbricos Fit Sport Fitness Earbuds &#8211; Negro"},"content":{"rendered":"<p>Escuche audio personalizado con estos auriculares deportivos inal\u00e1mbricos negros JLab Fit Sport.\u00a0Los modos Signature, Balanced y Bass Boost le permiten establecer preferencias de calidad de sonido, y la ubicaci\u00f3n ajustable de la punta y el cable de memoria flexible brindan un ajuste seguro y c\u00f3modo.\u00a0Recargue estos auriculares inal\u00e1mbricos de fitness JLab Fit Sport a trav\u00e9s del cable microUSB incluido para disfrutar de hasta seis horas de reproducci\u00f3n.<\/p>\n<h3><\/h3>\n<h3 class=\"heading-5 v-fw-regular feature-heading\"><strong>Caracter\u00edsticas<\/strong><\/h3>\n<div class=\"feature-body-container\">\n<div class=\"features-list-container\">\n<div class=\"features-list all-features\">\n<div class=\"list-row\">\n<ul>\n<li><strong>interfaz bluetooth<\/strong><br \/>\nPermite el emparejamiento inal\u00e1mbrico simple con su dispositivo habilitado para Bluetooth.<\/li>\n<li><strong>Bater\u00eda recargable<\/strong><br \/>\nOfrece hasta 6 horas de uso con una carga.<\/li>\n<li><strong>Resistente al agua y al sudor<\/strong><br \/>\nAyuda a evitar que el sudor y el agua entren en los auriculares.<\/li>\n<li><strong>dise\u00f1o en la oreja<\/strong><br \/>\nSe ajusta de forma segura y dirige la m\u00fasica a tus o\u00eddos para un audio completo e ininterrumpido.<\/li>\n<li><strong>Controles de auriculares<\/strong><br \/>\nIncluye volumen, reproducci\u00f3n\/pausa y pista siguiente\/anterior.<\/li>\n<li><strong>Micr\u00f3fono incorporado<\/strong><br \/>\nPermite chatear con manos libres a trav\u00e9s de un dispositivo compatible.<\/li>\n<li><strong>Dise\u00f1o est\u00e9reo<\/strong><br \/>\nOfrece tonos n\u00edtidos.<\/li>\n<\/ul>\n<\/div>\n<\/div>\n<\/div>\n<\/div>\n","protected":false},"excerpt":{"rendered":"<p>Escuche audio personalizado con estos auriculares deportivos inal\u00e1mbricos negros JLab Fit Sport.\u00a0Los modos Signature, Balanced y Bass Boost le permiten establecer preferencias de calidad de sonido, y la ubicaci\u00f3n ajustable<\/p>\n","protected":false},"featured_media":84520,"comment_status":"open","ping_status":"closed","template":"","meta":{"_acf_changed":false,"_joinchat":[]},"product_brand":[],"product_cat":[294,300,304],"product_tag":[],"class_list":{"0":"post-84518","1":"product","2":"type-product","3":"status-publish","4":"has-post-thumbnail","6":"product_cat-audio","7":"product_cat-audifonos","8":"product_cat-inalambricos","10":"first","11":"instock","12":"sale","13":"shipping-taxable","14":"purchasable","15":"product-type-simple"},"acf":[],"_links":{"self":[{"href":"https:\/\/defabrica.com.mx\/defabrica\/wp-json\/wp\/v2\/product\/84518","targetHints":{"allow":["GET"]}}],"collection":[{"href":"https:\/\/defabrica.com.mx\/defabrica\/wp-json\/wp\/v2\/product"}],"about":[{"href":"https:\/\/defabrica.com.mx\/defabrica\/wp-json\/wp\/v2\/types\/product"}],"replies":[{"embeddable":true,"href":"https:\/\/defabrica.com.mx\/defabrica\/wp-json\/wp\/v2\/comments?post=84518"}],"wp:featuredmedia":[{"embeddable":true,"href":"https:\/\/defabrica.com.mx\/defabrica\/wp-json\/wp\/v2\/media\/84520"}],"wp:attachment":[{"href":"https:\/\/defabrica.com.mx\/defabrica\/wp-json\/wp\/v2\/media?parent=84518"}],"wp:term":[{"taxonomy":"product_brand","embeddable":true,"href":"https:\/\/defabrica.com.mx\/defabrica\/wp-json\/wp\/v2\/product_brand?post=84518"},{"taxonomy":"product_cat","embeddable":true,"href":"https:\/\/defabrica.com.mx\/defabrica\/wp-json\/wp\/v2\/product_cat?post=84518"},{"taxonomy":"product_tag","embeddable":true,"href":"https:\/\/defabrica.com.mx\/defabrica\/wp-json\/wp\/v2\/product_tag?post=84518"}],"curies":[{"name":"wp","href":"https:\/\/api.w.org\/{rel}","templated":true}]}}