{"id":84512,"date":"2022-06-22T17:08:53","date_gmt":"2022-06-22T22:08:53","guid":{"rendered":"https:\/\/defabrica.com.mx\/defabrica\/?post_type=product&#038;p=84512"},"modified":"2023-01-17T11:43:36","modified_gmt":"2023-01-17T17:43:36","slug":"jlab-auriculares-supraaurales-studio-pro-anc-negro","status":"publish","type":"product","link":"https:\/\/defabrica.com.mx\/defabrica\/producto\/jlab-auriculares-supraaurales-studio-pro-anc-negro\/","title":{"rendered":"JLab &#8211; Auriculares supraaurales Studio Pro ANC &#8211; Negro"},"content":{"rendered":"<div class=\"embedded-component-container lv product-description\">\n<div>\n<div id=\"shop-product-description-83845883\" class=\"_none\" data-version=\"1.3.44\">\n<div class=\"shop-product-description\">\n<section class=\"align-heading-left\" data-reactroot=\"\">\n<div class=\"long-description-container body-copy \">\n<div class=\"html-fragment\">Los auriculares supraaurales Studio Pro ANC de JLab ofrecen la mejor experiencia auditiva con cuatro modos de control de ruido y cancelaci\u00f3n activa inteligente de ruido.\u00a0Con m\u00e1s de 45 horas incre\u00edbles de tiempo de juego, tambi\u00e9n son ultra c\u00f3modos con los auriculares Form-Fit \u2122, los cojines de espuma Cloud Foam y una diadema ajustable.<\/div>\n<\/div>\n<\/section>\n<\/div>\n<\/div>\n<\/div>\n<\/div>\n<div class=\"embedded-component-container lv product-features\">\n<h3><\/h3>\n<h3 class=\"heading-5 v-fw-regular feature-heading\"><strong>Caracter\u00edsticas<\/strong><\/h3>\n<ul>\n<li><strong>Control de ruido activo inteligente<\/strong><br \/>\nJLab Smart ANC se adapta sobre la marcha a las variantes de su entorno para crear la mejor experiencia de audio. Cuatro micr\u00f3fonos trabajan juntos para cancelar el ruido y proporcionar un audio ininterrumpido<\/li>\n<li><strong>Cuatro modos de control de ruido<\/strong><br \/>\nANC (alto), ANC (bajo), ANC apagado y cuidado (ruidos externos de paso)<\/li>\n<li><strong>Tiempo de reproducci\u00f3n prolongado<\/strong><br \/>\nM\u00e1s de 45 horas de reproducci\u00f3n con una sola carga<\/li>\n<li><strong>Conectividad dual<\/strong><br \/>\nCon\u00e9ctese de forma inal\u00e1mbrica a trav\u00e9s de Bluetooth a su PC, Mac o dispositivo m\u00f3vil, o con\u00e9ctese directamente con el cable USB-C a 3,5 mm incluido<\/li>\n<li><strong>Sonido EQ3 personalizado<\/strong><br \/>\nElija entre 3 configuraciones de ecualizador personalizadas para que coincidan con sus preferencias personales: JLab Signature, Balanced y Bass Boost<\/li>\n<li><strong>Comodidad todo el d\u00eda<\/strong><br \/>\nLos auriculares Form-Fit tienen una forma ergon\u00f3mica que se adapta al contorno natural de la oreja, y las almohadillas Cloud Foam agregan otra capa de comodidad<\/li>\n<li><strong>Control total<\/strong><br \/>\nAjuste f\u00e1cilmente el volumen, reproduzca\/pause, responda\/rechace llamadas, salte pistas y controle los niveles de ANC a trav\u00e9s de los botones de los auriculares<\/li>\n<\/ul>\n<\/div>\n","protected":false},"excerpt":{"rendered":"<p>Los auriculares supraaurales Studio Pro ANC de JLab ofrecen la mejor experiencia auditiva con cuatro modos de control de ruido y cancelaci\u00f3n activa inteligente de ruido.\u00a0Con m\u00e1s de 45 horas<\/p>\n","protected":false},"featured_media":84514,"comment_status":"open","ping_status":"closed","template":"","meta":{"_acf_changed":false,"_joinchat":[]},"product_brand":[],"product_cat":[294,300,304],"product_tag":[],"class_list":{"0":"post-84512","1":"product","2":"type-product","3":"status-publish","4":"has-post-thumbnail","6":"product_cat-audio","7":"product_cat-audifonos","8":"product_cat-inalambricos","10":"first","11":"instock","12":"sale","13":"shipping-taxable","14":"purchasable","15":"product-type-simple"},"acf":[],"_links":{"self":[{"href":"https:\/\/defabrica.com.mx\/defabrica\/wp-json\/wp\/v2\/product\/84512","targetHints":{"allow":["GET"]}}],"collection":[{"href":"https:\/\/defabrica.com.mx\/defabrica\/wp-json\/wp\/v2\/product"}],"about":[{"href":"https:\/\/defabrica.com.mx\/defabrica\/wp-json\/wp\/v2\/types\/product"}],"replies":[{"embeddable":true,"href":"https:\/\/defabrica.com.mx\/defabrica\/wp-json\/wp\/v2\/comments?post=84512"}],"wp:featuredmedia":[{"embeddable":true,"href":"https:\/\/defabrica.com.mx\/defabrica\/wp-json\/wp\/v2\/media\/84514"}],"wp:attachment":[{"href":"https:\/\/defabrica.com.mx\/defabrica\/wp-json\/wp\/v2\/media?parent=84512"}],"wp:term":[{"taxonomy":"product_brand","embeddable":true,"href":"https:\/\/defabrica.com.mx\/defabrica\/wp-json\/wp\/v2\/product_brand?post=84512"},{"taxonomy":"product_cat","embeddable":true,"href":"https:\/\/defabrica.com.mx\/defabrica\/wp-json\/wp\/v2\/product_cat?post=84512"},{"taxonomy":"product_tag","embeddable":true,"href":"https:\/\/defabrica.com.mx\/defabrica\/wp-json\/wp\/v2\/product_tag?post=84512"}],"curies":[{"name":"wp","href":"https:\/\/api.w.org\/{rel}","templated":true}]}}