{"id":84492,"date":"2022-06-22T16:55:33","date_gmt":"2022-06-22T21:55:33","guid":{"rendered":"https:\/\/defabrica.com.mx\/defabrica\/?post_type=product&#038;p=84492"},"modified":"2022-12-12T10:42:52","modified_gmt":"2022-12-12T16:42:52","slug":"jlab-auriculares-supraaurales-inalambricos-studio-anc-negro","status":"publish","type":"product","link":"https:\/\/defabrica.com.mx\/defabrica\/producto\/jlab-auriculares-supraaurales-inalambricos-studio-anc-negro\/","title":{"rendered":"JLab &#8211; Auriculares supraaurales inal\u00e1mbricos Studio ANC &#8211; Negro"},"content":{"rendered":"<p>Pi\u00e9rdase en un mundo de m\u00fasica con estos auriculares negros JLab Studio ANC Studio ANC Wireless On-Ear.\u00a0Los auriculares Cloud Foam y una diadema de piel sint\u00e9tica crean un ajuste seguro y c\u00f3modo para usar todo el d\u00eda, mientras que la bater\u00eda recargable de pol\u00edmero de litio de 400 mAh brinda m\u00e1s de 34 horas de reproducci\u00f3n.\u00a0Estos auriculares supraaurales inal\u00e1mbricos JLab Studio ANC Studio ANC tienen tecnolog\u00eda de cancelaci\u00f3n activa de ruido para bloquear el ruido de fondo.<\/p>\n<h3><\/h3>\n<h3 class=\"heading-5 v-fw-regular feature-heading\"><strong>Caracter\u00edsticas<\/strong><\/h3>\n<ul>\n<li><strong>Bater\u00eda recargable<\/strong><br \/>\nOfrece hasta 34 horas de uso y dura hasta 400 horas en modo de espera.<\/li>\n<li><strong>Cancelaci\u00f3n de ruido activa<\/strong><br \/>\nCancela activamente las formas de onda desde el exterior del auricular para eliminar por completo los sonidos extra\u00f1os.<\/li>\n<li><strong>Micr\u00f3fono incorporado<\/strong><br \/>\nPermite chatear con manos libres a trav\u00e9s de un dispositivo compatible.<\/li>\n<li><strong>Interfaz Bluetooth 5.0<\/strong><br \/>\nPermite el emparejamiento inal\u00e1mbrico simple con su dispositivo habilitado para Bluetooth. Admite perfiles de Bluetooth HFP, HSP, A2DP y AVRCP.<\/li>\n<li><strong>Dise\u00f1o en la oreja<\/strong><br \/>\nPara mayor comodidad durante sesiones de escucha prolongadas.<\/li>\n<li><strong>Dise\u00f1o plegable<\/strong><br \/>\nJunto con un estuche de transporte incluido, permite una f\u00e1cil portabilidad.<\/li>\n<li><strong>controladores de 40 mm<\/strong><br \/>\nOfrece un sonido potente.<\/li>\n<li><strong>Respuesta de frecuencia de 20 Hz &#8211; 20 kHz<\/strong><br \/>\nPara una reproducci\u00f3n fiel del sonido.<\/li>\n<li><strong>impedancia de 32 ohmios<\/strong><br \/>\nPara conducir eficientemente el poder.<\/li>\n<li><strong>Dise\u00f1o de transductor din\u00e1mico<\/strong><br \/>\nPara audio de calidad de referencia.<\/li>\n<li><strong>Dise\u00f1o est\u00e9reo<\/strong><br \/>\nOfrece tonos n\u00edtidos.<\/li>\n<\/ul>\n","protected":false},"excerpt":{"rendered":"<p>Pi\u00e9rdase en un mundo de m\u00fasica con estos auriculares negros JLab Studio ANC Studio ANC Wireless On-Ear.\u00a0Los auriculares Cloud Foam y una diadema de piel sint\u00e9tica crean un ajuste seguro<\/p>\n","protected":false},"featured_media":84495,"comment_status":"open","ping_status":"closed","template":"","meta":{"_acf_changed":false,"_joinchat":[]},"product_brand":[],"product_cat":[294,300,304],"product_tag":[],"class_list":{"0":"post-84492","1":"product","2":"type-product","3":"status-publish","4":"has-post-thumbnail","6":"product_cat-audio","7":"product_cat-audifonos","8":"product_cat-inalambricos","10":"first","11":"instock","12":"sale","13":"shipping-taxable","14":"purchasable","15":"product-type-simple"},"acf":[],"_links":{"self":[{"href":"https:\/\/defabrica.com.mx\/defabrica\/wp-json\/wp\/v2\/product\/84492","targetHints":{"allow":["GET"]}}],"collection":[{"href":"https:\/\/defabrica.com.mx\/defabrica\/wp-json\/wp\/v2\/product"}],"about":[{"href":"https:\/\/defabrica.com.mx\/defabrica\/wp-json\/wp\/v2\/types\/product"}],"replies":[{"embeddable":true,"href":"https:\/\/defabrica.com.mx\/defabrica\/wp-json\/wp\/v2\/comments?post=84492"}],"wp:featuredmedia":[{"embeddable":true,"href":"https:\/\/defabrica.com.mx\/defabrica\/wp-json\/wp\/v2\/media\/84495"}],"wp:attachment":[{"href":"https:\/\/defabrica.com.mx\/defabrica\/wp-json\/wp\/v2\/media?parent=84492"}],"wp:term":[{"taxonomy":"product_brand","embeddable":true,"href":"https:\/\/defabrica.com.mx\/defabrica\/wp-json\/wp\/v2\/product_brand?post=84492"},{"taxonomy":"product_cat","embeddable":true,"href":"https:\/\/defabrica.com.mx\/defabrica\/wp-json\/wp\/v2\/product_cat?post=84492"},{"taxonomy":"product_tag","embeddable":true,"href":"https:\/\/defabrica.com.mx\/defabrica\/wp-json\/wp\/v2\/product_tag?post=84492"}],"curies":[{"name":"wp","href":"https:\/\/api.w.org\/{rel}","templated":true}]}}