{"id":84487,"date":"2022-06-22T16:50:31","date_gmt":"2022-06-22T21:50:31","guid":{"rendered":"https:\/\/defabrica.com.mx\/defabrica\/?post_type=product&#038;p=84487"},"modified":"2022-12-12T10:42:13","modified_gmt":"2022-12-12T16:42:13","slug":"jlab-auriculares-in-ear-inalambricos-negro","status":"publish","type":"product","link":"https:\/\/defabrica.com.mx\/defabrica\/producto\/jlab-auriculares-in-ear-inalambricos-negro\/","title":{"rendered":"JLab &#8211; Auriculares In-Ear Inal\u00e1mbricos &#8211; Negro"},"content":{"rendered":"<p>Disfruta de una experiencia de audio inmersiva con estos auriculares inal\u00e1mbricos negros JLab Epic Sport 2.\u00a0La bater\u00eda recargable brinda m\u00e1s de 20 horas de uso con una sola carga y el micr\u00f3fono incorporado captura su voz claramente mientras responde llamadas.\u00a0Estos auriculares inal\u00e1mbricos JLab Epic Sport 2 incluyen olivas de diferentes tama\u00f1os para crear un ajuste c\u00f3modo y el dise\u00f1o a prueba de sudor ayuda a aumentar la durabilidad.<\/p>\n<h3><\/h3>\n<h3 class=\"heading-5 v-fw-regular feature-heading\"><strong>Caracter\u00edsticas<\/strong><\/h3>\n<ul>\n<li><strong>Bater\u00eda recargable<\/strong><br \/>\nOfrece hasta 20 horas de uso y dura hasta 300 horas en modo de espera.<\/li>\n<li><strong>Resistente al agua y al sudor<\/strong><br \/>\nAyuda a evitar que el sudor y el agua entren en los auriculares.<\/li>\n<li><strong>Micr\u00f3fono incorporado<\/strong><br \/>\nPermite chatear con manos libres a trav\u00e9s de un dispositivo compatible.<\/li>\n<li><strong>Interfaz Bluetooth 5.0<\/strong><br \/>\nPermite el emparejamiento inal\u00e1mbrico simple con su dispositivo habilitado para Bluetooth. Admite perfiles de Bluetooth HFP, HSP, A2DP y AVRCP.<\/li>\n<li><strong>dise\u00f1o en la oreja<\/strong><br \/>\nSe ajusta de forma segura y dirige la m\u00fasica a tus o\u00eddos para un audio completo e ininterrumpido.<\/li>\n<li><strong>Controles de auriculares<\/strong><br \/>\nIncluye volumen, respuesta\/finalizaci\u00f3n, reproducci\u00f3n\/pausa, pista siguiente\/anterior y preajuste de ecualizador.<\/li>\n<li><strong>controladores de 8 mm<\/strong><br \/>\nOfrece un sonido potente.<\/li>\n<li><strong>Respuesta de frecuencia de 20 Hz &#8211; 20 kHz<\/strong><br \/>\nPara una reproducci\u00f3n fiel del sonido.<\/li>\n<li><strong>impedancia de 16 ohmios<\/strong><br \/>\nPara conducir eficientemente el poder.<\/li>\n<li><strong>Dise\u00f1o de transductor din\u00e1mico<\/strong><br \/>\nPara audio de calidad de referencia.<\/li>\n<li><strong>Dise\u00f1o est\u00e9reo<\/strong><br \/>\nOfrece tonos n\u00edtidos.<\/li>\n<\/ul>\n","protected":false},"excerpt":{"rendered":"<p>Disfruta de una experiencia de audio inmersiva con estos auriculares inal\u00e1mbricos negros JLab Epic Sport 2.\u00a0La bater\u00eda recargable brinda m\u00e1s de 20 horas de uso con una sola carga y<\/p>\n","protected":false},"featured_media":84489,"comment_status":"open","ping_status":"closed","template":"","meta":{"_acf_changed":false,"_joinchat":[]},"product_brand":[],"product_cat":[294,300,304],"product_tag":[],"class_list":{"0":"post-84487","1":"product","2":"type-product","3":"status-publish","4":"has-post-thumbnail","6":"product_cat-audio","7":"product_cat-audifonos","8":"product_cat-inalambricos","10":"first","11":"instock","12":"sale","13":"shipping-taxable","14":"purchasable","15":"product-type-simple"},"acf":[],"_links":{"self":[{"href":"https:\/\/defabrica.com.mx\/defabrica\/wp-json\/wp\/v2\/product\/84487","targetHints":{"allow":["GET"]}}],"collection":[{"href":"https:\/\/defabrica.com.mx\/defabrica\/wp-json\/wp\/v2\/product"}],"about":[{"href":"https:\/\/defabrica.com.mx\/defabrica\/wp-json\/wp\/v2\/types\/product"}],"replies":[{"embeddable":true,"href":"https:\/\/defabrica.com.mx\/defabrica\/wp-json\/wp\/v2\/comments?post=84487"}],"wp:featuredmedia":[{"embeddable":true,"href":"https:\/\/defabrica.com.mx\/defabrica\/wp-json\/wp\/v2\/media\/84489"}],"wp:attachment":[{"href":"https:\/\/defabrica.com.mx\/defabrica\/wp-json\/wp\/v2\/media?parent=84487"}],"wp:term":[{"taxonomy":"product_brand","embeddable":true,"href":"https:\/\/defabrica.com.mx\/defabrica\/wp-json\/wp\/v2\/product_brand?post=84487"},{"taxonomy":"product_cat","embeddable":true,"href":"https:\/\/defabrica.com.mx\/defabrica\/wp-json\/wp\/v2\/product_cat?post=84487"},{"taxonomy":"product_tag","embeddable":true,"href":"https:\/\/defabrica.com.mx\/defabrica\/wp-json\/wp\/v2\/product_tag?post=84487"}],"curies":[{"name":"wp","href":"https:\/\/api.w.org\/{rel}","templated":true}]}}