{"id":84470,"date":"2022-06-22T16:37:57","date_gmt":"2022-06-22T21:37:57","guid":{"rendered":"https:\/\/defabrica.com.mx\/defabrica\/?post_type=product&#038;p=84470"},"modified":"2023-01-17T11:41:21","modified_gmt":"2023-01-17T17:41:21","slug":"jvc-auriculares-con-sonido-potente-en-la-oreja-negro","status":"publish","type":"product","link":"https:\/\/defabrica.com.mx\/defabrica\/producto\/jvc-auriculares-con-sonido-potente-en-la-oreja-negro\/","title":{"rendered":"JVC &#8211; Auriculares con sonido potente en la oreja &#8211; Negro"},"content":{"rendered":"<div class=\"embedded-component-container lv product-description\">\n<div>\n<div id=\"shop-product-description-26354491\" class=\"_none\" data-version=\"1.3.44\">\n<div class=\"shop-product-description\">\n<section class=\"align-heading-left\" data-reactroot=\"\">\n<div class=\"long-description-container body-copy \">\n<div class=\"html-fragment\">Los ligeros auriculares JVC Powerful Sound con cable ofrecen una soluci\u00f3n c\u00f3moda para el uso diario.\u00a0El HAS31MB ofrece un micr\u00f3fono integrado y un control remoto de un bot\u00f3n en el auricular.\u00a0El control remoto de un bot\u00f3n permite a los usuarios controlar las llamadas telef\u00f3nicas (responder\/finalizar) y detener\/iniciar m\u00fasica, adem\u00e1s de cambiar las pistas hacia adelante\/atr\u00e1s.\u00a0Las almohadillas suaves para los o\u00eddos brindan un aislamiento de ruido superior.\u00a0El cable de un solo lado ofrece un conector anal\u00f3gico de 3,5 mm de 90 grados.\u00a0Compatible con asistente de voz.<\/div>\n<\/div>\n<\/section>\n<\/div>\n<\/div>\n<\/div>\n<\/div>\n<div class=\"embedded-component-container lv product-features\">\n<h3><\/h3>\n<h3 class=\"heading-5 v-fw-regular feature-heading\"><strong>Caracter\u00edsticas<\/strong><\/h3>\n<ul>\n<li><strong>Sonido potente<\/strong><br \/>\nLos auriculares con sonido potente de JVC ofrecen c\u00f3modas almohadillas para los o\u00eddos y aislamiento de ruido de primera calidad.<\/li>\n<li><strong>Micr\u00f3fono y control remoto<\/strong><br \/>\nEl control remoto integrado de un bot\u00f3n y el micr\u00f3fono en la carcasa de los auriculares permiten a los usuarios controlar la m\u00fasica para rastrear hacia adelante\/atr\u00e1s, detener\/iniciar y responder\/finalizar llamadas.<\/li>\n<li><strong>Longitud del cable<\/strong><br \/>\nLos auriculares con sonido potente de JVC ofrecen una longitud de cable de un solo lado de 3,94 pies con un conector anal\u00f3gico de 3,5 mm de 90 grados.<\/li>\n<li><strong>plegable<\/strong><br \/>\nLos auriculares JVC Powerful Sound ofrecen un dise\u00f1o plegable plano para facilitar la portabilidad.<\/li>\n<\/ul>\n<\/div>\n","protected":false},"excerpt":{"rendered":"<p>Los ligeros auriculares JVC Powerful Sound con cable ofrecen una soluci\u00f3n c\u00f3moda para el uso diario.\u00a0El HAS31MB ofrece un micr\u00f3fono integrado y un control remoto de un bot\u00f3n en el<\/p>\n","protected":false},"featured_media":84472,"comment_status":"open","ping_status":"closed","template":"","meta":{"_acf_changed":false,"_joinchat":[]},"product_brand":[],"product_cat":[294,300,304],"product_tag":[],"class_list":{"0":"post-84470","1":"product","2":"type-product","3":"status-publish","4":"has-post-thumbnail","6":"product_cat-audio","7":"product_cat-audifonos","8":"product_cat-inalambricos","10":"first","11":"instock","12":"sale","13":"shipping-taxable","14":"purchasable","15":"product-type-simple"},"acf":[],"_links":{"self":[{"href":"https:\/\/defabrica.com.mx\/defabrica\/wp-json\/wp\/v2\/product\/84470","targetHints":{"allow":["GET"]}}],"collection":[{"href":"https:\/\/defabrica.com.mx\/defabrica\/wp-json\/wp\/v2\/product"}],"about":[{"href":"https:\/\/defabrica.com.mx\/defabrica\/wp-json\/wp\/v2\/types\/product"}],"replies":[{"embeddable":true,"href":"https:\/\/defabrica.com.mx\/defabrica\/wp-json\/wp\/v2\/comments?post=84470"}],"wp:featuredmedia":[{"embeddable":true,"href":"https:\/\/defabrica.com.mx\/defabrica\/wp-json\/wp\/v2\/media\/84472"}],"wp:attachment":[{"href":"https:\/\/defabrica.com.mx\/defabrica\/wp-json\/wp\/v2\/media?parent=84470"}],"wp:term":[{"taxonomy":"product_brand","embeddable":true,"href":"https:\/\/defabrica.com.mx\/defabrica\/wp-json\/wp\/v2\/product_brand?post=84470"},{"taxonomy":"product_cat","embeddable":true,"href":"https:\/\/defabrica.com.mx\/defabrica\/wp-json\/wp\/v2\/product_cat?post=84470"},{"taxonomy":"product_tag","embeddable":true,"href":"https:\/\/defabrica.com.mx\/defabrica\/wp-json\/wp\/v2\/product_tag?post=84470"}],"curies":[{"name":"wp","href":"https:\/\/api.w.org\/{rel}","templated":true}]}}