{"id":84455,"date":"2022-06-22T16:27:13","date_gmt":"2022-06-22T21:27:13","guid":{"rendered":"https:\/\/defabrica.com.mx\/defabrica\/?post_type=product&#038;p=84455"},"modified":"2023-01-17T11:40:16","modified_gmt":"2023-01-17T17:40:16","slug":"jvc-air-cushion-in-ear-neckband-auriculares-inalambricos-bluetooth-negro","status":"publish","type":"product","link":"https:\/\/defabrica.com.mx\/defabrica\/producto\/jvc-air-cushion-in-ear-neckband-auriculares-inalambricos-bluetooth-negro\/","title":{"rendered":"JVC &#8211; Air Cushion In Ear Neckband Auriculares inal\u00e1mbricos Bluetooth &#8211; Negro"},"content":{"rendered":"<div class=\"embedded-component-container lv product-description\">\n<div>\n<div id=\"shop-product-description-39354108\" class=\"_none\" data-version=\"1.3.44\">\n<div class=\"shop-product-description\">\n<section class=\"align-heading-left\" data-reactroot=\"\">\n<div class=\"long-description-container body-copy \">\n<div class=\"html-fragment\">Los auriculares con banda para el cuello JVC Bluetooth Wireless Air Cushion ofrecen un ajuste \u00fanico con una suave estructura de soporte Air Cushion.\u00a0El HAFX41WB ofrece la capacidad de Bluetooth Wireless versi\u00f3n 5.0 (clase 2) que se conecta a dispositivos habilitados para Bluetooth.\u00a0Disfruta de la m\u00fasica o habla por tel\u00e9fono durante largos per\u00edodos de tiempo con el c\u00f3modo dise\u00f1o Air Cushion.\u00a0La banda para el cuello liviana ofrece hasta 24 horas de uso con bater\u00eda recargable incorporada.\u00a0Son ideales para la pr\u00e1ctica deportiva con un nivel de resistencia al agua IPX4.\u00a0Use el conveniente control remoto de 3 botones con micr\u00f3fono para controlar el volumen (+\/-), pausar\/reproducir y contestar llamadas.\u00a0Asistente de voz compatible con todos los asistentes personales digitales.\u00a0Personalice su ajuste con las almohadillas de silicona S\/M\/L incluidas.<\/div>\n<\/div>\n<\/section>\n<\/div>\n<\/div>\n<\/div>\n<\/div>\n<div class=\"embedded-component-container lv product-features\">\n<h3><\/h3>\n<h3 class=\"heading-5 v-fw-regular feature-heading\"><strong>Caracter\u00edsticas<\/strong><\/h3>\n<ul>\n<li><strong>Banda para el cuello liviana Dise\u00f1o de colch\u00f3n de aire en la oreja<\/strong><br \/>\nDisfrute de los c\u00f3modos auriculares estilo banda para el cuello de JVC con un ajuste seguro en el dise\u00f1o del coj\u00edn de aire del o\u00eddo.<\/li>\n<li><strong>Duraci\u00f3n de la bater\u00eda<\/strong><br \/>\nHasta 24 horas de duraci\u00f3n de la bater\u00eda con bater\u00eda recargable incorporada.<\/li>\n<li><strong>Control remoto y micr\u00f3fono<\/strong><br \/>\nEl control remoto de 3 botones f\u00e1cil de usar en la banda para el cuello permite a los usuarios ajustar el volumen (+\/-), reproducir\/pausar m\u00fasica y responder\/finalizar llamadas.<\/li>\n<li><strong>Resistente al agua IPX4<\/strong><br \/>\nClasificado en IPX4 para resistencia al agua.<\/li>\n<li><strong>Compatible con asistente de voz y a prueba de sudor<\/strong><br \/>\nUse su asistente de voz personal favorito con los auriculares con coj\u00edn de aire con banda para el cuello de JVC con solo tocar un bot\u00f3n.<\/li>\n<\/ul>\n<\/div>\n","protected":false},"excerpt":{"rendered":"<p>Los auriculares con banda para el cuello JVC Bluetooth Wireless Air Cushion ofrecen un ajuste \u00fanico con una suave estructura de soporte Air Cushion.\u00a0El HAFX41WB ofrece la capacidad de Bluetooth<\/p>\n","protected":false},"featured_media":84457,"comment_status":"open","ping_status":"closed","template":"","meta":{"_acf_changed":false,"_joinchat":[]},"product_brand":[],"product_cat":[294,300,304],"product_tag":[],"class_list":{"0":"post-84455","1":"product","2":"type-product","3":"status-publish","4":"has-post-thumbnail","6":"product_cat-audio","7":"product_cat-audifonos","8":"product_cat-inalambricos","10":"first","11":"instock","12":"sale","13":"shipping-taxable","14":"purchasable","15":"product-type-simple"},"acf":[],"_links":{"self":[{"href":"https:\/\/defabrica.com.mx\/defabrica\/wp-json\/wp\/v2\/product\/84455","targetHints":{"allow":["GET"]}}],"collection":[{"href":"https:\/\/defabrica.com.mx\/defabrica\/wp-json\/wp\/v2\/product"}],"about":[{"href":"https:\/\/defabrica.com.mx\/defabrica\/wp-json\/wp\/v2\/types\/product"}],"replies":[{"embeddable":true,"href":"https:\/\/defabrica.com.mx\/defabrica\/wp-json\/wp\/v2\/comments?post=84455"}],"wp:featuredmedia":[{"embeddable":true,"href":"https:\/\/defabrica.com.mx\/defabrica\/wp-json\/wp\/v2\/media\/84457"}],"wp:attachment":[{"href":"https:\/\/defabrica.com.mx\/defabrica\/wp-json\/wp\/v2\/media?parent=84455"}],"wp:term":[{"taxonomy":"product_brand","embeddable":true,"href":"https:\/\/defabrica.com.mx\/defabrica\/wp-json\/wp\/v2\/product_brand?post=84455"},{"taxonomy":"product_cat","embeddable":true,"href":"https:\/\/defabrica.com.mx\/defabrica\/wp-json\/wp\/v2\/product_cat?post=84455"},{"taxonomy":"product_tag","embeddable":true,"href":"https:\/\/defabrica.com.mx\/defabrica\/wp-json\/wp\/v2\/product_tag?post=84455"}],"curies":[{"name":"wp","href":"https:\/\/api.w.org\/{rel}","templated":true}]}}