{"id":84427,"date":"2022-06-22T16:01:36","date_gmt":"2022-06-22T21:01:36","guid":{"rendered":"https:\/\/defabrica.com.mx\/defabrica\/?post_type=product&#038;p=84427"},"modified":"2022-12-12T10:34:21","modified_gmt":"2022-12-12T16:34:21","slug":"jvc-auriculares-internos-inalambricos-ha-en10bt-gumy-sport-azul","status":"publish","type":"product","link":"https:\/\/defabrica.com.mx\/defabrica\/producto\/jvc-auriculares-internos-inalambricos-ha-en10bt-gumy-sport-azul\/","title":{"rendered":"JVC &#8211; Auriculares internos inal\u00e1mbricos HA EN10BT Gumy Sport &#8211; Azul"},"content":{"rendered":"<p>Escuche m\u00fasica mientras est\u00e1 en movimiento con estos auriculares JVC Gumy Sport.\u00a0Son resistentes al sudor, por lo que puede usarlos durante su carrera o entrenamiento, y los auriculares con ajuste de boquilla se mantienen seguros en su o\u00eddo y brindan comodidad.\u00a0Estos auriculares JVC Gumy Sport tienen un cable de 3,3 pies con un enchufe delgado que es compatible con el iPhone.<\/p>\n<h3><\/h3>\n<h3 class=\"heading-5 v-fw-regular feature-heading\"><strong>Caracter\u00edsticas<\/strong><\/h3>\n<ul>\n<li><strong>dise\u00f1o en la oreja<\/strong><br \/>\nSe ajusta de forma segura y dirige la m\u00fasica a tus o\u00eddos para un audio completo e ininterrumpido.<\/li>\n<li><strong>interfaz bluetooth<\/strong><br \/>\nPermite el emparejamiento inal\u00e1mbrico simple con su dispositivo habilitado para Bluetooth.<\/li>\n<li><strong>Bater\u00eda recargable<\/strong><br \/>\nOfrece hasta 5 horas de uso con una carga.<\/li>\n<li><strong>Micr\u00f3fono en l\u00ednea<\/strong><br \/>\nLe permite disfrutar de llamadas con manos libres.<\/li>\n<li><strong>Carcasa resistente a salpicaduras<\/strong><br \/>\nBrinda protecci\u00f3n contra el sudor y el agua, por lo que puede usar auriculares f\u00e1cilmente mientras hace ejercicio.<\/li>\n<li><strong>Dise\u00f1o est\u00e9reo<\/strong><br \/>\nOfrece tonos n\u00edtidos.<\/li>\n<\/ul>\n","protected":false},"excerpt":{"rendered":"<p>Escuche m\u00fasica mientras est\u00e1 en movimiento con estos auriculares JVC Gumy Sport.\u00a0Son resistentes al sudor, por lo que puede usarlos durante su carrera o entrenamiento, y los auriculares con ajuste<\/p>\n","protected":false},"featured_media":84428,"comment_status":"open","ping_status":"closed","template":"","meta":{"_acf_changed":false,"_joinchat":[]},"product_brand":[],"product_cat":[1517,294,300,304],"product_tag":[],"class_list":{"0":"post-84427","1":"product","2":"type-product","3":"status-publish","4":"has-post-thumbnail","6":"product_cat-ofertas-audio","7":"product_cat-audio","8":"product_cat-audifonos","9":"product_cat-inalambricos","11":"first","12":"instock","13":"sale","14":"shipping-taxable","15":"purchasable","16":"product-type-simple"},"acf":[],"_links":{"self":[{"href":"https:\/\/defabrica.com.mx\/defabrica\/wp-json\/wp\/v2\/product\/84427","targetHints":{"allow":["GET"]}}],"collection":[{"href":"https:\/\/defabrica.com.mx\/defabrica\/wp-json\/wp\/v2\/product"}],"about":[{"href":"https:\/\/defabrica.com.mx\/defabrica\/wp-json\/wp\/v2\/types\/product"}],"replies":[{"embeddable":true,"href":"https:\/\/defabrica.com.mx\/defabrica\/wp-json\/wp\/v2\/comments?post=84427"}],"wp:featuredmedia":[{"embeddable":true,"href":"https:\/\/defabrica.com.mx\/defabrica\/wp-json\/wp\/v2\/media\/84428"}],"wp:attachment":[{"href":"https:\/\/defabrica.com.mx\/defabrica\/wp-json\/wp\/v2\/media?parent=84427"}],"wp:term":[{"taxonomy":"product_brand","embeddable":true,"href":"https:\/\/defabrica.com.mx\/defabrica\/wp-json\/wp\/v2\/product_brand?post=84427"},{"taxonomy":"product_cat","embeddable":true,"href":"https:\/\/defabrica.com.mx\/defabrica\/wp-json\/wp\/v2\/product_cat?post=84427"},{"taxonomy":"product_tag","embeddable":true,"href":"https:\/\/defabrica.com.mx\/defabrica\/wp-json\/wp\/v2\/product_tag?post=84427"}],"curies":[{"name":"wp","href":"https:\/\/api.w.org\/{rel}","templated":true}]}}