{"id":84402,"date":"2022-06-22T15:39:23","date_gmt":"2022-06-22T20:39:23","guid":{"rendered":"https:\/\/defabrica.com.mx\/defabrica\/?post_type=product&#038;p=84402"},"modified":"2023-01-17T11:34:16","modified_gmt":"2023-01-17T17:34:16","slug":"jvc-audifonos-inalambricos-gumy-true-negro","status":"publish","type":"product","link":"https:\/\/defabrica.com.mx\/defabrica\/producto\/jvc-audifonos-inalambricos-gumy-true-negro\/","title":{"rendered":"JVC &#8211; Aud\u00edfonos inal\u00e1mbricos Gumy True &#8211; Negro"},"content":{"rendered":"<div class=\"embedded-component-container lv product-description\">\n<div>\n<div id=\"shop-product-description-61050648\" class=\"_none\" data-version=\"1.3.44\">\n<div class=\"shop-product-description\">\n<section class=\"align-heading-left\" data-reactroot=\"\">\n<div class=\"long-description-container body-copy \">\n<div class=\"html-fragment\">Los auriculares JVC Gumy True Wireless ofrecen hasta 6 horas de uso con 9 horas adicionales en el estuche de carga incluido.\u00a0Asistente de voz compatible con micr\u00f3fono integrado.\u00a0Los botones en cada auricular controlan el volumen +\/-, las pistas de m\u00fasica y responder\/finalizar llamadas.\u00a0Clasificaci\u00f3n de impermeabilidad IPX4.\u00a0Incluye auriculares de silicona S\/M\/L para un ajuste seguro.<\/div>\n<\/div>\n<\/section>\n<\/div>\n<\/div>\n<\/div>\n<\/div>\n<div class=\"embedded-component-container lv product-features\">\n<h3><\/h3>\n<h3 class=\"heading-5 v-fw-regular feature-heading\"><strong>Caracter\u00edsticas<\/strong><\/h3>\n<ul>\n<li><strong>Verdaderos auriculares inal\u00e1mbricos<\/strong><br \/>\nLos auriculares JVC Gumy True Wireless ofrecen un ajuste seguro y c\u00f3modo con olivas de silicona S\/M\/L incluidas.<\/li>\n<li><strong>Duraci\u00f3n de la bater\u00eda<\/strong><br \/>\nHasta 6 horas de escucha continua con 9 horas adicionales de elevaci\u00f3n de la bater\u00eda con el estuche de carga incluido.<\/li>\n<li><strong>Compatible con asistente de voz<\/strong><br \/>\nLos auriculares JVC Gumy True Wireless ofrecen compatibilidad con asistente de voz para usar con su asistente virtual favorito.<\/li>\n<li><strong>Prueba de sudor<\/strong><br \/>\nCon una clasificaci\u00f3n IPX4, los auriculares JVC Gumy True Wireless son perfectos para actividades al aire libre.<\/li>\n<li><strong>Controles de bot\u00f3n<\/strong><br \/>\nControla tu m\u00fasica con solo tocar un bot\u00f3n. Cada auricular ofrece un control remoto de un bot\u00f3n para rastrear +\/-, volumen +\/- y responder\/finalizar llamadas.<\/li>\n<\/ul>\n<\/div>\n","protected":false},"excerpt":{"rendered":"<p>Los auriculares JVC Gumy True Wireless ofrecen hasta 6 horas de uso con 9 horas adicionales en el estuche de carga incluido.\u00a0Asistente de voz compatible con micr\u00f3fono integrado.\u00a0Los botones en<\/p>\n","protected":false},"featured_media":84404,"comment_status":"open","ping_status":"closed","template":"","meta":{"_acf_changed":false,"_joinchat":[]},"product_brand":[],"product_cat":[294,300,304],"product_tag":[],"class_list":{"0":"post-84402","1":"product","2":"type-product","3":"status-publish","4":"has-post-thumbnail","6":"product_cat-audio","7":"product_cat-audifonos","8":"product_cat-inalambricos","10":"first","11":"instock","12":"sale","13":"shipping-taxable","14":"purchasable","15":"product-type-simple"},"acf":[],"_links":{"self":[{"href":"https:\/\/defabrica.com.mx\/defabrica\/wp-json\/wp\/v2\/product\/84402","targetHints":{"allow":["GET"]}}],"collection":[{"href":"https:\/\/defabrica.com.mx\/defabrica\/wp-json\/wp\/v2\/product"}],"about":[{"href":"https:\/\/defabrica.com.mx\/defabrica\/wp-json\/wp\/v2\/types\/product"}],"replies":[{"embeddable":true,"href":"https:\/\/defabrica.com.mx\/defabrica\/wp-json\/wp\/v2\/comments?post=84402"}],"wp:featuredmedia":[{"embeddable":true,"href":"https:\/\/defabrica.com.mx\/defabrica\/wp-json\/wp\/v2\/media\/84404"}],"wp:attachment":[{"href":"https:\/\/defabrica.com.mx\/defabrica\/wp-json\/wp\/v2\/media?parent=84402"}],"wp:term":[{"taxonomy":"product_brand","embeddable":true,"href":"https:\/\/defabrica.com.mx\/defabrica\/wp-json\/wp\/v2\/product_brand?post=84402"},{"taxonomy":"product_cat","embeddable":true,"href":"https:\/\/defabrica.com.mx\/defabrica\/wp-json\/wp\/v2\/product_cat?post=84402"},{"taxonomy":"product_tag","embeddable":true,"href":"https:\/\/defabrica.com.mx\/defabrica\/wp-json\/wp\/v2\/product_tag?post=84402"}],"curies":[{"name":"wp","href":"https:\/\/api.w.org\/{rel}","templated":true}]}}