{"id":84400,"date":"2022-06-22T15:34:45","date_gmt":"2022-06-22T20:34:45","guid":{"rendered":"https:\/\/defabrica.com.mx\/defabrica\/?post_type=product&#038;p=84400"},"modified":"2022-12-12T10:25:49","modified_gmt":"2022-12-12T16:25:49","slug":"jvc-auriculares-inalambricos-bluetooth-gumy-sport-negro","status":"publish","type":"product","link":"https:\/\/defabrica.com.mx\/defabrica\/producto\/jvc-auriculares-inalambricos-bluetooth-gumy-sport-negro\/","title":{"rendered":"JVC &#8211; Auriculares Inal\u00e1mbricos Bluetooth Gumy Sport &#8211; Negro"},"content":{"rendered":"<div class=\"embedded-component-container lv product-description\">\n<div>\n<div id=\"shop-product-description-42812265\" class=\"_none\" data-version=\"1.3.44\">\n<div class=\"shop-product-description\">\n<section class=\"align-heading-left\" data-reactroot=\"\">\n<div class=\"long-description-container body-copy \">\n<div class=\"html-fragment\">JVC Bluetooth Gumy Sport In Ear Headphone ofrece un c\u00f3modo dise\u00f1o de ajuste de boquilla seguro.\u00a0Mejora tu pr\u00f3ximo entrenamiento con una clasificaci\u00f3n IPX2 a prueba de sudor.\u00a0El HAEN15WB de JVC tiene una bater\u00eda recargable incorporada de 6,5 horas que lo mantendr\u00e1 activo hora tras hora.\u00a0Una carga r\u00e1pida de 15 minutos mantendr\u00e1 tu m\u00fasica reproduci\u00e9ndose hasta por una hora.\u00a0Encuentre su ajuste ideal con los auriculares de ajuste de boquilla suave S\/M incluidos.\u00a0El cable ranurado sin enredos con ajustador mantiene el cable en la longitud perfecta para reducir el movimiento.\u00a0El micr\u00f3fono en l\u00ednea y el control remoto permiten a los usuarios controlar el volumen, responder\/finalizar llamadas y cambiar las pistas de m\u00fasica.\u00a0Los auriculares son compatibles con el asistente de voz, as\u00ed que disfrute de toda la comodidad y los beneficios de los asistentes personales digitales con las manos libres.\u00a0HAEN15WB de JVC ofrece tecnolog\u00eda Bluetooth versi\u00f3n 5.0.<\/div>\n<\/div>\n<\/section>\n<\/div>\n<\/div>\n<\/div>\n<\/div>\n<div class=\"embedded-component-container lv product-features\">\n<h3><\/h3>\n<h3 class=\"heading-5 v-fw-regular feature-heading\"><strong>Caracter\u00edsticas<\/strong><\/h3>\n<ul>\n<li><strong>Auriculares intrauditivos Gumy Sport<\/strong><br \/>\nLos auriculares internos Soft Nozzle Fit ofrecen un ajuste c\u00f3modo y seguro durante las actividades f\u00edsicas. Boquilla S\/M Ajuste de auriculares incluidos.<\/li>\n<li><strong>Duraci\u00f3n de la bater\u00eda<\/strong><br \/>\nHasta 6,5 \u200b\u200bhoras de duraci\u00f3n de la bater\u00eda la bater\u00eda recargable.<\/li>\n<li><strong>Control remoto y micr\u00f3fono<\/strong><br \/>\nEl control remoto de 3 botones f\u00e1cil de usar permite a los usuarios ajustar el volumen (+\/-), reproducir\/pausar m\u00fasica y responder\/finalizar llamadas.<\/li>\n<li><strong>Carga rapida<\/strong><br \/>\nLos auriculares JVC Gumy Sport tienen una funci\u00f3n de carga r\u00e1pida que brinda a los usuarios una hora de reproducci\u00f3n con una carga corta de 15 minutos.<\/li>\n<li><strong>Compatible con asistente de voz e IPX2<\/strong><br \/>\nUse su asistente de voz personal favorito con los auriculares Gumy Sport Wireless de JVC con solo tocar un bot\u00f3n. La clasificaci\u00f3n IPX2 mantendr\u00e1 tus auriculares funcionando mientras sudas. Ideal para actividades fitness y deportivas.<\/li>\n<\/ul>\n<\/div>\n","protected":false},"excerpt":{"rendered":"<p>JVC Bluetooth Gumy Sport In Ear Headphone ofrece un c\u00f3modo dise\u00f1o de ajuste de boquilla seguro.\u00a0Mejora tu pr\u00f3ximo entrenamiento con una clasificaci\u00f3n IPX2 a prueba de sudor.\u00a0El HAEN15WB de JVC<\/p>\n","protected":false},"featured_media":84396,"comment_status":"open","ping_status":"closed","template":"","meta":{"_acf_changed":false,"_joinchat":[]},"product_brand":[],"product_cat":[1517,294,300,304],"product_tag":[],"class_list":{"0":"post-84400","1":"product","2":"type-product","3":"status-publish","4":"has-post-thumbnail","6":"product_cat-ofertas-audio","7":"product_cat-audio","8":"product_cat-audifonos","9":"product_cat-inalambricos","11":"first","12":"instock","13":"sale","14":"shipping-taxable","15":"purchasable","16":"product-type-simple"},"acf":[],"_links":{"self":[{"href":"https:\/\/defabrica.com.mx\/defabrica\/wp-json\/wp\/v2\/product\/84400","targetHints":{"allow":["GET"]}}],"collection":[{"href":"https:\/\/defabrica.com.mx\/defabrica\/wp-json\/wp\/v2\/product"}],"about":[{"href":"https:\/\/defabrica.com.mx\/defabrica\/wp-json\/wp\/v2\/types\/product"}],"replies":[{"embeddable":true,"href":"https:\/\/defabrica.com.mx\/defabrica\/wp-json\/wp\/v2\/comments?post=84400"}],"wp:featuredmedia":[{"embeddable":true,"href":"https:\/\/defabrica.com.mx\/defabrica\/wp-json\/wp\/v2\/media\/84396"}],"wp:attachment":[{"href":"https:\/\/defabrica.com.mx\/defabrica\/wp-json\/wp\/v2\/media?parent=84400"}],"wp:term":[{"taxonomy":"product_brand","embeddable":true,"href":"https:\/\/defabrica.com.mx\/defabrica\/wp-json\/wp\/v2\/product_brand?post=84400"},{"taxonomy":"product_cat","embeddable":true,"href":"https:\/\/defabrica.com.mx\/defabrica\/wp-json\/wp\/v2\/product_cat?post=84400"},{"taxonomy":"product_tag","embeddable":true,"href":"https:\/\/defabrica.com.mx\/defabrica\/wp-json\/wp\/v2\/product_tag?post=84400"}],"curies":[{"name":"wp","href":"https:\/\/api.w.org\/{rel}","templated":true}]}}