{"id":84388,"date":"2022-06-22T15:26:29","date_gmt":"2022-06-22T20:26:29","guid":{"rendered":"https:\/\/defabrica.com.mx\/defabrica\/?post_type=product&#038;p=84388"},"modified":"2023-01-17T11:33:14","modified_gmt":"2023-01-17T17:33:14","slug":"kiddesigns-auriculares-bluetooth-spider-man-3-rojo","status":"publish","type":"product","link":"https:\/\/defabrica.com.mx\/defabrica\/producto\/kiddesigns-auriculares-bluetooth-spider-man-3-rojo\/","title":{"rendered":"KIDdesigns &#8211; Auriculares Bluetooth Spider-Man 3 &#8211; rojo"},"content":{"rendered":"<div class=\"embedded-component-container lv product-description\">\n<div>\n<div id=\"shop-product-description-49408601\" class=\"_none\" data-version=\"1.3.44\">\n<div class=\"shop-product-description\">\n<section class=\"align-heading-left\" data-reactroot=\"\">\n<div class=\"long-description-container body-copy \">\n<div class=\"html-fragment\">\u00a1A tu fan\u00e1tico de Spider-Man le encantar\u00e1n estos auriculares Spider-Man 3!\u00a0La tecnolog\u00eda Bluetooth ofrece uso inal\u00e1mbrico, mientras que el cable desmontable de 3,5 mm se conecta a las tomas de auriculares para mayor versatilidad.\u00a0Chatea con familiares y amigos con el micr\u00f3fono incorporado y conf\u00eda en la bater\u00eda recargable para usar todo el d\u00eda.\u00a0El dise\u00f1o plegable te permite llevarlos a cualquier lugar y tiene una funci\u00f3n de volumen reducido para mayor seguridad.\u00a0La diadema ajustable se adapta a los ni\u00f1os en crecimiento.<\/div>\n<\/div>\n<\/section>\n<\/div>\n<\/div>\n<\/div>\n<\/div>\n<div class=\"embedded-component-container lv product-features\">\n<h3><\/h3>\n<h3 class=\"heading-5 v-fw-regular feature-heading\"><strong>Caracter\u00edsticas<\/strong><\/h3>\n<ul>\n<li><strong>La bater\u00eda recargable incorporada permite hasta 24 horas de reproducci\u00f3n continua<\/strong><\/li>\n<li><strong>Micr\u00f3fono incorporado para hablar con amigos y familiares<\/strong><\/li>\n<li><strong>Bluetooth transmite audio de forma inal\u00e1mbrica desde un tel\u00e9fono inteligente, tableta o computadora<\/strong><\/li>\n<li><strong>Cable de audio desmontable extra de 3,5 mm si Bluetooth no est\u00e1 disponible<\/strong><\/li>\n<li><strong>Diadema ajustable y almohadillas acolchadas para los o\u00eddos que brindan un ajuste personalizado<\/strong><\/li>\n<\/ul>\n<\/div>\n","protected":false},"excerpt":{"rendered":"<p>\u00a1A tu fan\u00e1tico de Spider-Man le encantar\u00e1n estos auriculares Spider-Man 3!\u00a0La tecnolog\u00eda Bluetooth ofrece uso inal\u00e1mbrico, mientras que el cable desmontable de 3,5 mm se conecta a las tomas de<\/p>\n","protected":false},"featured_media":84390,"comment_status":"open","ping_status":"closed","template":"","meta":{"_acf_changed":false,"_joinchat":[]},"product_brand":[],"product_cat":[294,300,736],"product_tag":[],"class_list":{"0":"post-84388","1":"product","2":"type-product","3":"status-publish","4":"has-post-thumbnail","6":"product_cat-audio","7":"product_cat-audifonos","8":"product_cat-alambricos","10":"first","11":"instock","12":"sale","13":"shipping-taxable","14":"purchasable","15":"product-type-simple"},"acf":[],"_links":{"self":[{"href":"https:\/\/defabrica.com.mx\/defabrica\/wp-json\/wp\/v2\/product\/84388","targetHints":{"allow":["GET"]}}],"collection":[{"href":"https:\/\/defabrica.com.mx\/defabrica\/wp-json\/wp\/v2\/product"}],"about":[{"href":"https:\/\/defabrica.com.mx\/defabrica\/wp-json\/wp\/v2\/types\/product"}],"replies":[{"embeddable":true,"href":"https:\/\/defabrica.com.mx\/defabrica\/wp-json\/wp\/v2\/comments?post=84388"}],"wp:featuredmedia":[{"embeddable":true,"href":"https:\/\/defabrica.com.mx\/defabrica\/wp-json\/wp\/v2\/media\/84390"}],"wp:attachment":[{"href":"https:\/\/defabrica.com.mx\/defabrica\/wp-json\/wp\/v2\/media?parent=84388"}],"wp:term":[{"taxonomy":"product_brand","embeddable":true,"href":"https:\/\/defabrica.com.mx\/defabrica\/wp-json\/wp\/v2\/product_brand?post=84388"},{"taxonomy":"product_cat","embeddable":true,"href":"https:\/\/defabrica.com.mx\/defabrica\/wp-json\/wp\/v2\/product_cat?post=84388"},{"taxonomy":"product_tag","embeddable":true,"href":"https:\/\/defabrica.com.mx\/defabrica\/wp-json\/wp\/v2\/product_tag?post=84388"}],"curies":[{"name":"wp","href":"https:\/\/api.w.org\/{rel}","templated":true}]}}