{"id":84369,"date":"2022-06-22T15:15:20","date_gmt":"2022-06-22T20:15:20","guid":{"rendered":"https:\/\/defabrica.com.mx\/defabrica\/?post_type=product&#038;p=84369"},"modified":"2023-01-17T11:32:13","modified_gmt":"2023-01-17T17:32:13","slug":"laut-funda-protectora-iridiscente-holo-para-apple-airpod-1-2-medianoche","status":"publish","type":"product","link":"https:\/\/defabrica.com.mx\/defabrica\/producto\/laut-funda-protectora-iridiscente-holo-para-apple-airpod-1-2-medianoche\/","title":{"rendered":"LAUT &#8211; Funda protectora iridiscente HOLO para Apple Airpod 1-2 &#8211; Medianoche"},"content":{"rendered":"<div class=\"embedded-component-container lv product-description\">\n<div>\n<div id=\"shop-product-description-74029179\" class=\"_none\" data-version=\"1.3.44\">\n<div class=\"shop-product-description\">\n<section class=\"align-heading-left\" data-reactroot=\"\">\n<div class=\"long-description-container body-copy \">\n<div class=\"html-fragment\">Fascine a la multitud con el hermoso y protector HOLO para Apple Airpod 1-2.\u00a0Hecho de material pl\u00e1stico duro, HOLO para Airpod 1-2 es duradero y resistente a los ara\u00f1azos, con un incre\u00edble acabado iridiscente que capta la luz desde todos los \u00e1ngulos.\u00a0Brindando protecci\u00f3n y un acabado magn\u00edfico y un factor sorpresa a su Airpod 1-2.\u00a0\u00a1Viene con un mosquet\u00f3n de metal incluido para un f\u00e1cil transporte y seguridad sobre la marcha!<\/div>\n<\/div>\n<\/section>\n<\/div>\n<\/div>\n<\/div>\n<\/div>\n<div class=\"embedded-component-container lv product-features\">\n<h3><\/h3>\n<h3 class=\"heading-5 v-fw-regular feature-heading\"><strong>Caracter\u00edsticas<\/strong><\/h3>\n<div class=\"feature-body-container\">\n<div class=\"features-list-container\">\n<div class=\"features-list all-features\">\n<div class=\"list-row\">\n<ul>\n<li><strong>Compatibilidad<\/strong><br \/>\nHecho para Apple Airpod 1-2<\/li>\n<li><strong>Material<\/strong><br \/>\nEstuche de policarbonato duradero que se adapta perfectamente a su dispositivo para mayor protecci\u00f3n contra ca\u00eddas<\/li>\n<li><strong>Construir<\/strong><br \/>\nPremium construido y funciona a la perfecci\u00f3n con la carga inal\u00e1mbrica<\/li>\n<li><strong>Protecci\u00f3n contra ca\u00eddas<\/strong><br \/>\nEl material ultra reflectante e iridiscente antiara\u00f1azos protege su Airpod de las ca\u00eddas<\/li>\n<li><strong>Ajuste y estilo<\/strong><br \/>\nEl ajuste ergon\u00f3mico elegante y delgado complementa f\u00e1cilmente cualquier atuendo<\/li>\n<\/ul>\n<\/div>\n<\/div>\n<\/div>\n<\/div>\n<\/div>\n","protected":false},"excerpt":{"rendered":"<p>Fascine a la multitud con el hermoso y protector HOLO para Apple Airpod 1-2.\u00a0Hecho de material pl\u00e1stico duro, HOLO para Airpod 1-2 es duradero y resistente a los ara\u00f1azos, con<\/p>\n","protected":false},"featured_media":84371,"comment_status":"open","ping_status":"closed","template":"","meta":{"_acf_changed":false,"_joinchat":[]},"product_brand":[],"product_cat":[294,300,304],"product_tag":[],"class_list":{"0":"post-84369","1":"product","2":"type-product","3":"status-publish","4":"has-post-thumbnail","6":"product_cat-audio","7":"product_cat-audifonos","8":"product_cat-inalambricos","10":"first","11":"instock","12":"sale","13":"shipping-taxable","14":"purchasable","15":"product-type-simple"},"acf":[],"_links":{"self":[{"href":"https:\/\/defabrica.com.mx\/defabrica\/wp-json\/wp\/v2\/product\/84369","targetHints":{"allow":["GET"]}}],"collection":[{"href":"https:\/\/defabrica.com.mx\/defabrica\/wp-json\/wp\/v2\/product"}],"about":[{"href":"https:\/\/defabrica.com.mx\/defabrica\/wp-json\/wp\/v2\/types\/product"}],"replies":[{"embeddable":true,"href":"https:\/\/defabrica.com.mx\/defabrica\/wp-json\/wp\/v2\/comments?post=84369"}],"wp:featuredmedia":[{"embeddable":true,"href":"https:\/\/defabrica.com.mx\/defabrica\/wp-json\/wp\/v2\/media\/84371"}],"wp:attachment":[{"href":"https:\/\/defabrica.com.mx\/defabrica\/wp-json\/wp\/v2\/media?parent=84369"}],"wp:term":[{"taxonomy":"product_brand","embeddable":true,"href":"https:\/\/defabrica.com.mx\/defabrica\/wp-json\/wp\/v2\/product_brand?post=84369"},{"taxonomy":"product_cat","embeddable":true,"href":"https:\/\/defabrica.com.mx\/defabrica\/wp-json\/wp\/v2\/product_cat?post=84369"},{"taxonomy":"product_tag","embeddable":true,"href":"https:\/\/defabrica.com.mx\/defabrica\/wp-json\/wp\/v2\/product_tag?post=84369"}],"curies":[{"name":"wp","href":"https:\/\/api.w.org\/{rel}","templated":true}]}}