{"id":84303,"date":"2022-06-21T22:13:07","date_gmt":"2022-06-22T03:13:07","guid":{"rendered":"https:\/\/defabrica.com.mx\/defabrica\/?post_type=product&#038;p=84303"},"modified":"2022-12-11T13:45:45","modified_gmt":"2022-12-11T19:45:45","slug":"lg-auriculares-intrauditivos-tone-free-hbs-fl7-verdadero-inalambrico-con-cancelacion-de-ruido-negro","status":"publish","type":"product","link":"https:\/\/defabrica.com.mx\/defabrica\/producto\/lg-auriculares-intrauditivos-tone-free-hbs-fl7-verdadero-inalambrico-con-cancelacion-de-ruido-negro\/","title":{"rendered":"LG &#8211; Auriculares intrauditivos TONE Free HBS-FL7 Verdadero inal\u00e1mbrico con cancelaci\u00f3n de ruido &#8211; Negro"},"content":{"rendered":"<p>Disfruta de un sonido n\u00edtido con estos auriculares inal\u00e1mbricos LG TONE.\u00a0La conectividad Bluetooth le permite reproducir m\u00fasica de forma inal\u00e1mbrica desde su tel\u00e9fono inteligente, mientras que la construcci\u00f3n IPX4 protege contra salpicaduras de agua y lluvia.\u00a0Estos auriculares inal\u00e1mbricos LG TONE tienen un dise\u00f1o semiabierto que ofrece un ajuste seguro para la comodidad durante todo el d\u00eda, y las 6 horas de reproducci\u00f3n de m\u00fasica garantizan un uso ininterrumpido.<\/p>\n<h3><\/h3>\n<h3 class=\"heading-5 v-fw-regular feature-heading\"><strong>Caracter\u00edsticas<\/strong><\/h3>\n<ul>\n<li><strong>Aud\u00edfonos verdaderamente inal\u00e1mbricos<\/strong><br \/>\nTe permite escuchar tus pistas favoritas, para que los cables no te detengan.<\/li>\n<li><strong>Cancelaci\u00f3n de ruido activa<\/strong><br \/>\nCancela activamente las formas de onda desde el exterior del auricular para eliminar por completo los sonidos extra\u00f1os.<\/li>\n<li><strong>Micr\u00f3fono incorporado<\/strong><br \/>\nPermite chatear con manos libres a trav\u00e9s de un dispositivo compatible.<\/li>\n<li><strong>Interfaz Bluetooth 5.0<\/strong><br \/>\nPermite el emparejamiento inal\u00e1mbrico simple con su dispositivo habilitado para Bluetooth.<\/li>\n<li><strong>dise\u00f1o en la oreja<\/strong><br \/>\nSe ajusta de forma segura y dirige la m\u00fasica a tus o\u00eddos para un audio completo e ininterrumpido.<\/li>\n<li><strong>Dise\u00f1o de transductor din\u00e1mico<\/strong><br \/>\nPara audio de calidad de referencia.<\/li>\n<\/ul>\n","protected":false},"excerpt":{"rendered":"<p>Disfruta de un sonido n\u00edtido con estos auriculares inal\u00e1mbricos LG TONE.\u00a0La conectividad Bluetooth le permite reproducir m\u00fasica de forma inal\u00e1mbrica desde su tel\u00e9fono inteligente, mientras que la construcci\u00f3n IPX4 protege<\/p>\n","protected":false},"featured_media":84305,"comment_status":"open","ping_status":"closed","template":"","meta":{"_acf_changed":false,"_joinchat":[]},"product_brand":[],"product_cat":[294,300,304],"product_tag":[],"class_list":{"0":"post-84303","1":"product","2":"type-product","3":"status-publish","4":"has-post-thumbnail","6":"product_cat-audio","7":"product_cat-audifonos","8":"product_cat-inalambricos","10":"first","11":"instock","12":"sale","13":"shipping-taxable","14":"purchasable","15":"product-type-simple"},"acf":[],"_links":{"self":[{"href":"https:\/\/defabrica.com.mx\/defabrica\/wp-json\/wp\/v2\/product\/84303","targetHints":{"allow":["GET"]}}],"collection":[{"href":"https:\/\/defabrica.com.mx\/defabrica\/wp-json\/wp\/v2\/product"}],"about":[{"href":"https:\/\/defabrica.com.mx\/defabrica\/wp-json\/wp\/v2\/types\/product"}],"replies":[{"embeddable":true,"href":"https:\/\/defabrica.com.mx\/defabrica\/wp-json\/wp\/v2\/comments?post=84303"}],"wp:featuredmedia":[{"embeddable":true,"href":"https:\/\/defabrica.com.mx\/defabrica\/wp-json\/wp\/v2\/media\/84305"}],"wp:attachment":[{"href":"https:\/\/defabrica.com.mx\/defabrica\/wp-json\/wp\/v2\/media?parent=84303"}],"wp:term":[{"taxonomy":"product_brand","embeddable":true,"href":"https:\/\/defabrica.com.mx\/defabrica\/wp-json\/wp\/v2\/product_brand?post=84303"},{"taxonomy":"product_cat","embeddable":true,"href":"https:\/\/defabrica.com.mx\/defabrica\/wp-json\/wp\/v2\/product_cat?post=84303"},{"taxonomy":"product_tag","embeddable":true,"href":"https:\/\/defabrica.com.mx\/defabrica\/wp-json\/wp\/v2\/product_tag?post=84303"}],"curies":[{"name":"wp","href":"https:\/\/api.w.org\/{rel}","templated":true}]}}