{"id":84266,"date":"2022-06-21T21:19:18","date_gmt":"2022-06-22T02:19:18","guid":{"rendered":"https:\/\/defabrica.com.mx\/defabrica\/?post_type=product&#038;p=84266"},"modified":"2022-12-11T13:41:16","modified_gmt":"2022-12-11T19:41:16","slug":"philips-a7306-audifonos-deportivos-inalambricos-verdaderos-negro","status":"publish","type":"product","link":"https:\/\/defabrica.com.mx\/defabrica\/producto\/philips-a7306-audifonos-deportivos-inalambricos-verdaderos-negro\/","title":{"rendered":"Philips &#8211; A7306 Aud\u00edfonos deportivos inal\u00e1mbricos verdaderos &#8211; Negro"},"content":{"rendered":"<div class=\"embedded-component-container lv product-description\">\n<div>\n<div id=\"shop-product-description-15967776\" class=\"_none\" data-version=\"1.3.44\">\n<div class=\"shop-product-description\">\n<section class=\"align-heading-left\" data-reactroot=\"\">\n<div class=\"long-description-container body-copy \">\n<div class=\"html-fragment\">Con los auriculares deportivos Philips A7306 True Wireless, puedes entrenar de forma m\u00e1s inteligente y m\u00e1s intensa que nunca.\u00a0Los ganchos para las orejas y las puntas de ala desmontables y flexibles aseguran que los auriculares permanezcan en su lugar, sin importar c\u00f3mo se mueva.\u00a0El monitor de frecuencia card\u00edaca te permite estar en sinton\u00eda con tu cuerpo y, si la aplicaci\u00f3n que elegiste admite actualizaciones en vivo, puedes recibir lecturas de frecuencia card\u00edaca en tu o\u00eddo mientras entrenas.\u00a0Cuando haya terminado su entrenamiento, simplemente coloque los auriculares en el estuche de carga para limpiarlos.\u00a0La clasificaci\u00f3n IP57 significa que no tendr\u00e1s que preocuparte por quedar atrapado bajo la lluvia mientras corres al aire libre.\u00a0Estos auriculares son impermeables y resistentes al polvo.\u00a0Puede tomar llamadas, ajustar el volumen y controlar su asistente de voz tocando su auricular.\u00a0La aplicaci\u00f3n Philips Headphones tambi\u00e9n est\u00e1 ah\u00ed para realizar un seguimiento de su rendimiento y optimizar su experiencia auditiva.<\/div>\n<\/div>\n<\/section>\n<\/div>\n<\/div>\n<\/div>\n<\/div>\n<div class=\"embedded-component-container lv product-features\">\n<h3><\/h3>\n<h3 class=\"heading-5 v-fw-regular feature-heading\"><strong>Caracter\u00edsticas<\/strong><\/h3>\n<ul>\n<li><strong>Ajuste seguro mientras te mueves<\/strong><br \/>\nEstos verdaderos auriculares inal\u00e1mbricos ofrecen total libertad de movimiento. Los ganchos para las orejas y las puntas de ala desmontables aseguran que los auriculares permanezcan en su lugar, ya sea que est\u00e9 listo para una carrera informal o una sesi\u00f3n de entrenamiento intensa.<\/li>\n<li><strong>Escucha tu cuerpo<\/strong><br \/>\nGracias a un monitor de frecuencia card\u00edaca que es compatible con las aplicaciones de fitness populares y la aplicaci\u00f3n Philips Headphone, puedes recibir actualizaciones en vivo mientras entrenas. Sabr\u00e1s cu\u00e1ndo esforzarte m\u00e1s y cu\u00e1ndo contenerte.<\/li>\n<li><strong>Ve duro, mantente fresco<\/strong><br \/>\nEl estuche de carga tiene una luz ultravioleta incorporada que puede limpiar los auriculares mientras se cargan, por lo que ya no tendr\u00e1s que limpiar los auriculares con la camiseta sudada despu\u00e9s del entrenamiento.<\/li>\n<li><strong>Sigue hablando, sigue movi\u00e9ndote<\/strong><br \/>\nEl modo de reconocimiento le brinda acceso instant\u00e1neo a sonidos externos. El modo mono te permite recibir llamadas y cambiar entre auriculares sin perderte una sola palabra.<\/li>\n<li><strong>Construido para durar con IP57<\/strong><br \/>\nEstos auriculares impermeables y resistentes al polvo est\u00e1n dise\u00f1ados para los entrenamientos m\u00e1s exigentes. Con IP57, el sudor y la lluvia no lo ralentizar\u00e1n. Incluso puedes seguir escuchando m\u00fasica en la ducha si quieres.<\/li>\n<\/ul>\n<\/div>\n","protected":false},"excerpt":{"rendered":"<p>Con los auriculares deportivos Philips A7306 True Wireless, puedes entrenar de forma m\u00e1s inteligente y m\u00e1s intensa que nunca.\u00a0Los ganchos para las orejas y las puntas de ala desmontables y<\/p>\n","protected":false},"featured_media":84268,"comment_status":"open","ping_status":"closed","template":"","meta":{"_acf_changed":false,"_joinchat":[]},"product_brand":[],"product_cat":[294,300,304],"product_tag":[],"class_list":{"0":"post-84266","1":"product","2":"type-product","3":"status-publish","4":"has-post-thumbnail","6":"product_cat-audio","7":"product_cat-audifonos","8":"product_cat-inalambricos","10":"first","11":"instock","12":"sale","13":"shipping-taxable","14":"purchasable","15":"product-type-simple"},"acf":[],"_links":{"self":[{"href":"https:\/\/defabrica.com.mx\/defabrica\/wp-json\/wp\/v2\/product\/84266","targetHints":{"allow":["GET"]}}],"collection":[{"href":"https:\/\/defabrica.com.mx\/defabrica\/wp-json\/wp\/v2\/product"}],"about":[{"href":"https:\/\/defabrica.com.mx\/defabrica\/wp-json\/wp\/v2\/types\/product"}],"replies":[{"embeddable":true,"href":"https:\/\/defabrica.com.mx\/defabrica\/wp-json\/wp\/v2\/comments?post=84266"}],"wp:featuredmedia":[{"embeddable":true,"href":"https:\/\/defabrica.com.mx\/defabrica\/wp-json\/wp\/v2\/media\/84268"}],"wp:attachment":[{"href":"https:\/\/defabrica.com.mx\/defabrica\/wp-json\/wp\/v2\/media?parent=84266"}],"wp:term":[{"taxonomy":"product_brand","embeddable":true,"href":"https:\/\/defabrica.com.mx\/defabrica\/wp-json\/wp\/v2\/product_brand?post=84266"},{"taxonomy":"product_cat","embeddable":true,"href":"https:\/\/defabrica.com.mx\/defabrica\/wp-json\/wp\/v2\/product_cat?post=84266"},{"taxonomy":"product_tag","embeddable":true,"href":"https:\/\/defabrica.com.mx\/defabrica\/wp-json\/wp\/v2\/product_tag?post=84266"}],"curies":[{"name":"wp","href":"https:\/\/api.w.org\/{rel}","templated":true}]}}