{"id":84256,"date":"2022-06-21T21:06:55","date_gmt":"2022-06-22T02:06:55","guid":{"rendered":"https:\/\/defabrica.com.mx\/defabrica\/?post_type=product&#038;p=84256"},"modified":"2022-12-11T13:40:44","modified_gmt":"2022-12-11T19:40:44","slug":"philips-auriculares-intrauditivos-deportivos-inalambricos-actionfit-negro-negro","status":"publish","type":"product","link":"https:\/\/defabrica.com.mx\/defabrica\/producto\/philips-auriculares-intrauditivos-deportivos-inalambricos-actionfit-negro-negro\/","title":{"rendered":"Philips &#8211; Auriculares intrauditivos deportivos inal\u00e1mbricos ActionFit &#8211; Negro &#8211; Negro"},"content":{"rendered":"<div class=\"embedded-component-container lv product-description\">\n<div>\n<div id=\"shop-product-description-64718980\" class=\"_none\" data-version=\"1.3.44\">\n<div class=\"shop-product-description\">\n<section class=\"align-heading-left\" data-reactroot=\"\">\n<div class=\"long-description-container body-copy \">\n<div class=\"html-fragment\">A estos aut\u00e9nticos auriculares deportivos internos inal\u00e1mbricos les encanta cuando sudas.\u00a0Resistente al agua IPX5 y tecnolog\u00eda de limpieza UV significa que te mantendr\u00e1s fresco por mucho que te esfuerces.\u00a0Estos auriculares compactos pero poderosos brindan hasta 18 horas de tiempo de reproducci\u00f3n con su estuche de carga port\u00e1til.\u00a0Adem\u00e1s, con QuickCharge, una carga r\u00e1pida de 15 minutos proporciona hasta 1,5 horas de tiempo de reproducci\u00f3n adicional.\u00a0Desde una lista de reproducci\u00f3n de ejercicios hasta una llamada vital, los auriculares deportivos inal\u00e1mbricos Philips ActionFit lo tienen cubierto.\u00a0Sus controladores ac\u00fasticos de neodimio de 6 mm brindan un sonido detallado y un bajo impecable.\u00a0Encuentre autom\u00e1ticamente su dispositivo Bluetooth a trav\u00e9s de la capacidad de emparejamiento inteligente. Los auriculares vienen con tres cubiertas intercambiables para las puntas de los o\u00eddos para un ajuste perfecto en el o\u00eddo.\u00a0Las puntas de ala de goma suave mantienen los auriculares seguros, c\u00f3modos y brindan un sello ce\u00f1ido para una excelente experiencia de aislamiento pasivo del ruido.<\/div>\n<\/div>\n<\/section>\n<\/div>\n<\/div>\n<\/div>\n<\/div>\n<div class=\"embedded-component-container lv product-features\">\n<h3><\/h3>\n<h3 class=\"heading-5 v-fw-regular feature-heading\"><strong>Caracter\u00edsticas<\/strong><\/h3>\n<ul>\n<li><strong>limpio en rey<\/strong><br \/>\nTeniendo en cuenta la higiene, en su estuche de carga se encuentra una luz ultravioleta dise\u00f1ada para matar las bacterias que pueden instalarse en cualquier auricular. Su luz ultravioleta desinfecta los auriculares de forma autom\u00e1tica y segura durante la carga, manteniendo los auriculares limpios y la salud de los usuarios.<\/li>\n<li><strong>Resistente al remojo<\/strong><br \/>\nCon clasificaci\u00f3n IPX5 resistente al agua, estos verdaderos auriculares deportivos inal\u00e1mbricos son el compa\u00f1ero de entrenamiento perfecto. Con IPX5, los auriculares son resistentes al entrenamiento sostenido bajo la lluvia, las sesiones de gimnasio sudorosas, la mayor\u00eda de las actividades acu\u00e1ticas e incluso se pueden usar en la ducha.<\/li>\n<li><strong>Emparejamiento inteligente<\/strong><br \/>\nEmpareje f\u00e1cilmente los auriculares inal\u00e1mbricos Philips ActionFit con un tel\u00e9fono m\u00f3vil o una tableta sobre la marcha para chatear o escuchar m\u00fasica. Los botones f\u00e1ciles de usar en los auriculares te permiten reproducir, pausar, responder llamadas o ajustar el volumen.<\/li>\n<li><strong>Duraci\u00f3n de la bater\u00eda<\/strong><br \/>\nLos auriculares tienen seis horas de reproducci\u00f3n y hasta 18 horas de reproducci\u00f3n con un estuche completamente cargado. Su capacidad de carga r\u00e1pida significa que hay disponibles 1,5 horas m\u00e1s de reproducci\u00f3n en solo 15 minutos<\/li>\n<li><strong>personalizaci\u00f3n<\/strong><br \/>\nLos auriculares vienen con tres aletas intercambiables de goma blanda que se ajustan de forma segura debajo del borde de la oreja para garantizar un sellado perfecto.<\/li>\n<\/ul>\n<\/div>\n","protected":false},"excerpt":{"rendered":"<p>A estos aut\u00e9nticos auriculares deportivos internos inal\u00e1mbricos les encanta cuando sudas.\u00a0Resistente al agua IPX5 y tecnolog\u00eda de limpieza UV significa que te mantendr\u00e1s fresco por mucho que te esfuerces.\u00a0Estos auriculares<\/p>\n","protected":false},"featured_media":84258,"comment_status":"open","ping_status":"closed","template":"","meta":{"_acf_changed":false,"_joinchat":[]},"product_brand":[],"product_cat":[294,300,304],"product_tag":[],"class_list":{"0":"post-84256","1":"product","2":"type-product","3":"status-publish","4":"has-post-thumbnail","6":"product_cat-audio","7":"product_cat-audifonos","8":"product_cat-inalambricos","10":"first","11":"instock","12":"sale","13":"shipping-taxable","14":"purchasable","15":"product-type-simple"},"acf":[],"_links":{"self":[{"href":"https:\/\/defabrica.com.mx\/defabrica\/wp-json\/wp\/v2\/product\/84256","targetHints":{"allow":["GET"]}}],"collection":[{"href":"https:\/\/defabrica.com.mx\/defabrica\/wp-json\/wp\/v2\/product"}],"about":[{"href":"https:\/\/defabrica.com.mx\/defabrica\/wp-json\/wp\/v2\/types\/product"}],"replies":[{"embeddable":true,"href":"https:\/\/defabrica.com.mx\/defabrica\/wp-json\/wp\/v2\/comments?post=84256"}],"wp:featuredmedia":[{"embeddable":true,"href":"https:\/\/defabrica.com.mx\/defabrica\/wp-json\/wp\/v2\/media\/84258"}],"wp:attachment":[{"href":"https:\/\/defabrica.com.mx\/defabrica\/wp-json\/wp\/v2\/media?parent=84256"}],"wp:term":[{"taxonomy":"product_brand","embeddable":true,"href":"https:\/\/defabrica.com.mx\/defabrica\/wp-json\/wp\/v2\/product_brand?post=84256"},{"taxonomy":"product_cat","embeddable":true,"href":"https:\/\/defabrica.com.mx\/defabrica\/wp-json\/wp\/v2\/product_cat?post=84256"},{"taxonomy":"product_tag","embeddable":true,"href":"https:\/\/defabrica.com.mx\/defabrica\/wp-json\/wp\/v2\/product_tag?post=84256"}],"curies":[{"name":"wp","href":"https:\/\/api.w.org\/{rel}","templated":true}]}}