{"id":84243,"date":"2022-06-21T21:00:29","date_gmt":"2022-06-22T02:00:29","guid":{"rendered":"https:\/\/defabrica.com.mx\/defabrica\/?post_type=product&#038;p=84243"},"modified":"2022-12-11T13:40:10","modified_gmt":"2022-12-11T19:40:10","slug":"philips-auriculares-inalambricos-sobre-la-oreja-negro","status":"publish","type":"product","link":"https:\/\/defabrica.com.mx\/defabrica\/producto\/philips-auriculares-inalambricos-sobre-la-oreja-negro\/","title":{"rendered":"Philips &#8211; Auriculares inal\u00e1mbricos sobre la oreja &#8211; Negro"},"content":{"rendered":"<div class=\"embedded-component-container lv product-description\">\n<div>\n<div id=\"shop-product-description-59199016\" class=\"_none\" data-version=\"1.3.44\">\n<div class=\"shop-product-description\">\n<section class=\"align-heading-left\" data-reactroot=\"\">\n<div class=\"long-description-container body-copy \">\n<div class=\"html-fragment\">\n<p>Disfruta de tus canciones favoritas en audio de alta resoluci\u00f3n durante tu entrenamiento matutino con libertad inal\u00e1mbrica.\u00a0Responda llamadas durante el d\u00eda y disfrute de sus videos con sonido de alta calidad una vez que llegue al hotel.\u00a0Con hasta 30 horas de tiempo de reproducci\u00f3n, un par de auriculares ahora puede cubrir todas sus necesidades.\u00a0Los auriculares Philips PH802 cuentan con cancelaci\u00f3n de eco ac\u00fastico, por lo que no experimentar\u00e1s esos molestos ecos cuando hablas por tel\u00e9fono.\u00a0Siempre obtienes una conexi\u00f3n clara y sin interrupciones.\u00a0Puede controlar f\u00e1cilmente la m\u00fasica y las llamadas a trav\u00e9s del bot\u00f3n multifunci\u00f3n.\u00a0Si no le gusta la pista actual, s\u00e1ltela con una pulsaci\u00f3n larga.\u00a0Para rechazar una llamada y seguir escuchando, simplemente toque.\u00a0Con un sonido detallado y de alta resoluci\u00f3n, puede usar sus PH802s como sus auriculares favoritos para el entretenimiento en el hogar o mientras viaja.\u00a0Audio de alta resoluci\u00f3n significa que son capaces de reproducir audio sin p\u00e9rdidas a una frecuencia de muestreo m\u00e1s alta que la mayor\u00eda de los auriculares y CD cuando se conectan a una fuente de alta resoluci\u00f3n.\u00a0Impulsado por controladores de neodimio de 40 mm, sentir\u00e1 cada latido.\u00a0Los PH802 tambi\u00e9n incluyen un cable de entrada de l\u00ednea para escuchar con cable.<\/p>\n<h3><\/h3>\n<h3 class=\"heading-5 v-fw-regular feature-heading\"><strong>Caracter\u00edsticas<\/strong><\/h3>\n<ul>\n<li><strong>Audio de alta resoluci\u00f3n<\/strong><br \/>\nLos auriculares Hi-Res Audio revelan cada detalle cuando se conectan a una fuente de alta resoluci\u00f3n y te permiten sentir el impacto completo de cada nota.<\/li>\n<li><strong>Micr\u00f3fono incorporado con cancelaci\u00f3n de eco<\/strong><br \/>\nUn micr\u00f3fono incorporado con cancelaci\u00f3n de eco permite llamadas claras con manos libres.<\/li>\n<li><strong>30 horas de juego<\/strong><br \/>\nEscucha todo el d\u00eda y toda la noche. Los auriculares de la serie Philips Performance 8000 funcionan hasta 30 horas con una sola carga (ANC desactivado).<\/li>\n<li><strong>Carga r\u00e1pida<\/strong><br \/>\nObt\u00e9n de 2 a 6 horas adicionales de reproducci\u00f3n con cinco minutos de carga.<\/li>\n<li><strong>Controladores ac\u00fasticos de 40 mm<\/strong><br \/>\nLos grandes controladores ac\u00fasticos de neodimio de 40 mm del PH802BK le permiten sentir cada latido.<\/li>\n<\/ul>\n<\/div>\n<\/div>\n<\/section>\n<\/div>\n<\/div>\n<\/div>\n<\/div>\n","protected":false},"excerpt":{"rendered":"<p>Disfruta de tus canciones favoritas en audio de alta resoluci\u00f3n durante tu entrenamiento matutino con libertad inal\u00e1mbrica.\u00a0Responda llamadas durante el d\u00eda y disfrute de sus videos con sonido de alta<\/p>\n","protected":false},"featured_media":84245,"comment_status":"open","ping_status":"closed","template":"","meta":{"_acf_changed":false,"_joinchat":[]},"product_brand":[],"product_cat":[294,300,304],"product_tag":[],"class_list":{"0":"post-84243","1":"product","2":"type-product","3":"status-publish","4":"has-post-thumbnail","6":"product_cat-audio","7":"product_cat-audifonos","8":"product_cat-inalambricos","10":"first","11":"instock","12":"sale","13":"shipping-taxable","14":"purchasable","15":"product-type-simple"},"acf":[],"_links":{"self":[{"href":"https:\/\/defabrica.com.mx\/defabrica\/wp-json\/wp\/v2\/product\/84243","targetHints":{"allow":["GET"]}}],"collection":[{"href":"https:\/\/defabrica.com.mx\/defabrica\/wp-json\/wp\/v2\/product"}],"about":[{"href":"https:\/\/defabrica.com.mx\/defabrica\/wp-json\/wp\/v2\/types\/product"}],"replies":[{"embeddable":true,"href":"https:\/\/defabrica.com.mx\/defabrica\/wp-json\/wp\/v2\/comments?post=84243"}],"wp:featuredmedia":[{"embeddable":true,"href":"https:\/\/defabrica.com.mx\/defabrica\/wp-json\/wp\/v2\/media\/84245"}],"wp:attachment":[{"href":"https:\/\/defabrica.com.mx\/defabrica\/wp-json\/wp\/v2\/media?parent=84243"}],"wp:term":[{"taxonomy":"product_brand","embeddable":true,"href":"https:\/\/defabrica.com.mx\/defabrica\/wp-json\/wp\/v2\/product_brand?post=84243"},{"taxonomy":"product_cat","embeddable":true,"href":"https:\/\/defabrica.com.mx\/defabrica\/wp-json\/wp\/v2\/product_cat?post=84243"},{"taxonomy":"product_tag","embeddable":true,"href":"https:\/\/defabrica.com.mx\/defabrica\/wp-json\/wp\/v2\/product_tag?post=84243"}],"curies":[{"name":"wp","href":"https:\/\/api.w.org\/{rel}","templated":true}]}}