{"id":84222,"date":"2022-06-21T20:49:44","date_gmt":"2022-06-22T01:49:44","guid":{"rendered":"https:\/\/defabrica.com.mx\/defabrica\/?post_type=product&#038;p=84222"},"modified":"2023-01-17T11:21:50","modified_gmt":"2023-01-17T17:21:50","slug":"plantronics-voyager-4310-auriculares-inalambricos-con-cancelacion-de-ruido-de-un-solo-oido-con-microfono-negro","status":"publish","type":"product","link":"https:\/\/defabrica.com.mx\/defabrica\/producto\/plantronics-voyager-4310-auriculares-inalambricos-con-cancelacion-de-ruido-de-un-solo-oido-con-microfono-negro\/","title":{"rendered":"Plantronics &#8211; Voyager 4310 Auriculares inal\u00e1mbricos con cancelaci\u00f3n de ruido de un solo o\u00eddo con micr\u00f3fono &#8211; Negro"},"content":{"rendered":"<div class=\"embedded-component-container lv product-description\">\n<div>\n<div id=\"shop-product-description-5939451\" class=\"_none\" data-version=\"1.3.44\">\n<div class=\"shop-product-description\">\n<section class=\"align-heading-left\" data-reactroot=\"\">\n<div class=\"long-description-container body-copy \">\n<div class=\"html-fragment\">Lib\u00e9rese de su escritorio con los auriculares inal\u00e1mbricos Bluetooth perfectos.\u00a0Conozca Plantronics by Poly Voyager 4310. Es todo lo que necesita para mantenerse productivo y conectado a todos sus dispositivos, ya sea en casa o en la oficina.\u00a0Un largo d\u00eda de llamadas se hizo m\u00e1s f\u00e1cil con la comodidad durante todo el d\u00eda y la tecnolog\u00eda Acoustic Fence de doble micr\u00f3fono que elimina el ruido de fondo.\u00a0Flexibilidad, conectividad y libertad fenomenales.<\/div>\n<\/div>\n<\/section>\n<\/div>\n<\/div>\n<\/div>\n<\/div>\n<div class=\"embedded-component-container lv product-features\">\n<h3><\/h3>\n<h3 class=\"heading-5 v-fw-regular feature-heading\"><strong>Caracter\u00edsticas<\/strong><\/h3>\n<ul>\n<li><strong>Calidad de audio<\/strong><br \/>\nLas personas que llaman lo escuchan a usted, no a su entorno, con un micr\u00f3fono dual con cancelaci\u00f3n de ruido con tecnolog\u00eda Acoustic Fence para bloquear el ruido de fondo en un brazo de micr\u00f3fono flexible<\/li>\n<li><strong>Compatibilidad<\/strong><br \/>\nMu\u00e9vase libremente con hasta 50 m\/164 pies de alcance inal\u00e1mbrico Bluetooth (con el adaptador USB BT700 incluido). Con\u00e9ctese a una computadora a trav\u00e9s del adaptador Bluetooth BT700, conexi\u00f3n Bluetooth en computadoras port\u00e1tiles compatibles o dispositivo m\u00f3vil a trav\u00e9s de Bluetooth 5.2.<\/li>\n<li><strong>Flexible, conveniente y vers\u00e1til<\/strong><br \/>\nIndicador de luz en l\u00ednea para que otros sepan cuando est\u00e1s en una llamada. \u00daselo como un auricular inal\u00e1mbrico con hasta 24 horas de tiempo de conversaci\u00f3n, o como un auricular con cable con modo de auricular USB con audio a trav\u00e9s de USB.<\/li>\n<li><strong>Comodidad<\/strong><br \/>\nDise\u00f1ado para brindar comodidad con una diadema acolchada mejorada y ajustable y almohadillas de espuma viscoel\u00e1stica.<\/li>\n<li><strong>estilo de uso<\/strong><br \/>\nAuriculares livianos de un solo o\u00eddo dise\u00f1ados para realizar m\u00faltiples tareas. Disfruta de todo el d\u00eda gracias a una diadema acolchada c\u00f3moda y ajustable.<\/li>\n<li><strong>Integraci\u00f3n<\/strong><br \/>\nInicie Microsoft Teams al instante gracias a la experiencia nativa completa de Teams con un bot\u00f3n de Teams dedicado en los auriculares<\/li>\n<li><strong>Ideal para<\/strong><br \/>\nTrabajadores h\u00edbridos que necesitan una soluci\u00f3n asequible para conectarse en casa y en la oficina, camioneros y conductores comerciales que necesitan un micr\u00f3fono con cancelaci\u00f3n de ruido para comunicarse en la cabina en la carretera<\/li>\n<\/ul>\n<\/div>\n","protected":false},"excerpt":{"rendered":"<p>Lib\u00e9rese de su escritorio con los auriculares inal\u00e1mbricos Bluetooth perfectos.\u00a0Conozca Plantronics by Poly Voyager 4310. Es todo lo que necesita para mantenerse productivo y conectado a todos sus dispositivos, ya<\/p>\n","protected":false},"featured_media":84224,"comment_status":"open","ping_status":"closed","template":"","meta":{"_acf_changed":false,"_joinchat":[]},"product_brand":[],"product_cat":[294,300,304],"product_tag":[],"class_list":{"0":"post-84222","1":"product","2":"type-product","3":"status-publish","4":"has-post-thumbnail","6":"product_cat-audio","7":"product_cat-audifonos","8":"product_cat-inalambricos","10":"first","11":"instock","12":"sale","13":"shipping-taxable","14":"purchasable","15":"product-type-simple"},"acf":[],"_links":{"self":[{"href":"https:\/\/defabrica.com.mx\/defabrica\/wp-json\/wp\/v2\/product\/84222","targetHints":{"allow":["GET"]}}],"collection":[{"href":"https:\/\/defabrica.com.mx\/defabrica\/wp-json\/wp\/v2\/product"}],"about":[{"href":"https:\/\/defabrica.com.mx\/defabrica\/wp-json\/wp\/v2\/types\/product"}],"replies":[{"embeddable":true,"href":"https:\/\/defabrica.com.mx\/defabrica\/wp-json\/wp\/v2\/comments?post=84222"}],"wp:featuredmedia":[{"embeddable":true,"href":"https:\/\/defabrica.com.mx\/defabrica\/wp-json\/wp\/v2\/media\/84224"}],"wp:attachment":[{"href":"https:\/\/defabrica.com.mx\/defabrica\/wp-json\/wp\/v2\/media?parent=84222"}],"wp:term":[{"taxonomy":"product_brand","embeddable":true,"href":"https:\/\/defabrica.com.mx\/defabrica\/wp-json\/wp\/v2\/product_brand?post=84222"},{"taxonomy":"product_cat","embeddable":true,"href":"https:\/\/defabrica.com.mx\/defabrica\/wp-json\/wp\/v2\/product_cat?post=84222"},{"taxonomy":"product_tag","embeddable":true,"href":"https:\/\/defabrica.com.mx\/defabrica\/wp-json\/wp\/v2\/product_tag?post=84222"}],"curies":[{"name":"wp","href":"https:\/\/api.w.org\/{rel}","templated":true}]}}