{"id":84218,"date":"2022-06-21T20:44:08","date_gmt":"2022-06-22T01:44:08","guid":{"rendered":"https:\/\/defabrica.com.mx\/defabrica\/?post_type=product&#038;p=84218"},"modified":"2023-01-17T11:21:29","modified_gmt":"2023-01-17T17:21:29","slug":"presonus-auriculares-con-cable-para-monitoreo-profesional-negro","status":"publish","type":"product","link":"https:\/\/defabrica.com.mx\/defabrica\/producto\/presonus-auriculares-con-cable-para-monitoreo-profesional-negro\/","title":{"rendered":"PreSonus &#8211; Auriculares con cable para monitoreo profesional &#8211; Negro"},"content":{"rendered":"<p>\u00a1Auriculares de gama completa con graves potentes!\u00a0Los auriculares HD7 de alta definici\u00f3n de PreSonus aprovechan una c\u00e1mara de sonido semiabierta patentada para ofrecer frecuencias bajas excepcionalmente profundas con un golpe de graves equilibrado pero potente.\u00a0La respuesta precisa de rango medio y agudos extendidos le permite seleccionar los detalles finos de una mezcla o pista.\u00a0El dise\u00f1o liviano y ergon\u00f3mico se ajusta a cualquier tama\u00f1o de cabeza y ofrece una experiencia auditiva c\u00f3moda durante largas sesiones de grabaci\u00f3n.\u00a0Ya sea que est\u00e9 monitoreando, rastreando, mezclando o simplemente escuchando por placer, puede esperar un rendimiento s\u00f3nico impresionante de sus auriculares HD7.<\/p>\n<h3><\/h3>\n<h3 class=\"heading-5 v-fw-regular feature-heading\"><strong>Caracter\u00edsticas<\/strong><\/h3>\n<ul>\n<li><strong>Tecnolog\u00eda de conectividad: Al\u00e1mbrico<\/strong><\/li>\n<li><strong>Longitud del cable: 8,20 pies<\/strong><\/li>\n<li><strong>Modo de sonido: est\u00e9reo<\/strong><\/li>\n<li><strong>Impedancia: 32 ohmios<\/strong><\/li>\n<li><strong>Respuesta de frecuencia m\u00ednima: 10 Hz<\/strong><\/li>\n<li><strong>Respuesta de frecuencia m\u00e1xima: 30 kHz<\/strong><\/li>\n<li><strong>Revestimiento del conector: chapado en oro<\/strong><\/li>\n<li><strong>Caracter\u00edsticas: cable desmontable, duradero, ligero, salida de cable \u00fanico<\/strong><\/li>\n<li><strong>Dise\u00f1o del auricular: Sobre la cabeza<\/strong><\/li>\n<li><strong>Tipo de auricular: Binaural<\/strong><\/li>\n<li><strong>Tama\u00f1o del controlador: 1.97&#8243;<\/strong><\/li>\n<li><strong>Interfaz de host: Mini-tel\u00e9fono<\/strong><\/li>\n<li><strong>Material: Cuero<\/strong><\/li>\n<li><strong>Factor de forma: Circumaural<\/strong><\/li>\n<li><strong>Peso (Aproximado): 7.80 oz<\/strong><\/li>\n<\/ul>\n","protected":false},"excerpt":{"rendered":"<p>\u00a1Auriculares de gama completa con graves potentes!\u00a0Los auriculares HD7 de alta definici\u00f3n de PreSonus aprovechan una c\u00e1mara de sonido semiabierta patentada para ofrecer frecuencias bajas excepcionalmente profundas con un golpe<\/p>\n","protected":false},"featured_media":84220,"comment_status":"open","ping_status":"closed","template":"","meta":{"_acf_changed":false,"_joinchat":[]},"product_brand":[],"product_cat":[294,300,736],"product_tag":[],"class_list":{"0":"post-84218","1":"product","2":"type-product","3":"status-publish","4":"has-post-thumbnail","6":"product_cat-audio","7":"product_cat-audifonos","8":"product_cat-alambricos","10":"first","11":"instock","12":"sale","13":"shipping-taxable","14":"purchasable","15":"product-type-simple"},"acf":[],"_links":{"self":[{"href":"https:\/\/defabrica.com.mx\/defabrica\/wp-json\/wp\/v2\/product\/84218","targetHints":{"allow":["GET"]}}],"collection":[{"href":"https:\/\/defabrica.com.mx\/defabrica\/wp-json\/wp\/v2\/product"}],"about":[{"href":"https:\/\/defabrica.com.mx\/defabrica\/wp-json\/wp\/v2\/types\/product"}],"replies":[{"embeddable":true,"href":"https:\/\/defabrica.com.mx\/defabrica\/wp-json\/wp\/v2\/comments?post=84218"}],"wp:featuredmedia":[{"embeddable":true,"href":"https:\/\/defabrica.com.mx\/defabrica\/wp-json\/wp\/v2\/media\/84220"}],"wp:attachment":[{"href":"https:\/\/defabrica.com.mx\/defabrica\/wp-json\/wp\/v2\/media?parent=84218"}],"wp:term":[{"taxonomy":"product_brand","embeddable":true,"href":"https:\/\/defabrica.com.mx\/defabrica\/wp-json\/wp\/v2\/product_brand?post=84218"},{"taxonomy":"product_cat","embeddable":true,"href":"https:\/\/defabrica.com.mx\/defabrica\/wp-json\/wp\/v2\/product_cat?post=84218"},{"taxonomy":"product_tag","embeddable":true,"href":"https:\/\/defabrica.com.mx\/defabrica\/wp-json\/wp\/v2\/product_tag?post=84218"}],"curies":[{"name":"wp","href":"https:\/\/api.w.org\/{rel}","templated":true}]}}